{"id":52897,"date":"2025-06-12T20:44:51","date_gmt":"2025-06-12T20:44:51","guid":{"rendered":"https:\/\/senabel.com\/?post_type=product&#038;p=52897"},"modified":"2025-07-22T17:53:40","modified_gmt":"2025-07-22T17:53:40","slug":"tutti-frutti-juice-squeeze-12-portionspasar","status":"publish","type":"product","link":"https:\/\/senabel.com\/sv\/product\/tutti-frutti-juice-squeeze-12-sachets\/","title":{"rendered":"Squeeze Tutti Fruity Berry Juice - 12 f\u00f6rpackningar"},"content":{"rendered":"<p data-start=\"139\" data-end=\"201\"><strong data-start=\"139\" data-end=\"201\">Squeeze Squeeze - Tutti Fruity Juice (blandad frukt) - 12 f\u00f6rpackningar<\/strong><\/p>\n<p data-start=\"203\" data-end=\"396\">Blandad fruktsmak som du aldrig har smakat f\u00f6rut! Squeeze \u00e4r en koncentrerad juice med smak av hallon, jordgubbar, k\u00f6rsb\u00e4r och andra skogsfrukter och levereras i en f\u00f6rpackning med 12 kuvert, som var och en rymmer en hel liter friskhet.<\/p>\n<p data-start=\"398\" data-end=\"416\"><strong data-start=\"398\" data-end=\"416\">Produktens egenskaper:<\/strong><\/p>\n<ul data-start=\"418\" data-end=\"587\">\n<li data-start=\"418\" data-end=\"450\">\n<p data-start=\"420\" data-end=\"450\">Tutti Fruttis karakteristiska och uppfriskande smak<\/p>\n<\/li>\n<li data-start=\"451\" data-end=\"497\">\n<p data-start=\"453\" data-end=\"497\">12 koncentratburkar - varje burk ger 1 liter juice<\/p>\n<\/li>\n<li data-start=\"498\" data-end=\"540\">\n<p data-start=\"500\" data-end=\"540\">L\u00e4tt att tillaga och perfekt f\u00f6r hela familjen<\/p>\n<\/li>\n<li data-start=\"541\" data-end=\"587\">\n<p data-start=\"543\" data-end=\"587\">Idealisk f\u00f6r kall servering vid evenemang och p\u00e5 resor<\/p>\n<\/li>\n<\/ul>\n<p data-start=\"589\" data-end=\"680\"><strong data-start=\"589\" data-end=\"606\">Nettovikt:<\/strong> 360g (12 x 30g)<br data-start=\"626\" data-end=\"629\" \/><strong data-start=\"629\" data-end=\"640\">Smaken:<\/strong> Tutti Frutti - Blandade frukter<\/p>\n<p data-start=\"682\" data-end=\"772\"><strong data-start=\"682\" data-end=\"700\">Metoden f\u00f6r beredning:<\/strong><br data-start=\"700\" data-end=\"703\" \/>Tills\u00e4tt inneh\u00e5llet i kuvertet till 1 liter kallt vatten, r\u00f6r om v\u00e4l och servera kallt.<\/p>\n<p data-start=\"774\" data-end=\"821\"><strong data-start=\"774\" data-end=\"821\">Squeeze Tutti Fruity... varje klunk med en ny fruktsmak.<\/strong><\/p>","protected":false},"excerpt":{"rendered":"<p>Blandad fruktsmak som du aldrig har smakat f\u00f6rut Koncentrerad juice med smak av hallon, jordgubbar, k\u00f6rsb\u00e4r och andra skogsfrukter fr\u00e5n Squeeze levereras i en f\u00f6rpackning med 12 kuvert, som var och en ger en hel liter friskhet.<\/p>","protected":false},"featured_media":52898,"template":"","meta":[],"product_brand":[],"product_cat":[430,347],"product_tag":[],"class_list":{"0":"post-52897","1":"product","2":"type-product","3":"status-publish","4":"has-post-thumbnail","6":"product_cat-430","7":"product_cat-347","9":"first","10":"outofstock","11":"taxable","12":"shipping-taxable","13":"purchasable","14":"product-type-simple"},"_links":{"self":[{"href":"https:\/\/senabel.com\/sv\/wp-json\/wp\/v2\/product\/52897","targetHints":{"allow":["GET"]}}],"collection":[{"href":"https:\/\/senabel.com\/sv\/wp-json\/wp\/v2\/product"}],"about":[{"href":"https:\/\/senabel.com\/sv\/wp-json\/wp\/v2\/types\/product"}],"version-history":[{"count":1,"href":"https:\/\/senabel.com\/sv\/wp-json\/wp\/v2\/product\/52897\/revisions"}],"predecessor-version":[{"id":52899,"href":"https:\/\/senabel.com\/sv\/wp-json\/wp\/v2\/product\/52897\/revisions\/52899"}],"wp:featuredmedia":[{"embeddable":true,"href":"https:\/\/senabel.com\/sv\/wp-json\/wp\/v2\/media\/52898"}],"wp:attachment":[{"href":"https:\/\/senabel.com\/sv\/wp-json\/wp\/v2\/media?parent=52897"}],"wp:term":[{"taxonomy":"product_brand","embeddable":true,"href":"https:\/\/senabel.com\/sv\/wp-json\/wp\/v2\/product_brand?post=52897"},{"taxonomy":"product_cat","embeddable":true,"href":"https:\/\/senabel.com\/sv\/wp-json\/wp\/v2\/product_cat?post=52897"},{"taxonomy":"product_tag","embeddable":true,"href":"https:\/\/senabel.com\/sv\/wp-json\/wp\/v2\/product_tag?post=52897"}],"curies":[{"name":"wp","href":"https:\/\/api.w.org\/{rel}","templated":true}]}}