{"id":52894,"date":"2025-06-12T20:43:13","date_gmt":"2025-06-12T20:43:13","guid":{"rendered":"https:\/\/senabel.com\/?post_type=product&#038;p=52894"},"modified":"2025-07-22T17:53:40","modified_gmt":"2025-07-22T17:53:40","slug":"pressa-koncentrerad-citronsaft-12-portionspasar","status":"publish","type":"product","link":"https:\/\/senabel.com\/sv\/product\/squeeze-concentrated-lemon-juice-12-sachets\/","title":{"rendered":"Squeeze Lemonade Koncentrat - 12-pack"},"content":{"rendered":"<p data-start=\"135\" data-end=\"183\"><strong data-start=\"135\" data-end=\"183\">Squeeze Squeeze - Lemonadkoncentrat - 12-pack<\/strong><\/p>\n<p data-start=\"185\" data-end=\"361\">Naturligt uppfriskande och smaksatt med lime med Squeeze. En f\u00f6rpackning med 12 koncentrerade kuvert som var och en ger en hel liter juice, perfekt f\u00f6r sommardagar eller som ett uppfriskande tillbeh\u00f6r till m\u00e5ltider.<\/p>\n<p data-start=\"363\" data-end=\"381\"><strong data-start=\"363\" data-end=\"381\">Produktens egenskaper:<\/strong><\/p>\n<ul data-start=\"383\" data-end=\"514\">\n<li data-start=\"383\" data-end=\"411\">\n<p data-start=\"385\" data-end=\"411\">Frisk och naturlig citronsmak<\/p>\n<\/li>\n<li data-start=\"412\" data-end=\"453\">\n<p data-start=\"414\" data-end=\"453\">12 kuvert koncentrat - varje kuvert ger 1 liter juice<\/p>\n<\/li>\n<li data-start=\"454\" data-end=\"475\">\n<p data-start=\"456\" data-end=\"475\">Praktiskt och l\u00e4tt att f\u00f6rbereda<\/p>\n<\/li>\n<li data-start=\"476\" data-end=\"514\">\n<p data-start=\"478\" data-end=\"514\">L\u00e4mplig f\u00f6r familjen, resan eller g\u00e4stfriheten<\/p>\n<\/li>\n<\/ul>\n<p data-start=\"516\" data-end=\"573\"><strong data-start=\"516\" data-end=\"533\">Nettovikt:<\/strong> 360g (12 x 30g)<br data-start=\"553\" data-end=\"556\" \/><strong data-start=\"556\" data-end=\"567\">Smaken:<\/strong> Citron<\/p>\n<p data-start=\"575\" data-end=\"667\"><strong data-start=\"575\" data-end=\"593\">Metoden f\u00f6r beredning:<\/strong><br data-start=\"593\" data-end=\"596\" \/>Tills\u00e4tt inneh\u00e5llet i kuvertet till en liter kallt vatten, r\u00f6r om v\u00e4l och servera kallt.<\/p>\n<p data-start=\"669\" data-end=\"713\"><strong data-start=\"669\" data-end=\"713\">Squeeze Lemon... en uppfriskande citrussmak med en fylligare smak.<\/strong><\/p>","protected":false},"excerpt":{"rendered":"<p>Naturligt uppfriskande och smaksatt med lime med Squeeze. En f\u00f6rpackning med 12 koncentrerade kuvert som var och en ger en hel liter juice, perfekt f\u00f6r sommardagar eller som ett uppfriskande tillbeh\u00f6r till m\u00e5ltider.<\/p>","protected":false},"featured_media":52895,"template":"","meta":[],"product_brand":[],"product_cat":[430,347],"product_tag":[],"class_list":{"0":"post-52894","1":"product","2":"type-product","3":"status-publish","4":"has-post-thumbnail","6":"product_cat-430","7":"product_cat-347","9":"first","10":"outofstock","11":"taxable","12":"shipping-taxable","13":"purchasable","14":"product-type-simple"},"_links":{"self":[{"href":"https:\/\/senabel.com\/sv\/wp-json\/wp\/v2\/product\/52894","targetHints":{"allow":["GET"]}}],"collection":[{"href":"https:\/\/senabel.com\/sv\/wp-json\/wp\/v2\/product"}],"about":[{"href":"https:\/\/senabel.com\/sv\/wp-json\/wp\/v2\/types\/product"}],"version-history":[{"count":1,"href":"https:\/\/senabel.com\/sv\/wp-json\/wp\/v2\/product\/52894\/revisions"}],"predecessor-version":[{"id":52896,"href":"https:\/\/senabel.com\/sv\/wp-json\/wp\/v2\/product\/52894\/revisions\/52896"}],"wp:featuredmedia":[{"embeddable":true,"href":"https:\/\/senabel.com\/sv\/wp-json\/wp\/v2\/media\/52895"}],"wp:attachment":[{"href":"https:\/\/senabel.com\/sv\/wp-json\/wp\/v2\/media?parent=52894"}],"wp:term":[{"taxonomy":"product_brand","embeddable":true,"href":"https:\/\/senabel.com\/sv\/wp-json\/wp\/v2\/product_brand?post=52894"},{"taxonomy":"product_cat","embeddable":true,"href":"https:\/\/senabel.com\/sv\/wp-json\/wp\/v2\/product_cat?post=52894"},{"taxonomy":"product_tag","embeddable":true,"href":"https:\/\/senabel.com\/sv\/wp-json\/wp\/v2\/product_tag?post=52894"}],"curies":[{"name":"wp","href":"https:\/\/api.w.org\/{rel}","templated":true}]}}