{"id":52890,"date":"2025-06-12T20:41:10","date_gmt":"2025-06-12T20:41:10","guid":{"rendered":"https:\/\/senabel.com\/?post_type=product&#038;p=52890"},"modified":"2025-09-22T16:13:13","modified_gmt":"2025-09-22T16:13:13","slug":"squeeze-jordgubbsjuicekoncentrat-12-dospasar","status":"publish","type":"product","link":"https:\/\/senabel.com\/sv\/product\/squeeze-strawberry-juice-concentrate-12-sachets\/","title":{"rendered":"Squeeze jordgubbsjuicekoncentrat - 12-pack"},"content":{"rendered":"<p data-start=\"143\" data-end=\"192\"><strong data-start=\"143\" data-end=\"192\">Squeeze Squeeze - Jordgubbsjuicekoncentrat - 12-pack<\/strong><\/p>\n<p data-start=\"194\" data-end=\"360\">Njut av uppfriskande fruktsmaker med Squeeze Strawberry Juice. Ett snabbt och enkelt dryckeskoncentrat som kommer i en f\u00f6rpackning med 12 paket, varje paket ger en hel liter uts\u00f6kt juice.<\/p>\n<p data-start=\"362\" data-end=\"380\"><strong data-start=\"362\" data-end=\"380\">Produktens egenskaper:<\/strong><\/p>\n<ul data-start=\"382\" data-end=\"546\">\n<li data-start=\"382\" data-end=\"419\">\n<p data-start=\"384\" data-end=\"419\">Rik jordgubbssmak med en naturlig och uppfriskande smak<\/p>\n<\/li>\n<li data-start=\"420\" data-end=\"466\">\n<p data-start=\"422\" data-end=\"466\">F\u00f6rpackning med 12 koncentratf\u00f6rpackningar (1 liter per f\u00f6rpackning)<\/p>\n<\/li>\n<li data-start=\"467\" data-end=\"509\">\n<p data-start=\"469\" data-end=\"509\">L\u00e4tt att tillaga, l\u00e4mplig f\u00f6r hela familjen<\/p>\n<\/li>\n<li data-start=\"510\" data-end=\"546\">\n<p data-start=\"512\" data-end=\"546\">Ekonomisk och perfekt f\u00f6r hemmet eller picknicken<\/p>\n<\/li>\n<\/ul>\n<p data-start=\"548\" data-end=\"614\"><strong data-start=\"548\" data-end=\"565\">Nettovikt:<\/strong> 360g (12 x 30g)<br data-start=\"585\" data-end=\"588\" \/><strong data-start=\"588\" data-end=\"599\">Smaken:<\/strong> Jordgubbe (Frys)<\/p>\n<p data-start=\"616\" data-end=\"703\"><strong data-start=\"616\" data-end=\"634\">Metoden f\u00f6r beredning:<\/strong><br data-start=\"634\" data-end=\"637\" \/>Tills\u00e4tt inneh\u00e5llet i kuvertet till en liter kallt vatten, r\u00f6r om v\u00e4l och servera kallt.<\/p>\n<p data-start=\"705\" data-end=\"746\"><strong data-start=\"705\" data-end=\"746\">Squeeze Strawberry...rikare smak, l\u00e5ngvarig fr\u00e4sch\u00f6r.<\/strong><\/p>","protected":false},"excerpt":{"rendered":"<p>Njut av uppfriskande fruktsmaker med Squeeze Strawberry Juice. Ett snabbt och enkelt dryckeskoncentrat som kommer i en f\u00f6rpackning med 12 paket, varje paket ger en hel liter uts\u00f6kt juice.<\/p>","protected":false},"featured_media":52891,"template":"","meta":[],"product_brand":[],"product_cat":[430,347],"product_tag":[],"class_list":{"0":"post-52890","1":"product","2":"type-product","3":"status-publish","4":"has-post-thumbnail","6":"product_cat-430","7":"product_cat-347","9":"first","10":"outofstock","11":"taxable","12":"shipping-taxable","13":"purchasable","14":"product-type-simple"},"_links":{"self":[{"href":"https:\/\/senabel.com\/sv\/wp-json\/wp\/v2\/product\/52890","targetHints":{"allow":["GET"]}}],"collection":[{"href":"https:\/\/senabel.com\/sv\/wp-json\/wp\/v2\/product"}],"about":[{"href":"https:\/\/senabel.com\/sv\/wp-json\/wp\/v2\/types\/product"}],"version-history":[{"count":2,"href":"https:\/\/senabel.com\/sv\/wp-json\/wp\/v2\/product\/52890\/revisions"}],"predecessor-version":[{"id":52893,"href":"https:\/\/senabel.com\/sv\/wp-json\/wp\/v2\/product\/52890\/revisions\/52893"}],"wp:featuredmedia":[{"embeddable":true,"href":"https:\/\/senabel.com\/sv\/wp-json\/wp\/v2\/media\/52891"}],"wp:attachment":[{"href":"https:\/\/senabel.com\/sv\/wp-json\/wp\/v2\/media?parent=52890"}],"wp:term":[{"taxonomy":"product_brand","embeddable":true,"href":"https:\/\/senabel.com\/sv\/wp-json\/wp\/v2\/product_brand?post=52890"},{"taxonomy":"product_cat","embeddable":true,"href":"https:\/\/senabel.com\/sv\/wp-json\/wp\/v2\/product_cat?post=52890"},{"taxonomy":"product_tag","embeddable":true,"href":"https:\/\/senabel.com\/sv\/wp-json\/wp\/v2\/product_tag?post=52890"}],"curies":[{"name":"wp","href":"https:\/\/api.w.org\/{rel}","templated":true}]}}