{"id":52886,"date":"2025-06-12T20:38:24","date_gmt":"2025-06-12T20:38:24","guid":{"rendered":"https:\/\/senabel.com\/?post_type=product&#038;p=52886"},"modified":"2025-09-22T16:13:13","modified_gmt":"2025-09-22T16:13:13","slug":"pressad-koncentrerad-apelsinjuice-12-portionspasar","status":"publish","type":"product","link":"https:\/\/senabel.com\/sv\/product\/squeeze-concentrated-orange-juice-12-sachets\/","title":{"rendered":"Squeeze apelsinjuicekoncentrat - 12 f\u00f6rpackningar"},"content":{"rendered":"<p data-start=\"122\" data-end=\"167\"><strong data-start=\"122\" data-end=\"167\">Squeeze Squeeze - Apelsinjuicekoncentrat - 12-pack<\/strong><\/p>\n<p data-start=\"169\" data-end=\"333\">Njut av den naturliga och uppfriskande smaken av apelsin med Squeeze. En koncentrerad dryck som \u00e4r snabb och enkel att tillreda, den kommer i en f\u00f6rpackning med 12 f\u00f6rpackningar, varje f\u00f6rpackning motsvarar en liter uts\u00f6kt juice.<\/p>\n<p data-start=\"335\" data-end=\"353\"><strong data-start=\"335\" data-end=\"353\">Produktens egenskaper:<\/strong><\/p>\n<ul data-start=\"355\" data-end=\"506\">\n<li data-start=\"355\" data-end=\"392\">\n<p data-start=\"357\" data-end=\"392\">Naturlig apelsinsmak med en fyllig och uppfriskande smak<\/p>\n<\/li>\n<li data-start=\"393\" data-end=\"423\">\n<p data-start=\"395\" data-end=\"423\">F\u00f6rpackning med 12 kuvert med koncentrat<\/p>\n<\/li>\n<li data-start=\"424\" data-end=\"457\">\n<p data-start=\"426\" data-end=\"457\">Varje kuvert ger 1 liter juice<\/p>\n<\/li>\n<li data-start=\"458\" data-end=\"506\">\n<p data-start=\"460\" data-end=\"506\">Praktisk och enkel att anv\u00e4nda b\u00e5de hemma och p\u00e5 resan<\/p>\n<\/li>\n<\/ul>\n<p data-start=\"508\" data-end=\"568\"><strong data-start=\"508\" data-end=\"525\">Nettovikt:<\/strong> 360g (12 x 30g)<br data-start=\"545\" data-end=\"548\" \/><strong data-start=\"548\" data-end=\"559\">Smaken:<\/strong> Apelsiner<\/p>\n<p data-start=\"570\" data-end=\"664\"><strong data-start=\"570\" data-end=\"588\">Metoden f\u00f6r beredning:<\/strong><br data-start=\"588\" data-end=\"591\" \/>Tills\u00e4tt inneh\u00e5llet i kuvertet till 1 liter kallt vatten, r\u00f6r om v\u00e4l och servera kallt.<\/p>\n<p data-start=\"666\" data-end=\"708\"><strong data-start=\"666\" data-end=\"708\">Squeeze Orange... Uppfriskande energi med en rikare smak.<\/strong><\/p>","protected":false},"excerpt":{"rendered":"<p>Njut av den naturliga och uppfriskande smaken av apelsin med Squeeze. En koncentrerad dryck som \u00e4r snabb och enkel att tillreda, den kommer i en f\u00f6rpackning med 12 f\u00f6rpackningar, varje f\u00f6rpackning motsvarar en liter uts\u00f6kt juice.<\/p>","protected":false},"featured_media":52887,"template":"","meta":[],"product_brand":[],"product_cat":[430,347],"product_tag":[],"class_list":{"0":"post-52886","1":"product","2":"type-product","3":"status-publish","4":"has-post-thumbnail","6":"product_cat-430","7":"product_cat-347","9":"first","10":"outofstock","11":"taxable","12":"shipping-taxable","13":"purchasable","14":"product-type-simple"},"_links":{"self":[{"href":"https:\/\/senabel.com\/sv\/wp-json\/wp\/v2\/product\/52886","targetHints":{"allow":["GET"]}}],"collection":[{"href":"https:\/\/senabel.com\/sv\/wp-json\/wp\/v2\/product"}],"about":[{"href":"https:\/\/senabel.com\/sv\/wp-json\/wp\/v2\/types\/product"}],"version-history":[{"count":2,"href":"https:\/\/senabel.com\/sv\/wp-json\/wp\/v2\/product\/52886\/revisions"}],"predecessor-version":[{"id":52889,"href":"https:\/\/senabel.com\/sv\/wp-json\/wp\/v2\/product\/52886\/revisions\/52889"}],"wp:featuredmedia":[{"embeddable":true,"href":"https:\/\/senabel.com\/sv\/wp-json\/wp\/v2\/media\/52887"}],"wp:attachment":[{"href":"https:\/\/senabel.com\/sv\/wp-json\/wp\/v2\/media?parent=52886"}],"wp:term":[{"taxonomy":"product_brand","embeddable":true,"href":"https:\/\/senabel.com\/sv\/wp-json\/wp\/v2\/product_brand?post=52886"},{"taxonomy":"product_cat","embeddable":true,"href":"https:\/\/senabel.com\/sv\/wp-json\/wp\/v2\/product_cat?post=52886"},{"taxonomy":"product_tag","embeddable":true,"href":"https:\/\/senabel.com\/sv\/wp-json\/wp\/v2\/product_tag?post=52886"}],"curies":[{"name":"wp","href":"https:\/\/api.w.org\/{rel}","templated":true}]}}