{"id":52877,"date":"2025-06-13T14:29:08","date_gmt":"2025-06-13T14:29:08","guid":{"rendered":"https:\/\/senabel.com\/?post_type=product&#038;p=52877"},"modified":"2025-10-11T13:10:42","modified_gmt":"2025-10-11T13:10:42","slug":"kokosbollar-220-g","status":"publish","type":"product","link":"https:\/\/senabel.com\/sv\/product\/coconut-balls-220-g\/","title":{"rendered":"Bollar av kokosn\u00f6t - 220g"},"content":{"rendered":"<p data-start=\"208\" data-end=\"391\">Mjuka p\u00e5 insidan och krispiga p\u00e5 utsidan med Delta Foods bakade kokosbollar. Ett traditionellt recept som kombinerar kokosflingor, socker och \u00e4gg f\u00f6r att skapa en l\u00e4tt dessert som passar perfekt till te eller kaffe.<\/p>\n<p data-start=\"393\" data-end=\"411\"><strong data-start=\"393\" data-end=\"411\">Produktens egenskaper:<\/strong><\/p>\n<ul data-start=\"413\" data-end=\"572\">\n<li data-start=\"413\" data-end=\"458\">\n<p data-start=\"415\" data-end=\"458\">Inneh\u00e5ller 13% naturliga kokosflingor<\/p>\n<\/li>\n<li data-start=\"459\" data-end=\"508\">\n<p data-start=\"461\" data-end=\"508\">Liten storlek perfekt f\u00f6r servering eller mellanm\u00e5l<\/p>\n<\/li>\n<li data-start=\"509\" data-end=\"536\">\n<p data-start=\"511\" data-end=\"536\">Fri fr\u00e5n konserveringsmedel<\/p>\n<\/li>\n<li data-start=\"537\" data-end=\"572\">\n<p data-start=\"539\" data-end=\"572\">Omsorgsfullt f\u00f6rpackade f\u00f6r att bevara f\u00e4rskheten<\/p>\n<\/li>\n<\/ul>\n<p data-start=\"574\" data-end=\"627\"><strong data-start=\"574\" data-end=\"591\">Nettovikt:<\/strong> 220 gram<br data-start=\"600\" data-end=\"603\" \/><strong data-start=\"603\" data-end=\"618\">Ursprungsland:<\/strong> Sverige<\/p>\n<p data-start=\"629\" data-end=\"649\"><strong data-start=\"629\" data-end=\"649\">F\u00f6rvaringsanvisningar:<\/strong><\/p>\n<ul data-start=\"651\" data-end=\"715\">\n<li data-start=\"651\" data-end=\"678\">\n<p data-start=\"653\" data-end=\"678\">F\u00f6rvaras p\u00e5 en sval och torr plats<\/p>\n<\/li>\n<li data-start=\"679\" data-end=\"715\">\n<p data-start=\"681\" data-end=\"715\">Konsumeras inom n\u00e5gra dagar efter att f\u00f6rpackningen \u00f6ppnats<\/p>\n<\/li>\n<\/ul>\n<p data-start=\"717\" data-end=\"777\"><strong data-start=\"717\" data-end=\"777\">Delta Food - Coco Rochers... en enkel s\u00f6tma med en hemtrevlig smak.<\/strong><\/p>","protected":false},"excerpt":{"rendered":"<p>Mjuka p\u00e5 insidan och krispiga p\u00e5 utsidan med Delta Foods bakade kokosbollar. Ett traditionellt recept som kombinerar kokosflingor, socker och \u00e4gg f\u00f6r att skapa en l\u00e4tt dessert som passar perfekt till te eller kaffe.<\/p>","protected":false},"featured_media":52878,"template":"","meta":[],"product_brand":[],"product_cat":[347,220,221],"product_tag":[],"class_list":{"0":"post-52877","1":"product","2":"type-product","3":"status-publish","4":"has-post-thumbnail","6":"product_cat-347","7":"product_cat-220","8":"product_cat-221","10":"first","11":"outofstock","12":"taxable","13":"shipping-taxable","14":"purchasable","15":"product-type-simple"},"_links":{"self":[{"href":"https:\/\/senabel.com\/sv\/wp-json\/wp\/v2\/product\/52877","targetHints":{"allow":["GET"]}}],"collection":[{"href":"https:\/\/senabel.com\/sv\/wp-json\/wp\/v2\/product"}],"about":[{"href":"https:\/\/senabel.com\/sv\/wp-json\/wp\/v2\/types\/product"}],"version-history":[{"count":1,"href":"https:\/\/senabel.com\/sv\/wp-json\/wp\/v2\/product\/52877\/revisions"}],"predecessor-version":[{"id":52879,"href":"https:\/\/senabel.com\/sv\/wp-json\/wp\/v2\/product\/52877\/revisions\/52879"}],"wp:featuredmedia":[{"embeddable":true,"href":"https:\/\/senabel.com\/sv\/wp-json\/wp\/v2\/media\/52878"}],"wp:attachment":[{"href":"https:\/\/senabel.com\/sv\/wp-json\/wp\/v2\/media?parent=52877"}],"wp:term":[{"taxonomy":"product_brand","embeddable":true,"href":"https:\/\/senabel.com\/sv\/wp-json\/wp\/v2\/product_brand?post=52877"},{"taxonomy":"product_cat","embeddable":true,"href":"https:\/\/senabel.com\/sv\/wp-json\/wp\/v2\/product_cat?post=52877"},{"taxonomy":"product_tag","embeddable":true,"href":"https:\/\/senabel.com\/sv\/wp-json\/wp\/v2\/product_tag?post=52877"}],"curies":[{"name":"wp","href":"https:\/\/api.w.org\/{rel}","templated":true}]}}