{"id":52873,"date":"2025-06-13T14:28:44","date_gmt":"2025-06-13T14:28:44","guid":{"rendered":"https:\/\/senabel.com\/?post_type=product&#038;p=52873"},"modified":"2025-09-10T10:06:23","modified_gmt":"2025-09-10T10:06:23","slug":"kokosnotsbollar-350g","status":"publish","type":"product","link":"https:\/\/senabel.com\/sv\/product\/coconut-balls-350g\/","title":{"rendered":"Bollar av kokosn\u00f6t - 350g"},"content":{"rendered":"<p data-start=\"206\" data-end=\"382\">Njut av en gyllene konsistens och rik smak med Delta Foods bakade kokosbollar. Ett traditionellt svenskt recept med kokosflingor, socker och \u00e4gg f\u00f6r en smakrik upplevelse som passar perfekt till te eller kaffe.<\/p>\n<p data-start=\"384\" data-end=\"402\"><strong data-start=\"384\" data-end=\"402\">Produktens egenskaper:<\/strong><\/p>\n<ul data-start=\"404\" data-end=\"545\">\n<li data-start=\"404\" data-end=\"432\">\n<p data-start=\"406\" data-end=\"432\">13% Naturliga kokosflingor<\/p>\n<\/li>\n<li data-start=\"433\" data-end=\"476\">\n<p data-start=\"435\" data-end=\"476\">Mjuk p\u00e5 insidan och krispig p\u00e5 kanterna<\/p>\n<\/li>\n<li data-start=\"477\" data-end=\"503\">\n<p data-start=\"479\" data-end=\"503\">Fri fr\u00e5n konserveringsmedel<\/p>\n<\/li>\n<li data-start=\"504\" data-end=\"545\">\n<p data-start=\"506\" data-end=\"545\">F\u00f6rpackad f\u00f6r att bevara f\u00e4rskhet och smak<\/p>\n<\/li>\n<\/ul>\n<p data-start=\"547\" data-end=\"600\"><strong data-start=\"547\" data-end=\"564\">Nettovikt:<\/strong> 350g<br data-start=\"573\" data-end=\"576\" \/><strong data-start=\"576\" data-end=\"591\">Ursprungsland:<\/strong> Sverige<\/p>\n<p data-start=\"602\" data-end=\"622\"><strong data-start=\"602\" data-end=\"622\">F\u00f6rvaringsanvisningar:<\/strong><\/p>\n<ul data-start=\"624\" data-end=\"689\">\n<li data-start=\"624\" data-end=\"651\">\n<p data-start=\"626\" data-end=\"651\">F\u00f6rvaras p\u00e5 en sval och torr plats<\/p>\n<\/li>\n<li data-start=\"652\" data-end=\"689\">\n<p data-start=\"654\" data-end=\"689\">Konsumeras inom en kort period efter \u00f6ppnandet<\/p>\n<\/li>\n<\/ul>\n<p data-start=\"691\" data-end=\"756\"><strong data-start=\"691\" data-end=\"756\">Coco Rochers by Delta Food... Svensk smak med en \u00e4lskad orientalisk twist.<\/strong><\/p>","protected":false},"excerpt":{"rendered":"<p>Njut av en gyllene konsistens och rik smak med Delta Foods bakade kokosbollar. Ett traditionellt svenskt recept med kokosflingor, socker och \u00e4gg f\u00f6r en smakrik upplevelse som passar perfekt till te eller kaffe.<\/p>","protected":false},"featured_media":52874,"template":"","meta":[],"product_brand":[],"product_cat":[347,220,221],"product_tag":[],"class_list":{"0":"post-52873","1":"product","2":"type-product","3":"status-publish","4":"has-post-thumbnail","6":"product_cat-347","7":"product_cat-220","8":"product_cat-221","10":"first","11":"outofstock","12":"taxable","13":"shipping-taxable","14":"purchasable","15":"product-type-simple"},"_links":{"self":[{"href":"https:\/\/senabel.com\/sv\/wp-json\/wp\/v2\/product\/52873","targetHints":{"allow":["GET"]}}],"collection":[{"href":"https:\/\/senabel.com\/sv\/wp-json\/wp\/v2\/product"}],"about":[{"href":"https:\/\/senabel.com\/sv\/wp-json\/wp\/v2\/types\/product"}],"version-history":[{"count":3,"href":"https:\/\/senabel.com\/sv\/wp-json\/wp\/v2\/product\/52873\/revisions"}],"predecessor-version":[{"id":53427,"href":"https:\/\/senabel.com\/sv\/wp-json\/wp\/v2\/product\/52873\/revisions\/53427"}],"wp:featuredmedia":[{"embeddable":true,"href":"https:\/\/senabel.com\/sv\/wp-json\/wp\/v2\/media\/52874"}],"wp:attachment":[{"href":"https:\/\/senabel.com\/sv\/wp-json\/wp\/v2\/media?parent=52873"}],"wp:term":[{"taxonomy":"product_brand","embeddable":true,"href":"https:\/\/senabel.com\/sv\/wp-json\/wp\/v2\/product_brand?post=52873"},{"taxonomy":"product_cat","embeddable":true,"href":"https:\/\/senabel.com\/sv\/wp-json\/wp\/v2\/product_cat?post=52873"},{"taxonomy":"product_tag","embeddable":true,"href":"https:\/\/senabel.com\/sv\/wp-json\/wp\/v2\/product_tag?post=52873"}],"curies":[{"name":"wp","href":"https:\/\/api.w.org\/{rel}","templated":true}]}}