{"id":52853,"date":"2025-06-12T09:59:15","date_gmt":"2025-06-12T09:59:15","guid":{"rendered":"https:\/\/senabel.com\/?post_type=product&#038;p=52853"},"modified":"2026-02-04T19:28:35","modified_gmt":"2026-02-04T19:28:35","slug":"chokladsmakande-dekorationssas-750-g","status":"publish","type":"product","link":"https:\/\/senabel.com\/sv\/product\/chocolate-flavored-decor-sauce-750g\/","title":{"rendered":"Dekorativ s\u00e5s med chokladsmak - 750g"},"content":{"rendered":"<p data-start=\"228\" data-end=\"385\">Ge dina desserter en lyxig touch med MEISTER Chocolate Decoration Sauce. En rik smak och len konsistens ger t\u00e5rtor, pannkakor, crepes och glass en attraktiv och oemotst\u00e5ndlig smak.<\/p>\n<p data-start=\"387\" data-end=\"405\"><strong data-start=\"387\" data-end=\"405\">Produktens egenskaper:<\/strong><\/p>\n<ul data-start=\"407\" data-end=\"561\">\n<li data-start=\"407\" data-end=\"437\">\n<p data-start=\"409\" data-end=\"437\">Lyxig och koncentrerad chokladsmak<\/p>\n<\/li>\n<li data-start=\"438\" data-end=\"467\">\n<p data-start=\"440\" data-end=\"467\">Bra konsistens f\u00f6r att h\u00e4lla och dekorera<\/p>\n<\/li>\n<li data-start=\"468\" data-end=\"510\">\n<p data-start=\"470\" data-end=\"510\">Praktisk f\u00f6rpackning med lock med tryckknapp f\u00f6r enkel applicering<\/p>\n<\/li>\n<li data-start=\"511\" data-end=\"561\">\n<p data-start=\"513\" data-end=\"561\">Idealisk f\u00f6r restauranger, kaf\u00e9er och hemmabruk<\/p>\n<\/li>\n<\/ul>\n<p data-start=\"563\" data-end=\"589\"><strong data-start=\"563\" data-end=\"580\">Nettovikt:<\/strong> 750 gram<\/p>\n<p data-start=\"591\" data-end=\"611\"><strong data-start=\"591\" data-end=\"611\">F\u00f6rvaringsanvisningar:<\/strong><\/p>\n<ul data-start=\"613\" data-end=\"714\">\n<li data-start=\"613\" data-end=\"640\">\n<p data-start=\"615\" data-end=\"640\">F\u00f6rvaras p\u00e5 en sval och torr plats<\/p>\n<\/li>\n<li data-start=\"641\" data-end=\"669\">\n<p data-start=\"643\" data-end=\"669\">Skaka v\u00e4l f\u00f6re anv\u00e4ndning<\/p>\n<\/li>\n<li data-start=\"670\" data-end=\"714\">\n<p data-start=\"672\" data-end=\"714\">F\u00f6rsluter t\u00e4tt efter \u00f6ppning f\u00f6r att bevara kvaliteten<\/p>\n<\/li>\n<\/ul>\n<p data-start=\"716\" data-end=\"791\"><strong data-start=\"716\" data-end=\"791\">MEISTER Chokladdekorationss\u00e5s... en pricken \u00f6ver i:et med rik smak och o\u00f6vertr\u00e4ffad elegans.<\/strong><\/p>","protected":false},"excerpt":{"rendered":"<p>Ge dina desserter en lyxig touch med MEISTER Chocolate Decoration Sauce. En rik smak och len konsistens ger t\u00e5rtor, pannkakor, crepes och glass en attraktiv och oemotst\u00e5ndlig smak.<\/p>","protected":false},"featured_media":52854,"template":"","meta":[],"product_brand":[],"product_cat":[349,429,227],"product_tag":[],"class_list":{"0":"post-52853","1":"product","2":"type-product","3":"status-publish","4":"has-post-thumbnail","6":"product_cat-349","7":"product_cat-429","8":"product_cat-227","10":"first","11":"outofstock","12":"sale","13":"taxable","14":"shipping-taxable","15":"purchasable","16":"product-type-simple"},"_links":{"self":[{"href":"https:\/\/senabel.com\/sv\/wp-json\/wp\/v2\/product\/52853","targetHints":{"allow":["GET"]}}],"collection":[{"href":"https:\/\/senabel.com\/sv\/wp-json\/wp\/v2\/product"}],"about":[{"href":"https:\/\/senabel.com\/sv\/wp-json\/wp\/v2\/types\/product"}],"version-history":[{"count":1,"href":"https:\/\/senabel.com\/sv\/wp-json\/wp\/v2\/product\/52853\/revisions"}],"predecessor-version":[{"id":52856,"href":"https:\/\/senabel.com\/sv\/wp-json\/wp\/v2\/product\/52853\/revisions\/52856"}],"wp:featuredmedia":[{"embeddable":true,"href":"https:\/\/senabel.com\/sv\/wp-json\/wp\/v2\/media\/52854"}],"wp:attachment":[{"href":"https:\/\/senabel.com\/sv\/wp-json\/wp\/v2\/media?parent=52853"}],"wp:term":[{"taxonomy":"product_brand","embeddable":true,"href":"https:\/\/senabel.com\/sv\/wp-json\/wp\/v2\/product_brand?post=52853"},{"taxonomy":"product_cat","embeddable":true,"href":"https:\/\/senabel.com\/sv\/wp-json\/wp\/v2\/product_cat?post=52853"},{"taxonomy":"product_tag","embeddable":true,"href":"https:\/\/senabel.com\/sv\/wp-json\/wp\/v2\/product_tag?post=52853"}],"curies":[{"name":"wp","href":"https:\/\/api.w.org\/{rel}","templated":true}]}}