{"id":52836,"date":"2025-06-11T15:27:56","date_gmt":"2025-06-11T15:27:56","guid":{"rendered":"https:\/\/senabel.com\/?post_type=product&#038;p=52836"},"modified":"2026-04-12T09:48:58","modified_gmt":"2026-04-12T09:48:58","slug":"krispiga-knackebrod-med-ketchupsmak-500g","status":"publish","type":"product","link":"https:\/\/senabel.com\/sv\/product\/%d9%83%d9%86%d8%a7%d9%83%d8%b1-%d9%85%d9%82%d8%b1%d9%85%d8%b4%d8%a9-%d8%a8%d9%86%d9%83%d9%87%d8%a9-%d8%a7%d9%84%d9%83%d8%a7%d8%aa%d8%b4%d8%a8-500%d8%ba\/","title":{"rendered":"Krispiga kn\u00e4ckebr\u00f6d med ketchupsmak 500g"},"content":{"rendered":"<p>Njut av den distinkta krispigheten och den uts\u00f6kta smaken av snickerdoodles. Perfekt f\u00f6r varje \u00f6gonblick och varje tillf\u00e4lle!<\/p>\n<p>Uppt\u00e4ck smaken av krispiga snacks med ett uts\u00f6kt knaprigt yttre och en rik smak. Dessa snacks \u00e4r ett utm\u00e4rkt val f\u00f6r dem som \u00e4lskar l\u00e4tta snacks och \u00e4r noggrant utformade f\u00f6r att kombinera en knaprig konsistens med en tilltalande smak. Perfekta att avnjuta under en arbetspaus eller som en smakrik godbit vid familjesammankomster.<\/p>\n<h3>Crispy Knicker funktioner:<\/h3>\n<p><strong>Ingredienser:<\/strong> Knacker av h\u00f6g kvalitet med distinkta smaker.<br \/>\n<strong>Oemotst\u00e5ndlig smak:<\/strong> En tilltalande smak som kombinerar s\u00f6tma och krispighet i varje tugga.<br \/>\n<strong>L\u00e4tt och rolig g\u00e4stfrihet:<\/strong> Perfekt f\u00f6r n\u00e4r som helst och med v\u00e4nner eller familj.<br \/>\nPerfekt under en session eller som ett speciellt till\u00e4gg till ett evenemang.<\/p>\n<p><span style=\"color: #008000;\"><strong>F\u00f6rvaringsanvisningar:<\/strong><\/span><br \/>\nF\u00f6r att bevara klinkerns smak och kvalitet ska den f\u00f6rvaras p\u00e5 en sval och torr plats, skyddad fr\u00e5n fukt och direkt solljus.<\/p>\n<p>Missa inte chansen att njuta av krispiga snacks fr\u00e5n v\u00e5r onlinebutik.<br \/>\nL\u00e4gg till en touch av kul och smak till din dag med varje tugga!<\/p>","protected":false},"excerpt":{"rendered":"<p>Krispig Knickerbocker med en distinkt smak. Perfekt f\u00f6r varje \u00f6gonblick och varje tillf\u00e4lle<\/p>","protected":false},"featured_media":39943,"template":"","meta":[],"product_brand":[],"product_cat":[308],"product_tag":[],"class_list":{"0":"post-52836","1":"product","2":"type-product","3":"status-publish","4":"has-post-thumbnail","6":"product_cat-308","8":"first","9":"outofstock","10":"taxable","11":"shipping-taxable","12":"purchasable","13":"product-type-simple"},"_links":{"self":[{"href":"https:\/\/senabel.com\/sv\/wp-json\/wp\/v2\/product\/52836","targetHints":{"allow":["GET"]}}],"collection":[{"href":"https:\/\/senabel.com\/sv\/wp-json\/wp\/v2\/product"}],"about":[{"href":"https:\/\/senabel.com\/sv\/wp-json\/wp\/v2\/types\/product"}],"version-history":[{"count":1,"href":"https:\/\/senabel.com\/sv\/wp-json\/wp\/v2\/product\/52836\/revisions"}],"predecessor-version":[{"id":52837,"href":"https:\/\/senabel.com\/sv\/wp-json\/wp\/v2\/product\/52836\/revisions\/52837"}],"wp:featuredmedia":[{"embeddable":true,"href":"https:\/\/senabel.com\/sv\/wp-json\/wp\/v2\/media\/39943"}],"wp:attachment":[{"href":"https:\/\/senabel.com\/sv\/wp-json\/wp\/v2\/media?parent=52836"}],"wp:term":[{"taxonomy":"product_brand","embeddable":true,"href":"https:\/\/senabel.com\/sv\/wp-json\/wp\/v2\/product_brand?post=52836"},{"taxonomy":"product_cat","embeddable":true,"href":"https:\/\/senabel.com\/sv\/wp-json\/wp\/v2\/product_cat?post=52836"},{"taxonomy":"product_tag","embeddable":true,"href":"https:\/\/senabel.com\/sv\/wp-json\/wp\/v2\/product_tag?post=52836"}],"curies":[{"name":"wp","href":"https:\/\/api.w.org\/{rel}","templated":true}]}}