{"id":52831,"date":"2025-06-11T12:51:43","date_gmt":"2025-06-11T12:51:43","guid":{"rendered":"https:\/\/senabel.com\/?post_type=product&#038;p=52831"},"modified":"2026-04-22T18:36:40","modified_gmt":"2026-04-22T18:36:40","slug":"utmarkt-syrisk-farikah-800-g","status":"publish","type":"product","link":"https:\/\/senabel.com\/sv\/product\/excellent-syrian-farikah-800g\/","title":{"rendered":"Syrian Freekeh First Toast - 800g"},"content":{"rendered":"<p data-start=\"200\" data-end=\"241\"><strong data-start=\"200\" data-end=\"229\">Premium syrisk freekeh - 800 g<\/strong><br data-start=\"229\" data-end=\"232\" \/>En f\u00f6rsta sk\u00e5l<\/p>\n<p data-start=\"243\" data-end=\"471\">Njut av en autentisk orientalisk smak med Sanabels f\u00f6rsta syriska Freekeh-toast. Gr\u00f6na vetekorn som rostats omsorgsfullt f\u00f6r att beh\u00e5lla sitt h\u00f6ga n\u00e4ringsv\u00e4rde och sin distinkta smak. Perfekt f\u00f6r att tillaga popul\u00e4ra r\u00e4tter som Freekeh med kyckling eller k\u00f6tt, och serveras som ett h\u00e4lsosamt alternativ till ris.<\/p>\n<p data-start=\"473\" data-end=\"492\"><strong data-start=\"473\" data-end=\"492\">Freekeh-egenskaper:<\/strong><\/p>\n<ul data-start=\"494\" data-end=\"653\">\n<li data-start=\"494\" data-end=\"537\">\n<p data-start=\"496\" data-end=\"537\">100% naturlig och fri fr\u00e5n konserveringsmedel<\/p>\n<\/li>\n<li data-start=\"538\" data-end=\"577\">\n<p data-start=\"540\" data-end=\"577\">Rik smak fr\u00e5n traditionell rostning<\/p>\n<\/li>\n<li data-start=\"578\" data-end=\"618\">\n<p data-start=\"580\" data-end=\"618\">Utm\u00e4rkt k\u00e4lla till fibrer och vegetabiliskt protein<\/p>\n<\/li>\n<\/ul>\n<p data-start=\"655\" data-end=\"707\"><strong data-start=\"655\" data-end=\"672\">Nettovikt:<\/strong> 800 gram<br data-start=\"681\" data-end=\"684\" \/><strong data-start=\"684\" data-end=\"699\">Ursprungsland:<\/strong> Syrien<\/p>\n<p data-start=\"709\" data-end=\"731\"><strong data-start=\"709\" data-end=\"729\">F\u00f6rvaringsanvisningar:<\/strong><\/p>\n<ul data-start=\"732\" data-end=\"839\">\n<li data-start=\"732\" data-end=\"777\">\n<p data-start=\"734\" data-end=\"777\">F\u00f6rvaras p\u00e5 en torr, sval plats skyddad fr\u00e5n fukt<\/p>\n<\/li>\n<li data-start=\"778\" data-end=\"839\">\n<p data-start=\"780\" data-end=\"839\">F\u00f6rslut f\u00f6rpackningen v\u00e4l efter varje anv\u00e4ndning f\u00f6r att bevara kvaliteten<\/p>\n<\/li>\n<\/ul>\n<p data-start=\"841\" data-end=\"897\"><strong data-start=\"841\" data-end=\"897\">Syrisk Freekeh fr\u00e5n Sanabel Store ... \u00e4kta smak och kvalitet som tillfredsst\u00e4ller gourmeten.<\/strong><\/p>","protected":false},"excerpt":{"rendered":"<p data-start=\"243\" data-end=\"471\">Njut av en autentisk orientalisk smak med Sanabels f\u00f6rsta syriska Freekeh-toast. Gr\u00f6na vetekorn som rostats omsorgsfullt f\u00f6r att beh\u00e5lla sitt h\u00f6ga n\u00e4ringsv\u00e4rde och sin distinkta smak. Perfekt f\u00f6r att tillaga popul\u00e4ra r\u00e4tter som Freekeh med kyckling eller k\u00f6tt, och serveras som ett h\u00e4lsosamt alternativ till ris.<\/p>","protected":false},"featured_media":52832,"template":"","meta":[],"product_brand":[],"product_cat":[349,347],"product_tag":[],"class_list":{"0":"post-52831","1":"product","2":"type-product","3":"status-publish","4":"has-post-thumbnail","6":"product_cat-349","7":"product_cat-347","9":"first","10":"instock","11":"featured","12":"taxable","13":"shipping-taxable","14":"purchasable","15":"product-type-simple"},"_links":{"self":[{"href":"https:\/\/senabel.com\/sv\/wp-json\/wp\/v2\/product\/52831","targetHints":{"allow":["GET"]}}],"collection":[{"href":"https:\/\/senabel.com\/sv\/wp-json\/wp\/v2\/product"}],"about":[{"href":"https:\/\/senabel.com\/sv\/wp-json\/wp\/v2\/types\/product"}],"version-history":[{"count":2,"href":"https:\/\/senabel.com\/sv\/wp-json\/wp\/v2\/product\/52831\/revisions"}],"predecessor-version":[{"id":52834,"href":"https:\/\/senabel.com\/sv\/wp-json\/wp\/v2\/product\/52831\/revisions\/52834"}],"wp:featuredmedia":[{"embeddable":true,"href":"https:\/\/senabel.com\/sv\/wp-json\/wp\/v2\/media\/52832"}],"wp:attachment":[{"href":"https:\/\/senabel.com\/sv\/wp-json\/wp\/v2\/media?parent=52831"}],"wp:term":[{"taxonomy":"product_brand","embeddable":true,"href":"https:\/\/senabel.com\/sv\/wp-json\/wp\/v2\/product_brand?post=52831"},{"taxonomy":"product_cat","embeddable":true,"href":"https:\/\/senabel.com\/sv\/wp-json\/wp\/v2\/product_cat?post=52831"},{"taxonomy":"product_tag","embeddable":true,"href":"https:\/\/senabel.com\/sv\/wp-json\/wp\/v2\/product_tag?post=52831"}],"curies":[{"name":"wp","href":"https:\/\/api.w.org\/{rel}","templated":true}]}}