{"id":52819,"date":"2025-06-11T10:58:32","date_gmt":"2025-06-11T10:58:32","guid":{"rendered":"https:\/\/senabel.com\/?post_type=product&#038;p=52819"},"modified":"2026-03-09T11:26:01","modified_gmt":"2026-03-09T11:26:01","slug":"dekorationssas-med-jordgubbssmak-750-g","status":"publish","type":"product","link":"https:\/\/senabel.com\/sv\/product\/strawberry-flavored-decor-sauce-750g\/","title":{"rendered":"Jordgubbsdekorationss\u00e5s - 750g"},"content":{"rendered":"<p data-start=\"174\" data-end=\"349\">L\u00e4gg till en aptitretande estetik till dina desserter med MEISTER Strawberry Decoration Sauce. En s\u00f6t smak och en distinkt f\u00e4rg f\u00f6r att dekorera dina r\u00e4tter och ge en modern twist till t\u00e5rtor, glass, pannkakor, crepes och v\u00e5fflor.<\/p>\n<p data-start=\"351\" data-end=\"389\"><strong data-start=\"351\" data-end=\"389\">Inneh\u00e5ll Dekorationss\u00e5s med jordgubbssmak:<\/strong><\/p>\n<ul data-start=\"391\" data-end=\"537\">\n<li data-start=\"391\" data-end=\"434\">\n<p data-start=\"393\" data-end=\"434\">Naturlig jordgubbssmak med glansig yta<\/p>\n<\/li>\n<li data-start=\"435\" data-end=\"472\">\n<p data-start=\"437\" data-end=\"472\">L\u00e4ttpressad f\u00f6rpackning f\u00f6r omedelbar anv\u00e4ndning<\/p>\n<\/li>\n<li data-start=\"473\" data-end=\"512\">\n<p data-start=\"475\" data-end=\"512\">L\u00e4mplig f\u00f6r desserter, glass och bakverk<\/p>\n<\/li>\n<li data-start=\"513\" data-end=\"537\">\n<p data-start=\"515\" data-end=\"537\">Nettovikt: 750 gram<\/p>\n<\/li>\n<\/ul>\n<p data-start=\"539\" data-end=\"559\"><strong data-start=\"539\" data-end=\"559\">F\u00f6rvaringsanvisningar:<\/strong><\/p>\n<ul data-start=\"561\" data-end=\"649\">\n<li data-start=\"561\" data-end=\"588\">\n<p data-start=\"563\" data-end=\"588\">F\u00f6rvaras p\u00e5 en sval och torr plats<\/p>\n<\/li>\n<li data-start=\"589\" data-end=\"617\">\n<p data-start=\"591\" data-end=\"617\">Skaka v\u00e4l f\u00f6re anv\u00e4ndning<\/p>\n<\/li>\n<li data-start=\"618\" data-end=\"649\">\n<p data-start=\"620\" data-end=\"649\">St\u00e4ngs s\u00e4kert efter varje anv\u00e4ndning<\/p>\n<\/li>\n<\/ul>\n<p data-start=\"651\" data-end=\"720\"><strong data-start=\"651\" data-end=\"720\">MEISTER Jordgubbsdekorationss\u00e5s... en sista touch med en oemotst\u00e5ndlig f\u00e4rg och smak.<\/strong><\/p>","protected":false},"excerpt":{"rendered":"<p>L\u00e4gg till en aptitretande estetik till dina desserter med MEISTER Strawberry Decoration Sauce. En s\u00f6t smak och en distinkt f\u00e4rg f\u00f6r att dekorera dina r\u00e4tter och ge en modern twist till t\u00e5rtor, glass, pannkakor, crepes och v\u00e5fflor.<\/p>","protected":false},"featured_media":52820,"template":"","meta":[],"product_brand":[],"product_cat":[349,429,227],"product_tag":[],"class_list":{"0":"post-52819","1":"product","2":"type-product","3":"status-publish","4":"has-post-thumbnail","6":"product_cat-349","7":"product_cat-429","8":"product_cat-227","10":"first","11":"outofstock","12":"sale","13":"taxable","14":"shipping-taxable","15":"purchasable","16":"product-type-simple"},"_links":{"self":[{"href":"https:\/\/senabel.com\/sv\/wp-json\/wp\/v2\/product\/52819","targetHints":{"allow":["GET"]}}],"collection":[{"href":"https:\/\/senabel.com\/sv\/wp-json\/wp\/v2\/product"}],"about":[{"href":"https:\/\/senabel.com\/sv\/wp-json\/wp\/v2\/types\/product"}],"version-history":[{"count":3,"href":"https:\/\/senabel.com\/sv\/wp-json\/wp\/v2\/product\/52819\/revisions"}],"predecessor-version":[{"id":60331,"href":"https:\/\/senabel.com\/sv\/wp-json\/wp\/v2\/product\/52819\/revisions\/60331"}],"wp:featuredmedia":[{"embeddable":true,"href":"https:\/\/senabel.com\/sv\/wp-json\/wp\/v2\/media\/52820"}],"wp:attachment":[{"href":"https:\/\/senabel.com\/sv\/wp-json\/wp\/v2\/media?parent=52819"}],"wp:term":[{"taxonomy":"product_brand","embeddable":true,"href":"https:\/\/senabel.com\/sv\/wp-json\/wp\/v2\/product_brand?post=52819"},{"taxonomy":"product_cat","embeddable":true,"href":"https:\/\/senabel.com\/sv\/wp-json\/wp\/v2\/product_cat?post=52819"},{"taxonomy":"product_tag","embeddable":true,"href":"https:\/\/senabel.com\/sv\/wp-json\/wp\/v2\/product_tag?post=52819"}],"curies":[{"name":"wp","href":"https:\/\/api.w.org\/{rel}","templated":true}]}}