{"id":52814,"date":"2025-06-11T10:53:09","date_gmt":"2025-06-11T10:53:09","guid":{"rendered":"https:\/\/senabel.com\/?post_type=product&#038;p=52814"},"modified":"2025-11-02T18:44:45","modified_gmt":"2025-11-02T18:44:45","slug":"pistaschsas-1000-g","status":"publish","type":"product","link":"https:\/\/senabel.com\/sv\/product\/pistachio-sauce-1000g\/","title":{"rendered":"Pistaschs\u00e5s (Pistachio) 1000g"},"content":{"rendered":"<p data-start=\"165\" data-end=\"347\">Ge dina desserter en rik och lyxig touch med MEISTER Pistachio Sauce. En kr\u00e4mig formula med en distinkt pistaschsmak, perfekt f\u00f6r att dekorera v\u00e5fflor, crepes och pannkakor, och ger varje r\u00e4tt en unik och oemotst\u00e5ndlig smak.<\/p>\n<p data-start=\"349\" data-end=\"375\"><strong data-start=\"349\" data-end=\"375\">Egenskaper f\u00f6r Pistachio Sauce:<\/strong><\/p>\n<ul data-start=\"377\" data-end=\"549\">\n<li data-start=\"377\" data-end=\"403\">\n<p data-start=\"379\" data-end=\"403\">Rik, naturlig pistaschsmak<\/p>\n<\/li>\n<li data-start=\"404\" data-end=\"441\">\n<p data-start=\"406\" data-end=\"441\">Kr\u00e4mig konsistens som \u00e4r l\u00e4tt att applicera och f\u00f6rdela<\/p>\n<\/li>\n<li data-start=\"442\" data-end=\"489\">\n<p data-start=\"444\" data-end=\"489\">Perfekt f\u00f6r att dekorera desserter: V\u00e5fflor, crepes, pannkakor<\/p>\n<\/li>\n<li data-start=\"490\" data-end=\"549\">\n<p data-start=\"492\" data-end=\"549\">Praktisk f\u00f6rpackning p\u00e5 1 kg som passar f\u00f6r hemmabruk eller professionell anv\u00e4ndning<\/p>\n<\/li>\n<\/ul>\n<p data-start=\"551\" data-end=\"582\"><strong data-start=\"551\" data-end=\"582\">Instruktioner f\u00f6r anv\u00e4ndning och f\u00f6rvaring:<\/strong><\/p>\n<ul data-start=\"584\" data-end=\"672\">\n<li data-start=\"584\" data-end=\"612\">\n<p data-start=\"586\" data-end=\"612\">Skaka v\u00e4l f\u00f6re anv\u00e4ndning<\/p>\n<\/li>\n<li data-start=\"613\" data-end=\"640\">\n<p data-start=\"615\" data-end=\"640\">F\u00f6rvaras p\u00e5 en sval och torr plats<\/p>\n<\/li>\n<li data-start=\"641\" data-end=\"672\">\n<p data-start=\"643\" data-end=\"672\">St\u00e4ngs s\u00e4kert efter varje anv\u00e4ndning<\/p>\n<\/li>\n<\/ul>\n<p data-start=\"674\" data-end=\"732\"><strong data-start=\"674\" data-end=\"732\">MEISTER Pistachio Sauce... Pistaschsmak med lyxig konsistens.<\/strong><\/p>","protected":false},"excerpt":{"rendered":"<p>Ge dina desserter en rik och lyxig touch med MEISTER Pistachio Sauce. En kr\u00e4mig formula med en distinkt pistaschsmak, perfekt f\u00f6r att dekorera v\u00e5fflor, crepes och pannkakor, och ger varje r\u00e4tt en unik och oemotst\u00e5ndlig smak.<\/p>","protected":false},"featured_media":52817,"template":"","meta":[],"product_brand":[],"product_cat":[349,429,227],"product_tag":[],"class_list":{"0":"post-52814","1":"product","2":"type-product","3":"status-publish","4":"has-post-thumbnail","6":"product_cat-349","7":"product_cat-429","8":"product_cat-227","10":"first","11":"outofstock","12":"sale","13":"taxable","14":"shipping-taxable","15":"purchasable","16":"product-type-simple"},"_links":{"self":[{"href":"https:\/\/senabel.com\/sv\/wp-json\/wp\/v2\/product\/52814","targetHints":{"allow":["GET"]}}],"collection":[{"href":"https:\/\/senabel.com\/sv\/wp-json\/wp\/v2\/product"}],"about":[{"href":"https:\/\/senabel.com\/sv\/wp-json\/wp\/v2\/types\/product"}],"version-history":[{"count":2,"href":"https:\/\/senabel.com\/sv\/wp-json\/wp\/v2\/product\/52814\/revisions"}],"predecessor-version":[{"id":52816,"href":"https:\/\/senabel.com\/sv\/wp-json\/wp\/v2\/product\/52814\/revisions\/52816"}],"wp:featuredmedia":[{"embeddable":true,"href":"https:\/\/senabel.com\/sv\/wp-json\/wp\/v2\/media\/52817"}],"wp:attachment":[{"href":"https:\/\/senabel.com\/sv\/wp-json\/wp\/v2\/media?parent=52814"}],"wp:term":[{"taxonomy":"product_brand","embeddable":true,"href":"https:\/\/senabel.com\/sv\/wp-json\/wp\/v2\/product_brand?post=52814"},{"taxonomy":"product_cat","embeddable":true,"href":"https:\/\/senabel.com\/sv\/wp-json\/wp\/v2\/product_cat?post=52814"},{"taxonomy":"product_tag","embeddable":true,"href":"https:\/\/senabel.com\/sv\/wp-json\/wp\/v2\/product_tag?post=52814"}],"curies":[{"name":"wp","href":"https:\/\/api.w.org\/{rel}","templated":true}]}}