{"id":52772,"date":"2025-06-10T14:15:52","date_gmt":"2025-06-10T14:15:52","guid":{"rendered":"https:\/\/senabel.com\/?post_type=product&#038;p=52772"},"modified":"2025-10-26T12:54:53","modified_gmt":"2025-10-26T12:54:53","slug":"vila-flator-tackta-med-torkade-rosenblad-500-g","status":"publish","type":"product","link":"https:\/\/senabel.com\/sv\/product\/rest-braids-covered-with-dried-rose-leaves-500g\/","title":{"rendered":"Fl\u00e4tor t\u00e4ckta med torkad ros - 500g"},"content":{"rendered":"<p data-start=\"192\" data-end=\"362\">Unna dig en stund av lyx med Jadils comfort t\u00e4ckt av naturliga rosenblad. En mjuk smak och blommig arom som fyller sinnena och kombinerar \u00e4ktheten hos komfort med en lyxig roskarakt\u00e4r i en dessert som passar f\u00f6r alla tillf\u00e4llen.<\/p>\n<p data-start=\"364\" data-end=\"390\"><strong data-start=\"364\" data-end=\"390\">Funktioner:<\/strong><\/p>\n<ul data-start=\"392\" data-end=\"525\">\n<li data-start=\"392\" data-end=\"429\">\n<p data-start=\"394\" data-end=\"429\">Mjuk komfort tillverkad med de finaste ingredienserna<\/p>\n<\/li>\n<li data-start=\"430\" data-end=\"475\">\n<p data-start=\"432\" data-end=\"475\">T\u00e4ckt av naturliga rosenblad f\u00f6r en v\u00e4ldoftande smak och ett elegant utseende<\/p>\n<\/li>\n<li data-start=\"476\" data-end=\"525\">\n<p data-start=\"478\" data-end=\"525\">Individuellt f\u00f6rpackade f\u00f6r att s\u00e4kerst\u00e4lla hygien och enkel servering<\/p>\n<\/li>\n<\/ul>\n<p data-start=\"527\" data-end=\"545\"><strong data-start=\"527\" data-end=\"545\">Produktinformation:<\/strong><\/p>\n<p data-start=\"547\" data-end=\"569\">Nettovikt: 500g<\/p>\n<p>Antal bitar: Cirka 20-25 stycken per kilo<\/p>\n<p data-start=\"571\" data-end=\"591\"><strong data-start=\"571\" data-end=\"591\">F\u00f6rvaringsanvisningar:<\/strong><\/p>\n<ul data-start=\"593\" data-end=\"710\">\n<li data-start=\"593\" data-end=\"641\">\n<p data-start=\"595\" data-end=\"641\">F\u00f6rvaras svalt, torrt och skyddat fr\u00e5n solljus<\/p>\n<\/li>\n<li data-start=\"642\" data-end=\"710\">\n<p data-start=\"644\" data-end=\"710\">F\u00f6rslut f\u00f6rpackningen v\u00e4l efter \u00f6ppnandet f\u00f6r att bevara f\u00e4rskhet och blommig arom<\/p>\n<\/li>\n<\/ul>\n<p data-start=\"712\" data-end=\"768\"><strong data-start=\"712\" data-end=\"768\">En lyxig touch med ett distinkt blommigt tema fr\u00e5n Sanabel.<\/strong><\/p>","protected":false},"excerpt":{"rendered":"<p>Unna dig en stund av lyx med Jadils comfort t\u00e4ckt av naturliga rosenblad. En mjuk smak och blommig arom som fyller sinnena och kombinerar \u00e4ktheten hos komfort med en lyxig roskarakt\u00e4r i en dessert som passar f\u00f6r alla tillf\u00e4llen.<\/p>","protected":false},"featured_media":52773,"template":"","meta":[],"product_brand":[],"product_cat":[299],"product_tag":[],"class_list":{"0":"post-52772","1":"product","2":"type-product","3":"status-publish","4":"has-post-thumbnail","6":"product_cat-299","8":"first","9":"outofstock","10":"taxable","11":"shipping-taxable","12":"purchasable","13":"product-type-simple"},"_links":{"self":[{"href":"https:\/\/senabel.com\/sv\/wp-json\/wp\/v2\/product\/52772","targetHints":{"allow":["GET"]}}],"collection":[{"href":"https:\/\/senabel.com\/sv\/wp-json\/wp\/v2\/product"}],"about":[{"href":"https:\/\/senabel.com\/sv\/wp-json\/wp\/v2\/types\/product"}],"version-history":[{"count":4,"href":"https:\/\/senabel.com\/sv\/wp-json\/wp\/v2\/product\/52772\/revisions"}],"predecessor-version":[{"id":53348,"href":"https:\/\/senabel.com\/sv\/wp-json\/wp\/v2\/product\/52772\/revisions\/53348"}],"wp:featuredmedia":[{"embeddable":true,"href":"https:\/\/senabel.com\/sv\/wp-json\/wp\/v2\/media\/52773"}],"wp:attachment":[{"href":"https:\/\/senabel.com\/sv\/wp-json\/wp\/v2\/media?parent=52772"}],"wp:term":[{"taxonomy":"product_brand","embeddable":true,"href":"https:\/\/senabel.com\/sv\/wp-json\/wp\/v2\/product_brand?post=52772"},{"taxonomy":"product_cat","embeddable":true,"href":"https:\/\/senabel.com\/sv\/wp-json\/wp\/v2\/product_cat?post=52772"},{"taxonomy":"product_tag","embeddable":true,"href":"https:\/\/senabel.com\/sv\/wp-json\/wp\/v2\/product_tag?post=52772"}],"curies":[{"name":"wp","href":"https:\/\/api.w.org\/{rel}","templated":true}]}}