{"id":52765,"date":"2025-06-10T14:16:14","date_gmt":"2025-06-10T14:16:14","guid":{"rendered":"https:\/\/senabel.com\/?post_type=product&#038;p=52765"},"modified":"2026-03-01T13:27:40","modified_gmt":"2026-03-01T13:27:40","slug":"vila-flator-tackta-med-kunafa-500-g","status":"publish","type":"product","link":"https:\/\/senabel.com\/sv\/product\/rest-braids-covered-with-kunafa-500g\/","title":{"rendered":"Raha Jadayel med Kanafeh-\u00f6verdrag - 500 g"},"content":{"rendered":"<p data-start=\"218\" data-end=\"401\">Sk\u00e4m bort dina smakl\u00f6kar med Jadils lyxiga komfort toppad med krispiga kunafatr\u00e5dar. En unik kombination av fyllig m\u00f6rhet och delikat krispighet ger dig en autentisk orientalisk smak i varje tugga och ger en touch av distinktion till varje \u00f6gonblick av g\u00e4stfrihet.<\/p>\n<p data-start=\"403\" data-end=\"431\"><strong data-start=\"403\" data-end=\"431\">Inneh\u00e5ller Raha Jadayel Kanafeh:<\/strong><\/p>\n<ul data-start=\"433\" data-end=\"569\">\n<li data-start=\"433\" data-end=\"470\">\n<p data-start=\"435\" data-end=\"470\">Mjuk komfort tillverkad med de finaste ingredienserna<\/p>\n<\/li>\n<li data-start=\"471\" data-end=\"515\">\n<p data-start=\"473\" data-end=\"515\">Toppad med en rostad kunafaglasyr som ger en h\u00e4rlig krispighet<\/p>\n<\/li>\n<li data-start=\"516\" data-end=\"569\">\n<p data-start=\"518\" data-end=\"569\">Individuellt f\u00f6rpackade f\u00f6r hygien och enkel servering<\/p>\n<\/li>\n<\/ul>\n<p data-start=\"571\" data-end=\"589\"><strong data-start=\"571\" data-end=\"589\">Produktinformation:<\/strong><\/p>\n<p data-start=\"591\" data-end=\"613\">Nettovikt: 500g<\/p>\n<p>Antal bitar: Cirka 20-25 stycken per kilo<\/p>\n<p data-start=\"615\" data-end=\"635\"><strong data-start=\"615\" data-end=\"635\">F\u00f6rvaringsanvisningar:<\/strong><\/p>\n<ul data-start=\"637\" data-end=\"746\">\n<li data-start=\"637\" data-end=\"685\">\n<p data-start=\"639\" data-end=\"685\">F\u00f6rvaras svalt, torrt och skyddat fr\u00e5n solljus<\/p>\n<\/li>\n<li data-start=\"686\" data-end=\"746\">\n<p data-start=\"688\" data-end=\"746\">F\u00f6rslut paketet v\u00e4l efter \u00f6ppnandet f\u00f6r att bibeh\u00e5lla krispighet och m\u00f6rhet<\/p>\n<\/li>\n<\/ul>\n<p data-start=\"748\" data-end=\"811\"><strong data-start=\"748\" data-end=\"811\">Raha Jadayel Kanafeh fr\u00e5n Sanabel... \u00e4kthetens harmoni med den perfekta konsistensen.<\/strong><\/p>","protected":false},"excerpt":{"rendered":"<p>Sk\u00e4m bort dina smakl\u00f6kar med Jadils lyxiga komfort toppad med krispiga kunafatr\u00e5dar. En unik kombination av fyllig m\u00f6rhet och delikat krispighet ger dig en autentisk orientalisk smak i varje tugga och ger en touch av distinktion till varje \u00f6gonblick av g\u00e4stfrihet.<\/p>","protected":false},"featured_media":52766,"template":"","meta":[],"product_brand":[],"product_cat":[299],"product_tag":[],"class_list":{"0":"post-52765","1":"product","2":"type-product","3":"status-publish","4":"has-post-thumbnail","6":"product_cat-299","8":"first","9":"outofstock","10":"taxable","11":"shipping-taxable","12":"purchasable","13":"product-type-simple"},"_links":{"self":[{"href":"https:\/\/senabel.com\/sv\/wp-json\/wp\/v2\/product\/52765","targetHints":{"allow":["GET"]}}],"collection":[{"href":"https:\/\/senabel.com\/sv\/wp-json\/wp\/v2\/product"}],"about":[{"href":"https:\/\/senabel.com\/sv\/wp-json\/wp\/v2\/types\/product"}],"version-history":[{"count":4,"href":"https:\/\/senabel.com\/sv\/wp-json\/wp\/v2\/product\/52765\/revisions"}],"predecessor-version":[{"id":58005,"href":"https:\/\/senabel.com\/sv\/wp-json\/wp\/v2\/product\/52765\/revisions\/58005"}],"wp:featuredmedia":[{"embeddable":true,"href":"https:\/\/senabel.com\/sv\/wp-json\/wp\/v2\/media\/52766"}],"wp:attachment":[{"href":"https:\/\/senabel.com\/sv\/wp-json\/wp\/v2\/media?parent=52765"}],"wp:term":[{"taxonomy":"product_brand","embeddable":true,"href":"https:\/\/senabel.com\/sv\/wp-json\/wp\/v2\/product_brand?post=52765"},{"taxonomy":"product_cat","embeddable":true,"href":"https:\/\/senabel.com\/sv\/wp-json\/wp\/v2\/product_cat?post=52765"},{"taxonomy":"product_tag","embeddable":true,"href":"https:\/\/senabel.com\/sv\/wp-json\/wp\/v2\/product_tag?post=52765"}],"curies":[{"name":"wp","href":"https:\/\/api.w.org\/{rel}","templated":true}]}}