{"id":52756,"date":"2025-06-10T14:16:38","date_gmt":"2025-06-10T14:16:38","guid":{"rendered":"https:\/\/senabel.com\/?post_type=product&#038;p=52756"},"modified":"2025-10-31T11:13:44","modified_gmt":"2025-10-31T11:13:44","slug":"chokladsmakande-rahat-jadayel-500-g","status":"publish","type":"product","link":"https:\/\/senabel.com\/sv\/product\/chocolate-flavored-rahat-jadayel-500g\/","title":{"rendered":"Jadelle Raha med chokladsmak - 500g"},"content":{"rendered":"<p data-start=\"164\" data-end=\"342\">Sk\u00e4m bort dina smakl\u00f6kar med Jadelles lyxiga komfort med en rik chokladsmak. Smidig konsistens och perfekt mjukhet kombinerat med en distinkt chokladsmak skapar en fantastisk upplevelse som balanserar s\u00f6tma och lyx, l\u00e4mplig f\u00f6r alla smaker.<\/p>\n<p data-start=\"344\" data-end=\"373\"><strong data-start=\"344\" data-end=\"373\">Funktioner:<\/strong><\/p>\n<ul data-start=\"375\" data-end=\"500\">\n<li data-start=\"375\" data-end=\"412\">\n<p data-start=\"377\" data-end=\"412\">Mjuk komfort tillverkad med de finaste ingredienserna<\/p>\n<\/li>\n<li data-start=\"413\" data-end=\"447\">\n<p data-start=\"415\" data-end=\"447\">L\u00e4cker chokladsmak som sm\u00e4lter i munnen<\/p>\n<\/li>\n<li data-start=\"448\" data-end=\"500\">\n<p data-start=\"450\" data-end=\"500\">Individuellt f\u00f6rpackade f\u00f6r att bevara smaken och underl\u00e4tta servering<\/p>\n<\/li>\n<\/ul>\n<p data-start=\"502\" data-end=\"520\"><strong data-start=\"502\" data-end=\"520\">Produktinformation:<\/strong><\/p>\n<p data-start=\"522\" data-end=\"544\">Nettovikt: 500g<\/p>\n<p>Antal bitar: Cirka 20-25 stycken per kilo<\/p>\n<p data-start=\"546\" data-end=\"566\"><strong data-start=\"546\" data-end=\"566\">F\u00f6rvaringsanvisningar:<\/strong><\/p>\n<ul data-start=\"568\" data-end=\"676\">\n<li data-start=\"568\" data-end=\"616\">\n<p data-start=\"570\" data-end=\"616\">F\u00f6rvaras svalt, torrt och skyddat fr\u00e5n solljus<\/p>\n<\/li>\n<li data-start=\"617\" data-end=\"676\">\n<p data-start=\"619\" data-end=\"676\">F\u00f6rslut v\u00e4l efter \u00f6ppnandet f\u00f6r att bevara f\u00e4rskhet och smak<\/p>\n<\/li>\n<\/ul>\n<p data-start=\"678\" data-end=\"735\"><strong data-start=\"678\" data-end=\"735\">Raha Jadil Chocolate fr\u00e5n Snapple... en lyxig smak f\u00f6r varje \u00f6gonblick.<\/strong><\/p>","protected":false},"excerpt":{"rendered":"<p>Sk\u00e4m bort dina smakl\u00f6kar med Jadelles lyxiga komfort med en rik chokladsmak. Smidig konsistens och perfekt mjukhet kombinerat med en distinkt chokladsmak skapar en fantastisk upplevelse som balanserar s\u00f6tma och lyx, l\u00e4mplig f\u00f6r alla smaker.<\/p>","protected":false},"featured_media":52758,"template":"","meta":[],"product_brand":[],"product_cat":[299],"product_tag":[],"class_list":{"0":"post-52756","1":"product","2":"type-product","3":"status-publish","4":"has-post-thumbnail","6":"product_cat-299","8":"first","9":"outofstock","10":"taxable","11":"shipping-taxable","12":"purchasable","13":"product-type-simple"},"_links":{"self":[{"href":"https:\/\/senabel.com\/sv\/wp-json\/wp\/v2\/product\/52756","targetHints":{"allow":["GET"]}}],"collection":[{"href":"https:\/\/senabel.com\/sv\/wp-json\/wp\/v2\/product"}],"about":[{"href":"https:\/\/senabel.com\/sv\/wp-json\/wp\/v2\/types\/product"}],"version-history":[{"count":3,"href":"https:\/\/senabel.com\/sv\/wp-json\/wp\/v2\/product\/52756\/revisions"}],"predecessor-version":[{"id":53344,"href":"https:\/\/senabel.com\/sv\/wp-json\/wp\/v2\/product\/52756\/revisions\/53344"}],"wp:featuredmedia":[{"embeddable":true,"href":"https:\/\/senabel.com\/sv\/wp-json\/wp\/v2\/media\/52758"}],"wp:attachment":[{"href":"https:\/\/senabel.com\/sv\/wp-json\/wp\/v2\/media?parent=52756"}],"wp:term":[{"taxonomy":"product_brand","embeddable":true,"href":"https:\/\/senabel.com\/sv\/wp-json\/wp\/v2\/product_brand?post=52756"},{"taxonomy":"product_cat","embeddable":true,"href":"https:\/\/senabel.com\/sv\/wp-json\/wp\/v2\/product_cat?post=52756"},{"taxonomy":"product_tag","embeddable":true,"href":"https:\/\/senabel.com\/sv\/wp-json\/wp\/v2\/product_tag?post=52756"}],"curies":[{"name":"wp","href":"https:\/\/api.w.org\/{rel}","templated":true}]}}