{"id":52747,"date":"2025-06-10T14:17:01","date_gmt":"2025-06-10T14:17:01","guid":{"rendered":"https:\/\/senabel.com\/?post_type=product&#038;p=52747"},"modified":"2026-03-04T10:27:21","modified_gmt":"2026-03-04T10:27:21","slug":"kokosflata-vila-500-g","status":"publish","type":"product","link":"https:\/\/senabel.com\/sv\/product\/coconut-braid-rest-500g\/","title":{"rendered":"Kokosn\u00f6t Jadelle Raha - 500g"},"content":{"rendered":"<p data-start=\"108\" data-end=\"344\">Njut av en rik upplevelse av orientaliska smaker med Raha Jadayel infuserad med kokosn\u00f6t, d\u00e4r s\u00f6tman fr\u00e5n mjuk Raha m\u00f6ter k\u00e4nslan av naturlig kokosn\u00f6t f\u00f6r en of\u00f6rgl\u00f6mlig smak. Individuellt f\u00f6rpackad f\u00f6r enkel servering och f\u00f6rvaring, perfekt f\u00f6r tillf\u00e4llen eller som ett vardagligt desserttilltugg.<\/p>\n<p data-start=\"346\" data-end=\"364\"><strong data-start=\"346\" data-end=\"364\">Produktens egenskaper:<\/strong><\/p>\n<ul data-start=\"366\" data-end=\"537\">\n<li data-start=\"366\" data-end=\"397\">\n<p data-start=\"368\" data-end=\"397\">Mjuk konsistens och lyxig naturlig smak<\/p>\n<\/li>\n<li data-start=\"398\" data-end=\"442\">\n<p data-start=\"400\" data-end=\"442\">Fylld med n\u00f6tter och toppad med strimlad kokosn\u00f6t<\/p>\n<\/li>\n<li data-start=\"443\" data-end=\"492\">\n<p data-start=\"445\" data-end=\"492\">Individuellt f\u00f6rpackade f\u00f6r att s\u00e4kerst\u00e4lla hygien och anv\u00e4ndarv\u00e4nlighet<\/p>\n<\/li>\n<li data-start=\"493\" data-end=\"537\">\n<p data-start=\"495\" data-end=\"537\">Perfekt f\u00f6r servering vid evenemang eller som en vardagsf\u00f6rt\u00e4ring<\/p>\n<\/li>\n<\/ul>\n<p data-start=\"539\" data-end=\"550\"><strong data-start=\"539\" data-end=\"550\">Detaljer:<\/strong><\/p>\n<ul data-start=\"552\" data-end=\"696\">\n<li data-start=\"552\" data-end=\"571\">\n<p data-start=\"554\" data-end=\"571\">Vikt: 500 gram<\/p>\n<\/li>\n<li data-start=\"526\" data-end=\"552\">Antal bitar: Cirka 20-25 stycken per kilo<\/li>\n<li data-start=\"628\" data-end=\"696\">\n<p data-start=\"630\" data-end=\"696\">F\u00f6rvaring: F\u00f6rvaras svalt, torrt och skyddat fr\u00e5n direkt solljus<\/p>\n<\/li>\n<\/ul>","protected":false},"excerpt":{"rendered":"<p>Njut av en rik upplevelse av orientaliska smaker med Jadils kokosn\u00f6tsinfuserade Raha Jadil, d\u00e4r s\u00f6tman fr\u00e5n mjuk Raha m\u00f6ter k\u00e4nslan av naturlig kokosn\u00f6t f\u00f6r en of\u00f6rgl\u00f6mlig smak. Individuellt f\u00f6rpackade f\u00f6r enkel servering och f\u00f6rvaring.<\/p>","protected":false},"featured_media":52748,"template":"","meta":[],"product_brand":[],"product_cat":[299],"product_tag":[],"class_list":{"0":"post-52747","1":"product","2":"type-product","3":"status-publish","4":"has-post-thumbnail","6":"product_cat-299","8":"first","9":"outofstock","10":"taxable","11":"shipping-taxable","12":"purchasable","13":"product-type-simple"},"_links":{"self":[{"href":"https:\/\/senabel.com\/sv\/wp-json\/wp\/v2\/product\/52747","targetHints":{"allow":["GET"]}}],"collection":[{"href":"https:\/\/senabel.com\/sv\/wp-json\/wp\/v2\/product"}],"about":[{"href":"https:\/\/senabel.com\/sv\/wp-json\/wp\/v2\/types\/product"}],"version-history":[{"count":5,"href":"https:\/\/senabel.com\/sv\/wp-json\/wp\/v2\/product\/52747\/revisions"}],"predecessor-version":[{"id":53341,"href":"https:\/\/senabel.com\/sv\/wp-json\/wp\/v2\/product\/52747\/revisions\/53341"}],"wp:featuredmedia":[{"embeddable":true,"href":"https:\/\/senabel.com\/sv\/wp-json\/wp\/v2\/media\/52748"}],"wp:attachment":[{"href":"https:\/\/senabel.com\/sv\/wp-json\/wp\/v2\/media?parent=52747"}],"wp:term":[{"taxonomy":"product_brand","embeddable":true,"href":"https:\/\/senabel.com\/sv\/wp-json\/wp\/v2\/product_brand?post=52747"},{"taxonomy":"product_cat","embeddable":true,"href":"https:\/\/senabel.com\/sv\/wp-json\/wp\/v2\/product_cat?post=52747"},{"taxonomy":"product_tag","embeddable":true,"href":"https:\/\/senabel.com\/sv\/wp-json\/wp\/v2\/product_tag?post=52747"}],"curies":[{"name":"wp","href":"https:\/\/api.w.org\/{rel}","templated":true}]}}