{"id":52743,"date":"2025-06-10T10:49:31","date_gmt":"2025-06-10T10:49:31","guid":{"rendered":"https:\/\/senabel.com\/?post_type=product&#038;p=52743"},"modified":"2026-01-25T13:48:13","modified_gmt":"2026-01-25T13:48:13","slug":"fardh-dadlar-fran-taj-al-tamur-500-g","status":"publish","type":"product","link":"https:\/\/senabel.com\/sv\/product\/fardh-dates-from-taj-al-tamur-500g\/","title":{"rendered":"Pressade dadlar fr\u00e5n Crown Dates 500g"},"content":{"rendered":"<p data-start=\"108\" data-end=\"282\">Njut av den unika smaken av Fardh-dadlar, med sin n\u00e5got torra konsistens och sm\u00e5 k\u00e4rnor, som produceras av Taj Dates - ett av de ledande namnen inom UAE-dadlar. Ett perfekt val f\u00f6r dig som \u00e4lskar fylliga och distinkta smaker.<\/p>\n<p data-start=\"284\" data-end=\"302\"><strong data-start=\"284\" data-end=\"302\">Produktens egenskaper:<\/strong><\/p>\n<ul data-start=\"304\" data-end=\"484\">\n<li data-start=\"304\" data-end=\"345\">\n<p data-start=\"306\" data-end=\"345\">Naturliga emiratiska dadlar av den ber\u00f6mda sorten \"Fardh<\/p>\n<\/li>\n<li data-start=\"346\" data-end=\"392\">\n<p data-start=\"348\" data-end=\"392\">Fast konsistens och en smak som tenderar mot en l\u00e4tt s\u00f6tma<\/p>\n<\/li>\n<li data-start=\"393\" data-end=\"439\">\n<p data-start=\"395\" data-end=\"439\">L\u00e4mplig f\u00f6r direkt konsumtion eller med arabiskt kaffe<\/p>\n<\/li>\n<li data-start=\"440\" data-end=\"484\">\n<p data-start=\"442\" data-end=\"484\">Utm\u00e4rkt k\u00e4lla till naturlig energi och antioxidanter<\/p>\n<\/li>\n<\/ul>\n<p data-start=\"486\" data-end=\"497\"><strong data-start=\"486\" data-end=\"497\">Detaljer:<\/strong><\/p>\n<ul data-start=\"499\" data-end=\"592\">\n<li data-start=\"499\" data-end=\"525\">\n<p data-start=\"501\" data-end=\"525\">Nettovikt: 500g<\/p>\n<\/li>\n<li data-start=\"526\" data-end=\"566\">\n<p data-start=\"528\" data-end=\"566\">Land av ursprung: F\u00f6renade Arabemiraten<\/p>\n<\/li>\n<li data-start=\"567\" data-end=\"592\">\n<p data-start=\"569\" data-end=\"592\">F\u00f6rvaras p\u00e5 en sval och torr plats<\/p>\n<\/li>\n<\/ul>","protected":false},"excerpt":{"rendered":"<p>Njut av den unika smaken av Fardh-dadlar, med sin n\u00e5got torra konsistens och sm\u00e5 k\u00e4rnor, som produceras av Taj Dates - ett av de ledande namnen inom UAE-dadlar. Ett perfekt val f\u00f6r dig som \u00e4lskar fylliga och distinkta smaker.<\/p>","protected":false},"featured_media":52744,"template":"","meta":[],"product_brand":[],"product_cat":[309],"product_tag":[],"class_list":{"0":"post-52743","1":"product","2":"type-product","3":"status-publish","4":"has-post-thumbnail","6":"product_cat-309","8":"first","9":"outofstock","10":"taxable","11":"shipping-taxable","12":"purchasable","13":"product-type-simple"},"_links":{"self":[{"href":"https:\/\/senabel.com\/sv\/wp-json\/wp\/v2\/product\/52743","targetHints":{"allow":["GET"]}}],"collection":[{"href":"https:\/\/senabel.com\/sv\/wp-json\/wp\/v2\/product"}],"about":[{"href":"https:\/\/senabel.com\/sv\/wp-json\/wp\/v2\/types\/product"}],"version-history":[{"count":2,"href":"https:\/\/senabel.com\/sv\/wp-json\/wp\/v2\/product\/52743\/revisions"}],"predecessor-version":[{"id":52746,"href":"https:\/\/senabel.com\/sv\/wp-json\/wp\/v2\/product\/52743\/revisions\/52746"}],"wp:featuredmedia":[{"embeddable":true,"href":"https:\/\/senabel.com\/sv\/wp-json\/wp\/v2\/media\/52744"}],"wp:attachment":[{"href":"https:\/\/senabel.com\/sv\/wp-json\/wp\/v2\/media?parent=52743"}],"wp:term":[{"taxonomy":"product_brand","embeddable":true,"href":"https:\/\/senabel.com\/sv\/wp-json\/wp\/v2\/product_brand?post=52743"},{"taxonomy":"product_cat","embeddable":true,"href":"https:\/\/senabel.com\/sv\/wp-json\/wp\/v2\/product_cat?post=52743"},{"taxonomy":"product_tag","embeddable":true,"href":"https:\/\/senabel.com\/sv\/wp-json\/wp\/v2\/product_tag?post=52743"}],"curies":[{"name":"wp","href":"https:\/\/api.w.org\/{rel}","templated":true}]}}