{"id":52522,"date":"2025-06-03T14:33:57","date_gmt":"2025-06-03T14:33:57","guid":{"rendered":"https:\/\/senabel.com\/?post_type=product&#038;p=52522"},"modified":"2025-08-11T21:30:24","modified_gmt":"2025-08-11T21:30:24","slug":"dubai-choklad-sma-bitar-med-fyllning-500-g","status":"publish","type":"product","link":"https:\/\/senabel.com\/sv\/product\/dubai-chocolate-small-pieces-with-filling-500g\/","title":{"rendered":"Dubai Choklad - Minibars med fyllning - 500g"},"content":{"rendered":"<p data-start=\"141\" data-end=\"320\">Njut av den lyxiga smaken av Dubais choklad med en speciell fyllning. Sm\u00e5, individuellt f\u00f6rpackade och individuellt bitstora bitar som passar alla tillf\u00e4llen. Rik p\u00e5 smak, kombinerar den kr\u00e4miga smaken av choklad med en uts\u00f6kt fyllning.<\/p>\n<p data-start=\"322\" data-end=\"340\"><strong data-start=\"322\" data-end=\"340\">Produktens egenskaper:<\/strong><\/p>\n<ul data-start=\"342\" data-end=\"511\">\n<li data-start=\"342\" data-end=\"376\">\n<p data-start=\"344\" data-end=\"376\">Len choklad med ett lyxigt \u00f6verdrag<\/p>\n<\/li>\n<li data-start=\"377\" data-end=\"419\">\n<p data-start=\"379\" data-end=\"419\">En unik fyllning inspirerad av orientaliska desserter<\/p>\n<\/li>\n<li data-start=\"420\" data-end=\"466\">\n<p data-start=\"422\" data-end=\"466\">Individuellt f\u00f6rpackade f\u00f6r att bevara f\u00e4rskhet och smak<\/p>\n<\/li>\n<li data-start=\"467\" data-end=\"511\">\n<p data-start=\"469\" data-end=\"511\">Perfekt f\u00f6r servering vid evenemang eller som en elegant g\u00e5va<\/p>\n<\/li>\n<\/ul>\n<p data-start=\"513\" data-end=\"524\"><strong data-start=\"513\" data-end=\"524\">Detaljer:<\/strong><\/p>\n<ul data-start=\"526\" data-end=\"608\">\n<li data-start=\"526\" data-end=\"552\">\n<p data-start=\"528\" data-end=\"552\">Nettovikt: 500g<\/p>\n<\/li>\n<li data-start=\"526\" data-end=\"552\">Antal bitar: Cirka 40 stycken per kilo<\/li>\n<li data-start=\"553\" data-end=\"608\">\n<p data-start=\"555\" data-end=\"608\">F\u00f6rvaras svalt, torrt och skyddat fr\u00e5n direkt solljus<\/p>\n<\/li>\n<\/ul>","protected":false},"excerpt":{"rendered":"<p>Njut av den lyxiga smaken av Dubais choklad med en speciell fyllning. Sm\u00e5, individuellt f\u00f6rpackade och individuellt bitstora bitar som passar alla tillf\u00e4llen. Rik p\u00e5 smak, kombinerar den kr\u00e4miga smaken av choklad med en uts\u00f6kt fyllning.<\/p>","protected":false},"featured_media":52523,"template":"","meta":[],"product_brand":[],"product_cat":[347,377,297],"product_tag":[],"class_list":{"0":"post-52522","1":"product","2":"type-product","3":"status-publish","4":"has-post-thumbnail","6":"product_cat-347","7":"product_cat-377","8":"product_cat-297","10":"first","11":"outofstock","12":"taxable","13":"shipping-taxable","14":"purchasable","15":"product-type-simple"},"_links":{"self":[{"href":"https:\/\/senabel.com\/sv\/wp-json\/wp\/v2\/product\/52522","targetHints":{"allow":["GET"]}}],"collection":[{"href":"https:\/\/senabel.com\/sv\/wp-json\/wp\/v2\/product"}],"about":[{"href":"https:\/\/senabel.com\/sv\/wp-json\/wp\/v2\/types\/product"}],"version-history":[{"count":4,"href":"https:\/\/senabel.com\/sv\/wp-json\/wp\/v2\/product\/52522\/revisions"}],"predecessor-version":[{"id":53316,"href":"https:\/\/senabel.com\/sv\/wp-json\/wp\/v2\/product\/52522\/revisions\/53316"}],"wp:featuredmedia":[{"embeddable":true,"href":"https:\/\/senabel.com\/sv\/wp-json\/wp\/v2\/media\/52523"}],"wp:attachment":[{"href":"https:\/\/senabel.com\/sv\/wp-json\/wp\/v2\/media?parent=52522"}],"wp:term":[{"taxonomy":"product_brand","embeddable":true,"href":"https:\/\/senabel.com\/sv\/wp-json\/wp\/v2\/product_brand?post=52522"},{"taxonomy":"product_cat","embeddable":true,"href":"https:\/\/senabel.com\/sv\/wp-json\/wp\/v2\/product_cat?post=52522"},{"taxonomy":"product_tag","embeddable":true,"href":"https:\/\/senabel.com\/sv\/wp-json\/wp\/v2\/product_tag?post=52522"}],"curies":[{"name":"wp","href":"https:\/\/api.w.org\/{rel}","templated":true}]}}