{"id":52518,"date":"2025-06-03T14:27:52","date_gmt":"2025-06-03T14:27:52","guid":{"rendered":"https:\/\/senabel.com\/?post_type=product&#038;p=52518"},"modified":"2025-09-10T10:01:19","modified_gmt":"2025-09-10T10:01:19","slug":"naturliga-russin-100g","status":"publish","type":"product","link":"https:\/\/senabel.com\/sv\/product\/natural-raisins-100g\/","title":{"rendered":"Naturliga russin - 100g"},"content":{"rendered":"<p data-start=\"90\" data-end=\"266\">H\u00f6gkvalitativa russin \u00e4r naturligt torkade f\u00f6r att beh\u00e5lla sitt n\u00e4ringsv\u00e4rde och sin s\u00f6ta smak. De kan \u00e4tas som mellanm\u00e5l, l\u00e4ggas till bakverk, sallader eller till och med blandas med n\u00f6tter f\u00f6r en perfekt energimix.<\/p>\n<p data-start=\"268\" data-end=\"286\"><strong data-start=\"268\" data-end=\"286\">Produktens egenskaper:<\/strong><\/p>\n<ul data-start=\"288\" data-end=\"461\">\n<li data-start=\"288\" data-end=\"334\">\n<p data-start=\"290\" data-end=\"334\">En rik k\u00e4lla till fibrer, j\u00e4rn och naturlig energi<\/p>\n<\/li>\n<li data-start=\"335\" data-end=\"367\">\n<p data-start=\"337\" data-end=\"367\">Naturligt s\u00f6t smak utan tillsatt socker<\/p>\n<\/li>\n<li data-start=\"368\" data-end=\"419\">\n<p data-start=\"370\" data-end=\"419\">Perfekt f\u00f6r desserter och sallader eller f\u00f6r att \u00e4tas direkt<\/p>\n<\/li>\n<li data-start=\"420\" data-end=\"461\">\n<p data-start=\"422\" data-end=\"461\">Veganv\u00e4nlig och fri fr\u00e5n konserveringsmedel<\/p>\n<\/li>\n<\/ul>\n<p data-start=\"463\" data-end=\"474\"><strong data-start=\"463\" data-end=\"474\">Detaljer:<\/strong><\/p>\n<ul data-start=\"476\" data-end=\"619\">\n<li data-start=\"476\" data-end=\"495\">\n<p data-start=\"478\" data-end=\"495\">Vikt: 100 gram<\/p>\n<\/li>\n<li data-start=\"551\" data-end=\"619\">\n<p data-start=\"553\" data-end=\"619\">F\u00f6rvaring: F\u00f6rvaras svalt, torrt och skyddat fr\u00e5n fukt och solljus<\/p>\n<\/li>\n<\/ul>","protected":false},"excerpt":{"rendered":"<p>H\u00f6gkvalitativa russin \u00e4r naturligt torkade f\u00f6r att beh\u00e5lla sitt n\u00e4ringsv\u00e4rde och sin s\u00f6ta smak. De kan \u00e4tas som mellanm\u00e5l, l\u00e4ggas till bakverk, sallader eller till och med blandas med n\u00f6tter f\u00f6r en perfekt energimix.<\/p>","protected":false},"featured_media":52520,"template":"","meta":[],"product_brand":[],"product_cat":[349,327,423],"product_tag":[],"class_list":{"0":"post-52518","1":"product","2":"type-product","3":"status-publish","4":"has-post-thumbnail","6":"product_cat-349","7":"product_cat-327","8":"product_cat-423","10":"first","11":"outofstock","12":"taxable","13":"shipping-taxable","14":"purchasable","15":"product-type-simple"},"_links":{"self":[{"href":"https:\/\/senabel.com\/sv\/wp-json\/wp\/v2\/product\/52518","targetHints":{"allow":["GET"]}}],"collection":[{"href":"https:\/\/senabel.com\/sv\/wp-json\/wp\/v2\/product"}],"about":[{"href":"https:\/\/senabel.com\/sv\/wp-json\/wp\/v2\/types\/product"}],"version-history":[{"count":1,"href":"https:\/\/senabel.com\/sv\/wp-json\/wp\/v2\/product\/52518\/revisions"}],"predecessor-version":[{"id":52521,"href":"https:\/\/senabel.com\/sv\/wp-json\/wp\/v2\/product\/52518\/revisions\/52521"}],"wp:featuredmedia":[{"embeddable":true,"href":"https:\/\/senabel.com\/sv\/wp-json\/wp\/v2\/media\/52520"}],"wp:attachment":[{"href":"https:\/\/senabel.com\/sv\/wp-json\/wp\/v2\/media?parent=52518"}],"wp:term":[{"taxonomy":"product_brand","embeddable":true,"href":"https:\/\/senabel.com\/sv\/wp-json\/wp\/v2\/product_brand?post=52518"},{"taxonomy":"product_cat","embeddable":true,"href":"https:\/\/senabel.com\/sv\/wp-json\/wp\/v2\/product_cat?post=52518"},{"taxonomy":"product_tag","embeddable":true,"href":"https:\/\/senabel.com\/sv\/wp-json\/wp\/v2\/product_tag?post=52518"}],"curies":[{"name":"wp","href":"https:\/\/api.w.org\/{rel}","templated":true}]}}