{"id":52489,"date":"2025-06-10T16:18:21","date_gmt":"2025-06-10T16:18:21","guid":{"rendered":"https:\/\/senabel.com\/?post_type=product&#038;p=52489"},"modified":"2025-10-05T14:21:00","modified_gmt":"2025-10-05T14:21:00","slug":"chokladmjolk-dadlar-fyllda-med-mandel-och-overdragna-med-choklad-200g","status":"publish","type":"product","link":"https:\/\/senabel.com\/sv\/product\/chocolate-milk-dates-stuffed-with-almonds-and-covered-with-chocolate-200g\/","title":{"rendered":"Mj\u00f6lkchoklad - dadlar fyllda med mandel och \u00f6verdragna med choklad - 220 g"},"content":{"rendered":"<p data-start=\"219\" data-end=\"455\">Uppt\u00e4ck den perfekta balansen mellan autentisk arabisk smak och v\u00e4sterl\u00e4ndsk njutning! Milk ChocoDate \u00e4r en unik dessert som best\u00e5r av mjuka dadlar fyllda med rostade mandlar och \u00f6verdragna med ett lyxigt lager mj\u00f6lkchoklad. En lyxig produkt tillverkad i Dubai, med noggrant utvalda ingredienser, som passar f\u00f6r alla tillf\u00e4llen.<\/p>\n<p data-start=\"457\" data-end=\"475\"><strong data-start=\"457\" data-end=\"475\">Produktens egenskaper:<\/strong><\/p>\n<ul data-start=\"477\" data-end=\"639\">\n<li data-start=\"477\" data-end=\"509\">\n<p data-start=\"479\" data-end=\"509\">Naturliga dadlar fyllda med hela mandlar<\/p>\n<\/li>\n<li data-start=\"510\" data-end=\"541\">\n<p data-start=\"512\" data-end=\"541\">Fylld med fyllig och fr\u00e4sch mj\u00f6lkchoklad<\/p>\n<\/li>\n<li data-start=\"542\" data-end=\"571\">\n<p data-start=\"544\" data-end=\"571\">100% glutenfri<\/p>\n<\/li>\n<li data-start=\"572\" data-end=\"584\">\n<p data-start=\"574\" data-end=\"584\">Halal-certifierad<\/p>\n<\/li>\n<li data-start=\"585\" data-end=\"639\">\n<p data-start=\"587\" data-end=\"639\">Varje artikel \u00e4r individuellt f\u00f6rpackad f\u00f6r att bibeh\u00e5lla f\u00e4rskhet och hygien<\/p>\n<\/li>\n<\/ul>\n<p data-start=\"641\" data-end=\"655\"><strong data-start=\"641\" data-end=\"655\">Specifikationer:<\/strong><\/p>\n<ul data-start=\"657\" data-end=\"803\">\n<li data-start=\"657\" data-end=\"681\">\n<p data-start=\"659\" data-end=\"681\">Nettovikt: 220g<\/p>\n<\/li>\n<li data-start=\"682\" data-end=\"724\">\n<p data-start=\"684\" data-end=\"724\">Antal portioner: Cirka 20 stycken (per f\u00f6rpackning)<\/p>\n<\/li>\n<li data-start=\"725\" data-end=\"758\">\n<p data-start=\"727\" data-end=\"758\">Kalorier per portion: 55 kalorier<\/p>\n<\/li>\n<li data-start=\"759\" data-end=\"803\">\n<p data-start=\"761\" data-end=\"803\">Land av ursprung: F\u00f6renade Arabemiraten - Dubai<\/p>\n<\/li>\n<\/ul>\n<p data-start=\"805\" data-end=\"821\"><strong data-start=\"805\" data-end=\"821\">S\u00e4ttet att spara:<\/strong><\/p>\n<ul data-start=\"823\" data-end=\"915\">\n<li data-start=\"823\" data-end=\"869\">\n<p data-start=\"825\" data-end=\"869\">F\u00f6rvaras p\u00e5 en sval och torr plats (18-23\u00b0C)<\/p>\n<\/li>\n<li data-start=\"870\" data-end=\"915\">\n<p data-start=\"872\" data-end=\"915\">B\u00e4st att konsumera f\u00f6re datumet p\u00e5 f\u00f6rpackningen<\/p>\n<\/li>\n<\/ul>","protected":false},"excerpt":{"rendered":"<p>Uppt\u00e4ck den perfekta balansen mellan autentisk arabisk smak och v\u00e4sterl\u00e4ndsk njutning! Milk ChocoDate \u00e4r en unik dessert som best\u00e5r av mjuka dadlar fyllda med rostade mandlar och \u00f6verdragna med ett lyxigt lager mj\u00f6lkchoklad. En lyxig produkt tillverkad i Dubai, med noggrant utvalda ingredienser, som passar f\u00f6r alla tillf\u00e4llen.<\/p>","protected":false},"featured_media":52490,"template":"","meta":[],"product_brand":[],"product_cat":[347,309,297],"product_tag":[],"class_list":{"0":"post-52489","1":"product","2":"type-product","3":"status-publish","4":"has-post-thumbnail","6":"product_cat-347","7":"product_cat-309","8":"product_cat-297","10":"first","11":"outofstock","12":"taxable","13":"shipping-taxable","14":"purchasable","15":"product-type-simple"},"_links":{"self":[{"href":"https:\/\/senabel.com\/sv\/wp-json\/wp\/v2\/product\/52489","targetHints":{"allow":["GET"]}}],"collection":[{"href":"https:\/\/senabel.com\/sv\/wp-json\/wp\/v2\/product"}],"about":[{"href":"https:\/\/senabel.com\/sv\/wp-json\/wp\/v2\/types\/product"}],"version-history":[{"count":3,"href":"https:\/\/senabel.com\/sv\/wp-json\/wp\/v2\/product\/52489\/revisions"}],"predecessor-version":[{"id":56104,"href":"https:\/\/senabel.com\/sv\/wp-json\/wp\/v2\/product\/52489\/revisions\/56104"}],"wp:featuredmedia":[{"embeddable":true,"href":"https:\/\/senabel.com\/sv\/wp-json\/wp\/v2\/media\/52490"}],"wp:attachment":[{"href":"https:\/\/senabel.com\/sv\/wp-json\/wp\/v2\/media?parent=52489"}],"wp:term":[{"taxonomy":"product_brand","embeddable":true,"href":"https:\/\/senabel.com\/sv\/wp-json\/wp\/v2\/product_brand?post=52489"},{"taxonomy":"product_cat","embeddable":true,"href":"https:\/\/senabel.com\/sv\/wp-json\/wp\/v2\/product_cat?post=52489"},{"taxonomy":"product_tag","embeddable":true,"href":"https:\/\/senabel.com\/sv\/wp-json\/wp\/v2\/product_tag?post=52489"}],"curies":[{"name":"wp","href":"https:\/\/api.w.org\/{rel}","templated":true}]}}