{"id":51770,"date":"2025-05-27T08:52:58","date_gmt":"2025-05-27T08:52:58","guid":{"rendered":"https:\/\/senabel.com\/?post_type=product&#038;p=51770"},"modified":"2025-10-14T14:59:36","modified_gmt":"2025-10-14T14:59:36","slug":"choklad-med-kaffe-och-kaffebonor-500g","status":"publish","type":"product","link":"https:\/\/senabel.com\/sv\/product\/chocolate-with-coffee-and-coffee-beans-500g\/","title":{"rendered":"Choklad med kaffe och kaffeb\u00f6nor - 500g"},"content":{"rendered":"<p data-start=\"108\" data-end=\"296\">En rik och oemotst\u00e5ndlig kombination av len choklad och \u00e4kta kaffesmak med en touch av lyx i form av en rostad kaffeb\u00f6na i hj\u00e4rtat av varje bit. En upplevelse f\u00f6r b\u00e5de kaffe- och choklad\u00e4lskare.<\/p>\n<p data-start=\"298\" data-end=\"316\"><strong data-start=\"298\" data-end=\"316\">Produktens egenskaper:<\/strong><\/p>\n<ul data-start=\"318\" data-end=\"512\">\n<li data-start=\"318\" data-end=\"349\">\n<p data-start=\"320\" data-end=\"349\">Mj\u00f6lkchoklad med kaffesmak<\/p>\n<\/li>\n<li data-start=\"350\" data-end=\"415\">\n<p data-start=\"352\" data-end=\"415\">En rostad kaffeb\u00f6na i varje bit ger en touch av krispighet och djup smak<\/p>\n<\/li>\n<li data-start=\"416\" data-end=\"466\">\n<p data-start=\"418\" data-end=\"466\">Individuellt f\u00f6rpackad i lyxigt metallpapper i en elegant rosa f\u00e4rg<\/p>\n<\/li>\n<li data-start=\"467\" data-end=\"512\">\n<p data-start=\"469\" data-end=\"512\">Idealisk f\u00f6r g\u00e4stfrihet eller som en lyxig vardagsdessert<\/p>\n<\/li>\n<\/ul>\n<p data-start=\"514\" data-end=\"525\"><strong data-start=\"514\" data-end=\"525\">Detaljer:<\/strong><\/p>\n<ul data-start=\"527\" data-end=\"604\">\n<li data-start=\"527\" data-end=\"553\">\n<p data-start=\"529\" data-end=\"553\">Nettovikt: 500g<\/p>\n<\/li>\n<li>Antal bitar: Cirka 40 stycken per kilo<\/li>\n<li data-start=\"554\" data-end=\"584\">\n<p data-start=\"556\" data-end=\"584\">F\u00f6rpackning: Individuellt f\u00f6rpackade p\u00e4rlor<\/p>\n<\/li>\n<li data-start=\"585\" data-end=\"604\">\n<p data-start=\"587\" data-end=\"604\">Land av ursprung: Turkiet<\/p>\n<\/li>\n<\/ul>\n<p data-start=\"606\" data-end=\"622\"><strong data-start=\"606\" data-end=\"622\">S\u00e4ttet att spara:<\/strong><\/p>\n<p data-start=\"624\" data-end=\"694\">F\u00f6rvaras svalt, torrt och skyddat fr\u00e5n direkt solljus och h\u00f6ga temperaturer<\/p>","protected":false},"excerpt":{"rendered":"<p>En rik och oemotst\u00e5ndlig kombination av len choklad och \u00e4kta kaffesmak med en touch av lyx i form av en rostad kaffeb\u00f6na i hj\u00e4rtat av varje bit. En upplevelse f\u00f6r b\u00e5de kaffe- och choklad\u00e4lskare.<\/p>","protected":false},"featured_media":51771,"template":"","meta":[],"product_brand":[],"product_cat":[347,297],"product_tag":[],"class_list":{"0":"post-51770","1":"product","2":"type-product","3":"status-publish","4":"has-post-thumbnail","6":"product_cat-347","7":"product_cat-297","9":"first","10":"outofstock","11":"taxable","12":"shipping-taxable","13":"purchasable","14":"product-type-simple"},"_links":{"self":[{"href":"https:\/\/senabel.com\/sv\/wp-json\/wp\/v2\/product\/51770","targetHints":{"allow":["GET"]}}],"collection":[{"href":"https:\/\/senabel.com\/sv\/wp-json\/wp\/v2\/product"}],"about":[{"href":"https:\/\/senabel.com\/sv\/wp-json\/wp\/v2\/types\/product"}],"version-history":[{"count":5,"href":"https:\/\/senabel.com\/sv\/wp-json\/wp\/v2\/product\/51770\/revisions"}],"predecessor-version":[{"id":56621,"href":"https:\/\/senabel.com\/sv\/wp-json\/wp\/v2\/product\/51770\/revisions\/56621"}],"wp:featuredmedia":[{"embeddable":true,"href":"https:\/\/senabel.com\/sv\/wp-json\/wp\/v2\/media\/51771"}],"wp:attachment":[{"href":"https:\/\/senabel.com\/sv\/wp-json\/wp\/v2\/media?parent=51770"}],"wp:term":[{"taxonomy":"product_brand","embeddable":true,"href":"https:\/\/senabel.com\/sv\/wp-json\/wp\/v2\/product_brand?post=51770"},{"taxonomy":"product_cat","embeddable":true,"href":"https:\/\/senabel.com\/sv\/wp-json\/wp\/v2\/product_cat?post=51770"},{"taxonomy":"product_tag","embeddable":true,"href":"https:\/\/senabel.com\/sv\/wp-json\/wp\/v2\/product_tag?post=51770"}],"curies":[{"name":"wp","href":"https:\/\/api.w.org\/{rel}","templated":true}]}}