{"id":51753,"date":"2025-05-27T08:42:27","date_gmt":"2025-05-27T08:42:27","guid":{"rendered":"https:\/\/senabel.com\/?post_type=product&#038;p=51753"},"modified":"2025-07-01T12:39:18","modified_gmt":"2025-07-01T12:39:18","slug":"rocher-mork-pistaschchoklad-500g","status":"publish","type":"product","link":"https:\/\/senabel.com\/sv\/product\/rocher-dark-pistachio-chocolate-500g\/","title":{"rendered":"Rocher Pistachio m\u00f6rk choklad - 500 g"},"content":{"rendered":"<p data-start=\"121\" data-end=\"306\">Uppt\u00e4ck njutningen av djup smak med Rochers lyxiga choklad fylld med pistagen\u00f6tter och \u00f6verdragen med ett lager rik m\u00f6rk choklad. En mjuk och lyxig upplevelse som f\u00e4ngslar sinnena fr\u00e5n f\u00f6rsta tuggan, perfekt f\u00f6r \u00e4lskare av fin choklad.<\/p>\n<p data-start=\"308\" data-end=\"326\"><strong data-start=\"308\" data-end=\"326\">Produktens egenskaper:<\/strong><\/p>\n<ul data-start=\"328\" data-end=\"522\">\n<li data-start=\"328\" data-end=\"371\">\n<p data-start=\"330\" data-end=\"371\">M\u00f6rk premiumchoklad f\u00f6rpackad i en elegant sf\u00e4risk form<\/p>\n<\/li>\n<li data-start=\"372\" data-end=\"420\">\n<p data-start=\"374\" data-end=\"420\">En naturlig pistagefyllning f\u00f6r en rik och balanserad smak<\/p>\n<\/li>\n<li data-start=\"421\" data-end=\"475\">\n<p data-start=\"423\" data-end=\"475\">Elegant, individualiserad f\u00f6rpackning som bevarar f\u00e4rskheten och ger en sofistikerad k\u00e4nsla<\/p>\n<\/li>\n<li data-start=\"476\" data-end=\"522\">\n<p data-start=\"478\" data-end=\"522\">Perfekt f\u00f6r lyxig g\u00e4stfrihet eller som en uts\u00f6kt present till en n\u00e4ra och k\u00e4ra<\/p>\n<\/li>\n<\/ul>\n<p data-start=\"524\" data-end=\"535\"><strong data-start=\"524\" data-end=\"535\">Detaljer:<\/strong><\/p>\n<ul data-start=\"537\" data-end=\"638\">\n<li data-start=\"537\" data-end=\"563\">\n<p data-start=\"539\" data-end=\"563\">Nettovikt: 500g<\/p>\n<\/li>\n<li>Antal bitar: Cirka 40 stycken per kilo<\/li>\n<li data-start=\"564\" data-end=\"618\">\n<p data-start=\"566\" data-end=\"618\">F\u00f6rpackning: Individuellt inslagna p\u00e4rlor i lyxigt r\u00f6tt metallicpapper<\/p>\n<\/li>\n<li data-start=\"619\" data-end=\"638\">\n<p data-start=\"621\" data-end=\"638\">Land av ursprung: Turkiet<\/p>\n<\/li>\n<\/ul>\n<p data-start=\"640\" data-end=\"656\"><strong data-start=\"640\" data-end=\"656\">S\u00e4ttet att spara:<\/strong><\/p>\n<p data-start=\"658\" data-end=\"711\">F\u00f6rvaras svalt, torrt och skyddat fr\u00e5n direkt solljus<\/p>","protected":false},"excerpt":{"rendered":"<p>Uppt\u00e4ck njutningen av djup smak med Rochers lyxiga choklad fylld med pistagen\u00f6tter och \u00f6verdragen med ett lager rik m\u00f6rk choklad. En mjuk och lyxig upplevelse som f\u00e4ngslar sinnena fr\u00e5n f\u00f6rsta tuggan, perfekt f\u00f6r \u00e4lskare av fin choklad.<\/p>","protected":false},"featured_media":51754,"template":"","meta":[],"product_brand":[],"product_cat":[347,297],"product_tag":[],"class_list":{"0":"post-51753","1":"product","2":"type-product","3":"status-publish","4":"has-post-thumbnail","6":"product_cat-347","7":"product_cat-297","9":"first","10":"outofstock","11":"featured","12":"taxable","13":"shipping-taxable","14":"purchasable","15":"product-type-simple"},"_links":{"self":[{"href":"https:\/\/senabel.com\/sv\/wp-json\/wp\/v2\/product\/51753","targetHints":{"allow":["GET"]}}],"collection":[{"href":"https:\/\/senabel.com\/sv\/wp-json\/wp\/v2\/product"}],"about":[{"href":"https:\/\/senabel.com\/sv\/wp-json\/wp\/v2\/types\/product"}],"version-history":[{"count":4,"href":"https:\/\/senabel.com\/sv\/wp-json\/wp\/v2\/product\/51753\/revisions"}],"predecessor-version":[{"id":53325,"href":"https:\/\/senabel.com\/sv\/wp-json\/wp\/v2\/product\/51753\/revisions\/53325"}],"wp:featuredmedia":[{"embeddable":true,"href":"https:\/\/senabel.com\/sv\/wp-json\/wp\/v2\/media\/51754"}],"wp:attachment":[{"href":"https:\/\/senabel.com\/sv\/wp-json\/wp\/v2\/media?parent=51753"}],"wp:term":[{"taxonomy":"product_brand","embeddable":true,"href":"https:\/\/senabel.com\/sv\/wp-json\/wp\/v2\/product_brand?post=51753"},{"taxonomy":"product_cat","embeddable":true,"href":"https:\/\/senabel.com\/sv\/wp-json\/wp\/v2\/product_cat?post=51753"},{"taxonomy":"product_tag","embeddable":true,"href":"https:\/\/senabel.com\/sv\/wp-json\/wp\/v2\/product_tag?post=51753"}],"curies":[{"name":"wp","href":"https:\/\/api.w.org\/{rel}","templated":true}]}}