{"id":51750,"date":"2025-05-27T08:39:49","date_gmt":"2025-05-27T08:39:49","guid":{"rendered":"https:\/\/senabel.com\/?post_type=product&#038;p=51750"},"modified":"2025-07-01T12:39:23","modified_gmt":"2025-07-01T12:39:23","slug":"choklad-med-hasselnotter-och-kakaogradde-500g","status":"publish","type":"product","link":"https:\/\/senabel.com\/sv\/product\/chocolate-with-hazelnuts-and-cocoa-cream-500g\/","title":{"rendered":"Choklad med hasseln\u00f6t och kakao - 500 g"},"content":{"rendered":"<p data-start=\"134\" data-end=\"337\">L\u00e5t dina sinnen njuta av en rik upplevelse med en lyxig choklad fylld med kakao och hasseln\u00f6tskr\u00e4m, elegant f\u00f6rpackad i en attraktiv metallfolie. Den lena smaken och den balanserade smaken mellan kr\u00e4mens s\u00f6tma och l\u00e4tthet g\u00f6r den till ett utm\u00e4rkt val f\u00f6r alla tillf\u00e4llen.<\/p>\n<p data-start=\"339\" data-end=\"357\"><strong data-start=\"339\" data-end=\"357\">Produktens egenskaper:<\/strong><\/p>\n<ul data-start=\"359\" data-end=\"558\">\n<li data-start=\"359\" data-end=\"420\">\n<p data-start=\"361\" data-end=\"420\">En lyxig chokladb\u00f6na fylld med len kakaokr\u00e4m med en hint av hasseln\u00f6t<\/p>\n<\/li>\n<li data-start=\"421\" data-end=\"463\">\n<p data-start=\"423\" data-end=\"463\">Snygga individuella f\u00f6rpackningar som bevarar smak och hygien<\/p>\n<\/li>\n<li data-start=\"464\" data-end=\"516\">\n<p data-start=\"466\" data-end=\"516\">Mjuk konsistens som sm\u00e4lter i munnen med en balanserad smak som tillfredsst\u00e4ller alla smaker<\/p>\n<\/li>\n<li data-start=\"517\" data-end=\"558\">\n<p data-start=\"519\" data-end=\"558\">Idealisk f\u00f6r representation eller som en sofistikerad g\u00e5va<\/p>\n<\/li>\n<\/ul>\n<p data-start=\"560\" data-end=\"571\"><strong data-start=\"560\" data-end=\"571\">Detaljer:<\/strong><\/p>\n<ul data-start=\"573\" data-end=\"670\">\n<li data-start=\"573\" data-end=\"599\">\n<p data-start=\"575\" data-end=\"599\">Nettovikt: 500g<\/p>\n<\/li>\n<li>Antal bitar: Cirka 40 stycken per kilo<\/li>\n<li data-start=\"600\" data-end=\"650\">\n<p data-start=\"602\" data-end=\"650\">F\u00f6rpackning: Individuellt f\u00f6rpackade p\u00e4rlor i premium metallic-papper<\/p>\n<\/li>\n<li data-start=\"651\" data-end=\"670\">\n<p data-start=\"653\" data-end=\"670\">Land av ursprung: Turkiet<\/p>\n<\/li>\n<\/ul>\n<p data-start=\"672\" data-end=\"688\"><strong data-start=\"672\" data-end=\"688\">S\u00e4ttet att spara:<\/strong><\/p>\n<p data-start=\"690\" data-end=\"743\">F\u00f6rvaras svalt, torrt och skyddat fr\u00e5n direkt solljus<\/p>","protected":false},"excerpt":{"rendered":"<p>L\u00e5t dina sinnen njuta av en rik upplevelse med en lyxig choklad fylld med kakao och hasseln\u00f6tskr\u00e4m, elegant f\u00f6rpackad i en attraktiv metallfolie. Den lena smaken och den balanserade smaken mellan kr\u00e4mens s\u00f6tma och l\u00e4tthet g\u00f6r den till ett utm\u00e4rkt val f\u00f6r alla tillf\u00e4llen.<\/p>","protected":false},"featured_media":51751,"template":"","meta":[],"product_brand":[],"product_cat":[347,297],"product_tag":[],"class_list":{"0":"post-51750","1":"product","2":"type-product","3":"status-publish","4":"has-post-thumbnail","6":"product_cat-347","7":"product_cat-297","9":"first","10":"outofstock","11":"taxable","12":"shipping-taxable","13":"purchasable","14":"product-type-simple"},"_links":{"self":[{"href":"https:\/\/senabel.com\/sv\/wp-json\/wp\/v2\/product\/51750","targetHints":{"allow":["GET"]}}],"collection":[{"href":"https:\/\/senabel.com\/sv\/wp-json\/wp\/v2\/product"}],"about":[{"href":"https:\/\/senabel.com\/sv\/wp-json\/wp\/v2\/types\/product"}],"version-history":[{"count":4,"href":"https:\/\/senabel.com\/sv\/wp-json\/wp\/v2\/product\/51750\/revisions"}],"predecessor-version":[{"id":53326,"href":"https:\/\/senabel.com\/sv\/wp-json\/wp\/v2\/product\/51750\/revisions\/53326"}],"wp:featuredmedia":[{"embeddable":true,"href":"https:\/\/senabel.com\/sv\/wp-json\/wp\/v2\/media\/51751"}],"wp:attachment":[{"href":"https:\/\/senabel.com\/sv\/wp-json\/wp\/v2\/media?parent=51750"}],"wp:term":[{"taxonomy":"product_brand","embeddable":true,"href":"https:\/\/senabel.com\/sv\/wp-json\/wp\/v2\/product_brand?post=51750"},{"taxonomy":"product_cat","embeddable":true,"href":"https:\/\/senabel.com\/sv\/wp-json\/wp\/v2\/product_cat?post=51750"},{"taxonomy":"product_tag","embeddable":true,"href":"https:\/\/senabel.com\/sv\/wp-json\/wp\/v2\/product_tag?post=51750"}],"curies":[{"name":"wp","href":"https:\/\/api.w.org\/{rel}","templated":true}]}}