{"id":51747,"date":"2025-05-27T08:36:10","date_gmt":"2025-05-27T08:36:10","guid":{"rendered":"https:\/\/senabel.com\/?post_type=product&#038;p=51747"},"modified":"2025-07-21T10:06:03","modified_gmt":"2025-07-21T10:06:03","slug":"mork-choklad-med-hasselnotter-500g","status":"publish","type":"product","link":"https:\/\/senabel.com\/sv\/product\/dark-chocolate-with-hazelnuts-500g\/","title":{"rendered":"M\u00f6rk choklad, hasseln\u00f6t - 500g"},"content":{"rendered":"<p data-start=\"157\" data-end=\"395\">F\u00f6rh\u00f6j din gastronomiska upplevelse med dessa m\u00f6rka chokladrutor fyllda med hela hasseln\u00f6tter och inslagna i elegant rosa papper. En klassiskt raffinerad dessert som kombinerar en lyxig smak med ett i\u00f6gonfallande utseende, perfekt f\u00f6r tillf\u00e4llen eller som en elegant present till choklad\u00e4lskare.<\/p>\n<p data-start=\"397\" data-end=\"415\"><strong data-start=\"397\" data-end=\"415\">Produktens egenskaper:<\/strong><\/p>\n<ul data-start=\"417\" data-end=\"607\">\n<li data-start=\"417\" data-end=\"468\">\n<p data-start=\"419\" data-end=\"468\">Lyxig m\u00f6rk choklad som omsluter hela, rostade hasseln\u00f6tter<\/p>\n<\/li>\n<li data-start=\"469\" data-end=\"511\">\n<p data-start=\"471\" data-end=\"511\">Individuellt f\u00f6rpackade rutor f\u00f6r en elegant och enkel presentation<\/p>\n<\/li>\n<li data-start=\"512\" data-end=\"566\">\n<p data-start=\"514\" data-end=\"566\">En rik och balanserad smak av koncentrerad choklad och hasseln\u00f6tscrunch<\/p>\n<\/li>\n<li data-start=\"567\" data-end=\"607\">\n<p data-start=\"569\" data-end=\"607\">En lyxig look som ger en touch av klass till alla tillf\u00e4llen<\/p>\n<\/li>\n<\/ul>\n<p data-start=\"609\" data-end=\"620\"><strong data-start=\"609\" data-end=\"620\">Detaljer:<\/strong><\/p>\n<ul data-start=\"622\" data-end=\"719\">\n<li data-start=\"622\" data-end=\"648\">\n<p data-start=\"624\" data-end=\"648\">Nettovikt: 500g<\/p>\n<\/li>\n<li>Antal bitar: Cirka 40 stycken per kilo<\/li>\n<li data-start=\"700\" data-end=\"719\">\n<p data-start=\"702\" data-end=\"719\">Land av ursprung: Turkiet<\/p>\n<\/li>\n<\/ul>\n<p data-start=\"721\" data-end=\"737\"><strong data-start=\"721\" data-end=\"737\">S\u00e4ttet att spara:<\/strong><\/p>\n<p data-start=\"739\" data-end=\"792\">F\u00f6rvaras svalt, torrt och skyddat fr\u00e5n direkt solljus<\/p>","protected":false},"excerpt":{"rendered":"<p>F\u00f6rh\u00f6j din gastronomiska upplevelse med dessa m\u00f6rka chokladrutor fyllda med hela hasseln\u00f6tter och inslagna i elegant rosa papper. En klassiskt raffinerad dessert som kombinerar en lyxig smak med ett i\u00f6gonfallande utseende, perfekt f\u00f6r tillf\u00e4llen eller som en elegant present till choklad\u00e4lskare.<\/p>","protected":false},"featured_media":51748,"template":"","meta":[],"product_brand":[],"product_cat":[347,297],"product_tag":[],"class_list":{"0":"post-51747","1":"product","2":"type-product","3":"status-publish","4":"has-post-thumbnail","6":"product_cat-347","7":"product_cat-297","9":"first","10":"outofstock","11":"taxable","12":"shipping-taxable","13":"purchasable","14":"product-type-simple"},"_links":{"self":[{"href":"https:\/\/senabel.com\/sv\/wp-json\/wp\/v2\/product\/51747","targetHints":{"allow":["GET"]}}],"collection":[{"href":"https:\/\/senabel.com\/sv\/wp-json\/wp\/v2\/product"}],"about":[{"href":"https:\/\/senabel.com\/sv\/wp-json\/wp\/v2\/types\/product"}],"version-history":[{"count":3,"href":"https:\/\/senabel.com\/sv\/wp-json\/wp\/v2\/product\/51747\/revisions"}],"predecessor-version":[{"id":53327,"href":"https:\/\/senabel.com\/sv\/wp-json\/wp\/v2\/product\/51747\/revisions\/53327"}],"wp:featuredmedia":[{"embeddable":true,"href":"https:\/\/senabel.com\/sv\/wp-json\/wp\/v2\/media\/51748"}],"wp:attachment":[{"href":"https:\/\/senabel.com\/sv\/wp-json\/wp\/v2\/media?parent=51747"}],"wp:term":[{"taxonomy":"product_brand","embeddable":true,"href":"https:\/\/senabel.com\/sv\/wp-json\/wp\/v2\/product_brand?post=51747"},{"taxonomy":"product_cat","embeddable":true,"href":"https:\/\/senabel.com\/sv\/wp-json\/wp\/v2\/product_cat?post=51747"},{"taxonomy":"product_tag","embeddable":true,"href":"https:\/\/senabel.com\/sv\/wp-json\/wp\/v2\/product_tag?post=51747"}],"curies":[{"name":"wp","href":"https:\/\/api.w.org\/{rel}","templated":true}]}}