{"id":51711,"date":"2025-05-26T20:39:42","date_gmt":"2025-05-26T20:39:42","guid":{"rendered":"https:\/\/senabel.com\/?post_type=product&#038;p=51711"},"modified":"2025-09-02T11:15:18","modified_gmt":"2025-09-02T11:15:18","slug":"blandad-fruktgele","status":"publish","type":"product","link":"https:\/\/senabel.com\/sv\/product\/mixed-fruit-gelatin3\/","title":{"rendered":"Gelatin med blandad frukt - 500 g"},"content":{"rendered":"<p data-start=\"133\" data-end=\"389\">Sk\u00e4m bort dina sinnen med denna naturliga fruktgel\u00e9l\u00e5da i en m\u00e4ngd olika smaker och ljusa f\u00e4rger, en vegansk och djurgelatinfri dessert som passar hela familjen, ett utm\u00e4rkt val f\u00f6r servering vid evenemang, fester eller som ett vardagligt mellanm\u00e5l.<\/p>\n<p data-start=\"391\" data-end=\"409\"><strong data-start=\"391\" data-end=\"409\">Produktens egenskaper:<\/strong><\/p>\n<ul data-start=\"410\" data-end=\"577\">\n<li data-start=\"410\" data-end=\"481\">\n<p data-start=\"412\" data-end=\"481\">En kombination av fruktsmaker: Hallon, jordgubbar, \u00e4pple, ananas, apelsin m.m.<\/p>\n<\/li>\n<li data-start=\"482\" data-end=\"522\">\n<p data-start=\"484\" data-end=\"522\">Mjuk gel\u00e9struktur och i\u00f6gonfallande f\u00e4rg<\/p>\n<\/li>\n<li data-start=\"523\" data-end=\"563\">\n<p data-start=\"525\" data-end=\"563\">Vegansk 100% och fri fr\u00e5n animaliskt gelatin<\/p>\n<\/li>\n<li data-start=\"564\" data-end=\"577\">\n<p data-start=\"566\" data-end=\"577\">Halal och certifierad<\/p>\n<\/li>\n<\/ul>\n<p data-start=\"579\" data-end=\"590\"><strong data-start=\"579\" data-end=\"590\">Detaljer:<\/strong><\/p>\n<ul data-start=\"591\" data-end=\"671\">\n<li data-start=\"591\" data-end=\"611\">\n<p data-start=\"593\" data-end=\"611\">Vikt: 500 gram<\/p>\n<\/li>\n<li data-start=\"591\" data-end=\"611\">\n<p data-start=\"219\" data-end=\"235\">Utm\u00e4rkande smaker:<\/p>\n<ul data-start=\"238\" data-end=\"313\">\n<li data-start=\"282\" data-end=\"292\">\n<p data-start=\"284\" data-end=\"292\">Citron<\/p>\n<\/li>\n<li data-start=\"295\" data-end=\"305\">\n<p data-start=\"297\" data-end=\"305\">Jordgubbar<\/p>\n<\/li>\n<\/ul>\n<\/li>\n<\/ul>\n<p data-start=\"673\" data-end=\"689\"><strong data-start=\"673\" data-end=\"689\">S\u00e4ttet att spara:<\/strong><\/p>\n<ul data-start=\"690\" data-end=\"745\">\n<li data-start=\"690\" data-end=\"745\">\n<p data-start=\"692\" data-end=\"745\">F\u00f6rvara p\u00e5 en sval, torr plats, skyddad fr\u00e5n v\u00e4rme och solljus<\/p>\n<\/li>\n<\/ul>","protected":false},"excerpt":{"rendered":"<p>Sk\u00e4m bort dina sinnen med denna naturliga fruktgel\u00e9l\u00e5da i en m\u00e4ngd olika smaker och ljusa f\u00e4rger, en vegansk och djurgelatinfri dessert som passar hela familjen, ett utm\u00e4rkt val f\u00f6r servering vid evenemang, fester eller som ett vardagligt mellanm\u00e5l.<\/p>\n<p data-start=\"219\" data-end=\"235\"><strong>\u00a0Utm\u00e4rkande smaker:<\/strong><\/p>\n<ul data-start=\"238\" data-end=\"313\">\n<li data-start=\"282\" data-end=\"292\">\n<p data-start=\"284\" data-end=\"292\">Citron<\/p>\n<\/li>\n<li data-start=\"295\" data-end=\"305\">\n<p data-start=\"297\" data-end=\"305\">Jordgubbar<\/p>\n<\/li>\n<\/ul>","protected":false},"featured_media":51712,"template":"","meta":[],"product_brand":[],"product_cat":[299,297],"product_tag":[],"class_list":{"0":"post-51711","1":"product","2":"type-product","3":"status-publish","4":"has-post-thumbnail","6":"product_cat-299","7":"product_cat-297","9":"first","10":"outofstock","11":"taxable","12":"shipping-taxable","13":"product-type-variable"},"_links":{"self":[{"href":"https:\/\/senabel.com\/sv\/wp-json\/wp\/v2\/product\/51711","targetHints":{"allow":["GET"]}}],"collection":[{"href":"https:\/\/senabel.com\/sv\/wp-json\/wp\/v2\/product"}],"about":[{"href":"https:\/\/senabel.com\/sv\/wp-json\/wp\/v2\/types\/product"}],"version-history":[{"count":8,"href":"https:\/\/senabel.com\/sv\/wp-json\/wp\/v2\/product\/51711\/revisions"}],"predecessor-version":[{"id":55214,"href":"https:\/\/senabel.com\/sv\/wp-json\/wp\/v2\/product\/51711\/revisions\/55214"}],"wp:featuredmedia":[{"embeddable":true,"href":"https:\/\/senabel.com\/sv\/wp-json\/wp\/v2\/media\/51712"}],"wp:attachment":[{"href":"https:\/\/senabel.com\/sv\/wp-json\/wp\/v2\/media?parent=51711"}],"wp:term":[{"taxonomy":"product_brand","embeddable":true,"href":"https:\/\/senabel.com\/sv\/wp-json\/wp\/v2\/product_brand?post=51711"},{"taxonomy":"product_cat","embeddable":true,"href":"https:\/\/senabel.com\/sv\/wp-json\/wp\/v2\/product_cat?post=51711"},{"taxonomy":"product_tag","embeddable":true,"href":"https:\/\/senabel.com\/sv\/wp-json\/wp\/v2\/product_tag?post=51711"}],"curies":[{"name":"wp","href":"https:\/\/api.w.org\/{rel}","templated":true}]}}