{"id":51475,"date":"2025-05-24T10:21:40","date_gmt":"2025-05-24T10:21:40","guid":{"rendered":"https:\/\/senabel.com\/?post_type=product&#038;p=51475"},"modified":"2026-02-02T00:58:14","modified_gmt":"2026-02-02T00:58:14","slug":"majsmjol","status":"publish","type":"product","link":"https:\/\/senabel.com\/sv\/product\/corn-starch\/","title":{"rendered":"Majsst\u00e4rkelse - 350 g"},"content":{"rendered":"<p data-start=\"100\" data-end=\"164\">Ett m\u00e5ste i ditt k\u00f6k<\/p>\n<p data-start=\"166\" data-end=\"328\">Njut av den perfekta konsistensen och den balanserade smaken med Olabi Pro Pure Cornstarch. Den anv\u00e4nds i desserter, f\u00f6r att tjocka s\u00e5ser och soppor och \u00e4r en stapelvara i varje modernt k\u00f6k.<\/p>\n<p data-start=\"330\" data-end=\"348\"><strong data-start=\"330\" data-end=\"348\">Produktens egenskaper:<\/strong><\/p>\n<ul data-start=\"350\" data-end=\"501\">\n<li data-start=\"350\" data-end=\"377\">\n<p data-start=\"352\" data-end=\"377\">Ren majsst\u00e4rkelse av h\u00f6g kvalitet<\/p>\n<\/li>\n<li data-start=\"378\" data-end=\"417\">\n<p data-start=\"380\" data-end=\"417\">Ger livsmedel den perfekta kr\u00e4miga konsistensen<\/p>\n<\/li>\n<li data-start=\"418\" data-end=\"452\">\n<p data-start=\"420\" data-end=\"452\">Perfekt f\u00f6r \u00f6sterl\u00e4ndska och v\u00e4sterl\u00e4ndska recept<\/p>\n<\/li>\n<li data-start=\"453\" data-end=\"501\">\n<p data-start=\"455\" data-end=\"501\">Glutenfri och l\u00e4mplig f\u00f6r vegetarisk och vegansk kost<\/p>\n<\/li>\n<\/ul>\n<p data-start=\"503\" data-end=\"521\"><strong data-start=\"503\" data-end=\"521\">Produktinformation:<\/strong><\/p>\n<ul data-start=\"523\" data-end=\"655\">\n<li data-start=\"523\" data-end=\"549\">\n<p data-start=\"525\" data-end=\"549\">Nettovikt: 350g<\/p>\n<\/li>\n<li data-start=\"550\" data-end=\"604\">\n<p data-start=\"552\" data-end=\"604\">Anv\u00e4ndning: M\u00e5ngsidig - f\u00f6r desserter, s\u00e5ser, vardagsmatlagning<\/p>\n<\/li>\n<li data-start=\"605\" data-end=\"655\">\n<p data-start=\"607\" data-end=\"655\">F\u00f6rvaring: F\u00f6rvaras svalt, torrt och skyddat fr\u00e5n fukt<\/p>\n<\/li>\n<\/ul>\n<p data-start=\"657\" data-end=\"730\" data-is-last-node=\"\" data-is-only-node=\"\">G\u00f6r Olabi Pro till din st\u00e4ndiga f\u00f6ljeslagare i k\u00f6ket f\u00f6r professionella resultat i varje matr\u00e4tt.<\/p>","protected":false},"excerpt":{"rendered":"<p>Njut av den perfekta konsistensen och den balanserade smaken med Olabi Pro Pure Cornstarch. Den anv\u00e4nds i desserter, f\u00f6r att tjocka s\u00e5ser och soppor och \u00e4r en stapelvara i varje modernt k\u00f6k.<\/p>","protected":false},"featured_media":51477,"template":"","meta":[],"product_brand":[],"product_cat":[349,327,347],"product_tag":[],"class_list":{"0":"post-51475","1":"product","2":"type-product","3":"status-publish","4":"has-post-thumbnail","6":"product_cat-349","7":"product_cat-327","8":"product_cat-347","10":"first","11":"outofstock","12":"taxable","13":"shipping-taxable","14":"purchasable","15":"product-type-simple"},"_links":{"self":[{"href":"https:\/\/senabel.com\/sv\/wp-json\/wp\/v2\/product\/51475","targetHints":{"allow":["GET"]}}],"collection":[{"href":"https:\/\/senabel.com\/sv\/wp-json\/wp\/v2\/product"}],"about":[{"href":"https:\/\/senabel.com\/sv\/wp-json\/wp\/v2\/types\/product"}],"version-history":[{"count":1,"href":"https:\/\/senabel.com\/sv\/wp-json\/wp\/v2\/product\/51475\/revisions"}],"predecessor-version":[{"id":51476,"href":"https:\/\/senabel.com\/sv\/wp-json\/wp\/v2\/product\/51475\/revisions\/51476"}],"wp:featuredmedia":[{"embeddable":true,"href":"https:\/\/senabel.com\/sv\/wp-json\/wp\/v2\/media\/51477"}],"wp:attachment":[{"href":"https:\/\/senabel.com\/sv\/wp-json\/wp\/v2\/media?parent=51475"}],"wp:term":[{"taxonomy":"product_brand","embeddable":true,"href":"https:\/\/senabel.com\/sv\/wp-json\/wp\/v2\/product_brand?post=51475"},{"taxonomy":"product_cat","embeddable":true,"href":"https:\/\/senabel.com\/sv\/wp-json\/wp\/v2\/product_cat?post=51475"},{"taxonomy":"product_tag","embeddable":true,"href":"https:\/\/senabel.com\/sv\/wp-json\/wp\/v2\/product_tag?post=51475"}],"curies":[{"name":"wp","href":"https:\/\/api.w.org\/{rel}","templated":true}]}}