{"id":51472,"date":"2025-05-24T10:18:22","date_gmt":"2025-05-24T10:18:22","guid":{"rendered":"https:\/\/senabel.com\/?post_type=product&#038;p=51472"},"modified":"2026-05-10T14:18:16","modified_gmt":"2026-05-10T14:18:16","slug":"sesamolja","status":"publish","type":"product","link":"https:\/\/senabel.com\/sv\/product\/sesame-oil\/","title":{"rendered":"Sesamolja - 150 ml"},"content":{"rendered":"<p data-start=\"99\" data-end=\"156\"><strong data-start=\"99\" data-end=\"132\">Salam Sesamolja - 150ml<\/strong><br data-start=\"132\" data-end=\"135\" \/>Naturlig h\u00e4lsa i varje droppe<\/p>\n<p data-start=\"158\" data-end=\"366\">Ren sesamolja fr\u00e5n Al Salam \u00e4r noggrant utvunnen ur naturliga sesamfr\u00f6n och ger dig en produkt rik p\u00e5 h\u00e4lso- och kosmetiska f\u00f6rdelar. Den anv\u00e4nds i matlagning, hud- och h\u00e5rv\u00e5rd och \u00e4r ett perfekt val f\u00f6r en h\u00e4lsosam och balanserad livsstil.<\/p>\n<p data-start=\"368\" data-end=\"390\"><strong data-start=\"368\" data-end=\"390\">F\u00f6rdelar med sesamolja:<\/strong><\/p>\n<ul data-start=\"392\" data-end=\"523\">\n<li data-start=\"392\" data-end=\"410\">\n<p data-start=\"394\" data-end=\"410\">Naturolja 100%<\/p>\n<\/li>\n<li data-start=\"411\" data-end=\"445\">\n<p data-start=\"413\" data-end=\"445\">Rik p\u00e5 antioxidanter och vitamin E<\/p>\n<\/li>\n<li data-start=\"446\" data-end=\"483\">\n<p data-start=\"448\" data-end=\"483\">Anv\u00e4nds f\u00f6r att st\u00e4rka h\u00e5ret och ge n\u00e4ring \u00e5t huden<\/p>\n<\/li>\n<li data-start=\"484\" data-end=\"523\">\n<p data-start=\"486\" data-end=\"523\">Perfekt f\u00f6r matlagning och f\u00f6r att ge smak \u00e5t r\u00e4tter<\/p>\n<\/li>\n<\/ul>\n<p data-start=\"525\" data-end=\"543\"><strong data-start=\"525\" data-end=\"543\">Produktinformation:<\/strong><\/p>\n<ul data-start=\"545\" data-end=\"644\">\n<li data-start=\"545\" data-end=\"562\">\n<p data-start=\"547\" data-end=\"562\">Storlek: 150 ml<\/p>\n<\/li>\n<li data-start=\"563\" data-end=\"590\">\n<p data-start=\"565\" data-end=\"590\">Anv\u00e4ndning: Inomhus och utomhus<\/p>\n<\/li>\n<li data-start=\"591\" data-end=\"644\">\n<p data-start=\"593\" data-end=\"644\">F\u00f6rvaring: F\u00f6rvaras svalt, torrt och skyddat fr\u00e5n solljus<\/p>\n<\/li>\n<\/ul>\n<p data-start=\"646\" data-end=\"722\" data-is-last-node=\"\" data-is-only-node=\"\">V\u00e4lj Sesamolja fr\u00e5n Salam och ge din kropp den v\u00e5rd den f\u00f6rtj\u00e4nar, direkt fr\u00e5n naturen.<\/p>","protected":false},"excerpt":{"rendered":"<p>Ren sesamolja fr\u00e5n Al Salam \u00e4r noggrant utvunnen ur naturliga sesamfr\u00f6n och ger dig en produkt rik p\u00e5 h\u00e4lso- och kosmetiska f\u00f6rdelar. Den anv\u00e4nds i matlagning, hud- och h\u00e5rv\u00e5rd och \u00e4r ett perfekt val f\u00f6r en h\u00e4lsosam och balanserad livsstil.<\/p>","protected":false},"featured_media":51473,"template":"","meta":[],"product_brand":[],"product_cat":[327,347],"product_tag":[],"class_list":{"0":"post-51472","1":"product","2":"type-product","3":"status-publish","4":"has-post-thumbnail","6":"product_cat-327","7":"product_cat-347","9":"first","10":"instock","11":"taxable","12":"shipping-taxable","13":"purchasable","14":"product-type-simple"},"_links":{"self":[{"href":"https:\/\/senabel.com\/sv\/wp-json\/wp\/v2\/product\/51472","targetHints":{"allow":["GET"]}}],"collection":[{"href":"https:\/\/senabel.com\/sv\/wp-json\/wp\/v2\/product"}],"about":[{"href":"https:\/\/senabel.com\/sv\/wp-json\/wp\/v2\/types\/product"}],"version-history":[{"count":1,"href":"https:\/\/senabel.com\/sv\/wp-json\/wp\/v2\/product\/51472\/revisions"}],"predecessor-version":[{"id":51474,"href":"https:\/\/senabel.com\/sv\/wp-json\/wp\/v2\/product\/51472\/revisions\/51474"}],"wp:featuredmedia":[{"embeddable":true,"href":"https:\/\/senabel.com\/sv\/wp-json\/wp\/v2\/media\/51473"}],"wp:attachment":[{"href":"https:\/\/senabel.com\/sv\/wp-json\/wp\/v2\/media?parent=51472"}],"wp:term":[{"taxonomy":"product_brand","embeddable":true,"href":"https:\/\/senabel.com\/sv\/wp-json\/wp\/v2\/product_brand?post=51472"},{"taxonomy":"product_cat","embeddable":true,"href":"https:\/\/senabel.com\/sv\/wp-json\/wp\/v2\/product_cat?post=51472"},{"taxonomy":"product_tag","embeddable":true,"href":"https:\/\/senabel.com\/sv\/wp-json\/wp\/v2\/product_tag?post=51472"}],"curies":[{"name":"wp","href":"https:\/\/api.w.org\/{rel}","templated":true}]}}