{"id":51466,"date":"2025-05-24T10:11:59","date_gmt":"2025-05-24T10:11:59","guid":{"rendered":"https:\/\/senabel.com\/?post_type=product&#038;p=51466"},"modified":"2026-04-18T17:45:22","modified_gmt":"2026-04-18T17:45:22","slug":"svartkumminolja","status":"publish","type":"product","link":"https:\/\/senabel.com\/sv\/product\/black-seed-oil\/","title":{"rendered":"Nigella sativa olja - 100ml"},"content":{"rendered":"<p data-start=\"99\" data-end=\"161\">Producerad av Al Salam<\/p>\n<p data-start=\"163\" data-end=\"358\">Uppt\u00e4ck de naturliga f\u00f6rdelarna med Nigella sativa-olja, noggrant utvunnen ur svart irisfr\u00f6. Denna olja \u00e4r k\u00e4nd sedan \u00e5rhundraden f\u00f6r sina terapeutiska och n\u00e4ringsm\u00e4ssiga egenskaper och \u00e4r en av de b\u00e4sta naturliga oljorna f\u00f6r att st\u00f6dja immunf\u00f6rsvaret och fr\u00e4mja den allm\u00e4nna h\u00e4lsan.<\/p>\n<p data-start=\"360\" data-end=\"385\"><strong data-start=\"360\" data-end=\"385\">F\u00f6rdelar med Nigella sativa-olja:<\/strong><\/p>\n<ul data-start=\"387\" data-end=\"537\">\n<li data-start=\"387\" data-end=\"419\">\n<p data-start=\"389\" data-end=\"419\">St\u00f6djer immunf\u00f6rsvaret p\u00e5 ett naturligt s\u00e4tt<\/p>\n<\/li>\n<li data-start=\"420\" data-end=\"455\">\n<p data-start=\"422\" data-end=\"455\">Fr\u00e4mjar andningsv\u00e4garnas och matsm\u00e4ltningens h\u00e4lsa<\/p>\n<\/li>\n<li data-start=\"456\" data-end=\"490\">\n<p data-start=\"458\" data-end=\"490\">Anv\u00e4nds f\u00f6r hud- och h\u00e5rv\u00e5rd<\/p>\n<\/li>\n<li data-start=\"491\" data-end=\"537\">\n<p data-start=\"493\" data-end=\"537\">Rik p\u00e5 antioxidanter och nyttiga fettsyror<\/p>\n<\/li>\n<\/ul>\n<p data-start=\"539\" data-end=\"559\"><strong data-start=\"539\" data-end=\"559\">Hur man anv\u00e4nder den:<\/strong><\/p>\n<ul data-start=\"561\" data-end=\"657\">\n<li data-start=\"561\" data-end=\"620\">\n<p data-start=\"563\" data-end=\"620\">Kan tas oralt i m\u00e5ttlig m\u00e4ngd (en halv tesked per dag)<\/p>\n<\/li>\n<li data-start=\"621\" data-end=\"657\">\n<p data-start=\"623\" data-end=\"657\">Eller applicera lokalt p\u00e5 hud eller h\u00e5r<\/p>\n<\/li>\n<\/ul>\n<p data-start=\"659\" data-end=\"677\"><strong data-start=\"659\" data-end=\"677\">Produktinformation:<\/strong><\/p>\n<ul data-start=\"679\" data-end=\"799\">\n<li data-start=\"679\" data-end=\"696\">\n<p data-start=\"681\" data-end=\"696\">Kapacitet: 100ml<\/p>\n<\/li>\n<li data-start=\"697\" data-end=\"736\">\n<p data-start=\"699\" data-end=\"736\">Ingredienser: Ren Nigella sativa-olja 100%<\/p>\n<\/li>\n<li data-start=\"737\" data-end=\"799\">\n<p data-start=\"739\" data-end=\"799\">F\u00f6rvaring: F\u00f6rvaras svalt, torrt och skyddat fr\u00e5n direkt solljus<\/p>\n<\/li>\n<\/ul>\n<p data-start=\"801\" data-end=\"893\" data-is-last-node=\"\" data-is-only-node=\"\">V\u00e4lj Irisolja fr\u00e5n <em data-start=\"820\" data-end=\"830\">AL SALAM<\/em> F\u00f6r att ge din kropp ett naturligt, balanserat st\u00f6d.<\/p>","protected":false},"excerpt":{"rendered":"<p>Uppt\u00e4ck de naturliga f\u00f6rdelarna med Nigella sativa-olja, noggrant utvunnen ur svart irisfr\u00f6. Denna olja \u00e4r k\u00e4nd sedan \u00e5rhundraden f\u00f6r sina terapeutiska och n\u00e4ringsm\u00e4ssiga egenskaper och \u00e4r en av de b\u00e4sta naturliga oljorna f\u00f6r att st\u00f6dja immunf\u00f6rsvaret och fr\u00e4mja den allm\u00e4nna h\u00e4lsan.<\/p>","protected":false},"featured_media":51467,"template":"","meta":[],"product_brand":[],"product_cat":[349,327,347],"product_tag":[],"class_list":{"0":"post-51466","1":"product","2":"type-product","3":"status-publish","4":"has-post-thumbnail","6":"product_cat-349","7":"product_cat-327","8":"product_cat-347","10":"first","11":"instock","12":"taxable","13":"shipping-taxable","14":"purchasable","15":"product-type-simple"},"_links":{"self":[{"href":"https:\/\/senabel.com\/sv\/wp-json\/wp\/v2\/product\/51466","targetHints":{"allow":["GET"]}}],"collection":[{"href":"https:\/\/senabel.com\/sv\/wp-json\/wp\/v2\/product"}],"about":[{"href":"https:\/\/senabel.com\/sv\/wp-json\/wp\/v2\/types\/product"}],"version-history":[{"count":1,"href":"https:\/\/senabel.com\/sv\/wp-json\/wp\/v2\/product\/51466\/revisions"}],"predecessor-version":[{"id":51468,"href":"https:\/\/senabel.com\/sv\/wp-json\/wp\/v2\/product\/51466\/revisions\/51468"}],"wp:featuredmedia":[{"embeddable":true,"href":"https:\/\/senabel.com\/sv\/wp-json\/wp\/v2\/media\/51467"}],"wp:attachment":[{"href":"https:\/\/senabel.com\/sv\/wp-json\/wp\/v2\/media?parent=51466"}],"wp:term":[{"taxonomy":"product_brand","embeddable":true,"href":"https:\/\/senabel.com\/sv\/wp-json\/wp\/v2\/product_brand?post=51466"},{"taxonomy":"product_cat","embeddable":true,"href":"https:\/\/senabel.com\/sv\/wp-json\/wp\/v2\/product_cat?post=51466"},{"taxonomy":"product_tag","embeddable":true,"href":"https:\/\/senabel.com\/sv\/wp-json\/wp\/v2\/product_tag?post=51466"}],"curies":[{"name":"wp","href":"https:\/\/api.w.org\/{rel}","templated":true}]}}