{"id":51441,"date":"2025-05-24T08:27:32","date_gmt":"2025-05-24T08:27:32","guid":{"rendered":"https:\/\/senabel.com\/?post_type=product&#038;p=51441"},"modified":"2026-04-24T21:28:54","modified_gmt":"2026-04-24T21:28:54","slug":"mn-och-salwa-med-rivna-pistaschnotter","status":"publish","type":"product","link":"https:\/\/senabel.com\/sv\/product\/mn-and-salwa-with-grated-pistachios\/","title":{"rendered":"Mon och Salwa med rivna pistagen\u00f6tter - 500g"},"content":{"rendered":"<p data-start=\"147\" data-end=\"380\">Sk\u00e4m bort dina sinnen med Orientens smaker med Mann &amp; Salwas lyxiga rivna pistaschmandlar. En unik kombination av semolina och premiumsocker, t\u00e4ckt med ett rikt lager av rivna pistagen\u00f6tter f\u00f6r en balanserad smak mellan mjukhet och krispighet, f\u00f6rpackad p\u00e5 ett s\u00e4tt som bevarar f\u00e4rskhet och m\u00f6rhet.<\/p>\n<p data-start=\"382\" data-end=\"400\"><strong data-start=\"382\" data-end=\"400\">Produktens egenskaper:<\/strong><\/p>\n<ul data-start=\"402\" data-end=\"612\">\n<li data-start=\"402\" data-end=\"451\">\n<p data-start=\"404\" data-end=\"451\">Ett traditionellt recept med lyxig smak och noggrant utvalda ingredienser<\/p>\n<\/li>\n<li data-start=\"452\" data-end=\"510\">\n<p data-start=\"454\" data-end=\"510\">Garnerad med rivna pistagen\u00f6tter f\u00f6r fyllighet och smak<\/p>\n<\/li>\n<li data-start=\"511\" data-end=\"562\">\n<p data-start=\"513\" data-end=\"562\">Perfekt att servera till kaffet eller som en del av en festg\u00e5va<\/p>\n<\/li>\n<li data-start=\"563\" data-end=\"612\">\n<p data-start=\"565\" data-end=\"612\">Individuellt f\u00f6rpackade f\u00f6r att bevara smak och presentationskvalitet<\/p>\n<\/li>\n<\/ul>\n<p data-start=\"614\" data-end=\"632\"><strong data-start=\"614\" data-end=\"632\">Produktinformation:<\/strong><\/p>\n<ul data-start=\"634\" data-end=\"735\">\n<li data-start=\"634\" data-end=\"660\">\n<p data-start=\"636\" data-end=\"660\">Nettovikt: 500g<\/p>\n<\/li>\n<li>Antal bitar: Cirka 20-25 stycken per kilo<\/li>\n<\/ul>\n<p data-start=\"737\" data-end=\"757\"><strong data-start=\"737\" data-end=\"757\">F\u00f6rvaringsanvisningar:<\/strong><\/p>\n<ul data-start=\"759\" data-end=\"830\">\n<li data-start=\"759\" data-end=\"786\">\n<p data-start=\"761\" data-end=\"786\">F\u00f6rvaras p\u00e5 en sval och torr plats<\/p>\n<\/li>\n<li data-start=\"787\" data-end=\"830\">\n<p data-start=\"789\" data-end=\"830\">F\u00f6rslut t\u00e4tt efter \u00f6ppnandet f\u00f6r att bevara f\u00e4rskheten<\/p>\n<\/li>\n<\/ul>\n<p data-start=\"832\" data-end=\"952\" data-is-last-node=\"\" data-is-only-node=\"\">F\u00f6r en autentisk smak med en lyxig pistagetwist, v\u00e4lj Sanabels Pistachio Shredded Salwa f\u00f6r att g\u00f6ra dina vardagliga stunder \u00e4nnu mer speciella.<\/p>","protected":false},"excerpt":{"rendered":"<p>Sk\u00e4m bort dina sinnen med Orientens smaker med Mann &amp; Salwas lyxiga rivna pistaschmandlar. En unik kombination av semolina och premiumsocker, t\u00e4ckt med ett rikt lager av rivna pistagen\u00f6tter f\u00f6r en balanserad smak mellan mjukhet och krispighet, f\u00f6rpackad p\u00e5 ett s\u00e4tt som bevarar f\u00e4rskhet och m\u00f6rhet.<\/p>","protected":false},"featured_media":51443,"template":"","meta":[],"product_brand":[],"product_cat":[347,299,227],"product_tag":[],"class_list":{"0":"post-51441","1":"product","2":"type-product","3":"status-publish","4":"has-post-thumbnail","6":"product_cat-347","7":"product_cat-299","8":"product_cat-227","10":"first","11":"instock","12":"sale","13":"featured","14":"taxable","15":"shipping-taxable","16":"purchasable","17":"product-type-simple"},"_links":{"self":[{"href":"https:\/\/senabel.com\/sv\/wp-json\/wp\/v2\/product\/51441","targetHints":{"allow":["GET"]}}],"collection":[{"href":"https:\/\/senabel.com\/sv\/wp-json\/wp\/v2\/product"}],"about":[{"href":"https:\/\/senabel.com\/sv\/wp-json\/wp\/v2\/types\/product"}],"version-history":[{"count":3,"href":"https:\/\/senabel.com\/sv\/wp-json\/wp\/v2\/product\/51441\/revisions"}],"predecessor-version":[{"id":57685,"href":"https:\/\/senabel.com\/sv\/wp-json\/wp\/v2\/product\/51441\/revisions\/57685"}],"wp:featuredmedia":[{"embeddable":true,"href":"https:\/\/senabel.com\/sv\/wp-json\/wp\/v2\/media\/51443"}],"wp:attachment":[{"href":"https:\/\/senabel.com\/sv\/wp-json\/wp\/v2\/media?parent=51441"}],"wp:term":[{"taxonomy":"product_brand","embeddable":true,"href":"https:\/\/senabel.com\/sv\/wp-json\/wp\/v2\/product_brand?post=51441"},{"taxonomy":"product_cat","embeddable":true,"href":"https:\/\/senabel.com\/sv\/wp-json\/wp\/v2\/product_cat?post=51441"},{"taxonomy":"product_tag","embeddable":true,"href":"https:\/\/senabel.com\/sv\/wp-json\/wp\/v2\/product_tag?post=51441"}],"curies":[{"name":"wp","href":"https:\/\/api.w.org\/{rel}","templated":true}]}}