{"id":51417,"date":"2025-05-24T08:03:37","date_gmt":"2025-05-24T08:03:37","guid":{"rendered":"https:\/\/senabel.com\/?post_type=product&#038;p=51417"},"modified":"2026-03-11T15:55:35","modified_gmt":"2026-03-11T15:55:35","slug":"riven-pistasch","status":"publish","type":"product","link":"https:\/\/senabel.com\/sv\/product\/lokom-araasi-grated-pistachio\/","title":{"rendered":"Raha Araysi Riven Pistaschmandel - 500g"},"content":{"rendered":"<p data-start=\"164\" data-end=\"361\">Njut av Araysi's lyxiga komfort blandat med rivna pistagen\u00f6tter. En rik blandning av smak och balans, som kombinerar den underbara mjukheten hos Raha med den unika smaken av pistagen\u00f6tter, vilket ger dig \u00f6gonblick av njutning f\u00f6r varje tugga.<\/p>\n<p data-start=\"363\" data-end=\"397\"><strong data-start=\"363\" data-end=\"397\">Inneh\u00e5ller Raha Araysi riven pistaschmandel:<\/strong><\/p>\n<ul data-start=\"399\" data-end=\"527\">\n<li data-start=\"399\" data-end=\"441\">\n<p data-start=\"401\" data-end=\"441\">Mjuk handflata fylld med rivna pistagen\u00f6tter<\/p>\n<\/li>\n<li data-start=\"442\" data-end=\"489\">\n<p data-start=\"444\" data-end=\"489\">Individualiserade f\u00f6rpackningar bevarar f\u00e4rskheten och \u00e4r l\u00e4tta att servera<\/p>\n<\/li>\n<li data-start=\"490\" data-end=\"527\">\n<p data-start=\"492\" data-end=\"527\">Perfekt f\u00f6r underh\u00e5llning eller som ett lyxigt mellanm\u00e5l<\/p>\n<\/li>\n<\/ul>\n<p data-start=\"529\" data-end=\"547\"><strong data-start=\"529\" data-end=\"547\">Produktinformation:<\/strong><\/p>\n<ul data-start=\"549\" data-end=\"631\">\n<li data-start=\"549\" data-end=\"575\">\n<p data-start=\"551\" data-end=\"575\">Nettovikt: 500g<\/p>\n<\/li>\n<li>Antal bitar: Cirka 20-25 stycken per kilo<\/li>\n<\/ul>\n<p data-start=\"633\" data-end=\"653\"><strong data-start=\"633\" data-end=\"653\">F\u00f6rvaringsanvisningar:<\/strong><\/p>\n<ul data-start=\"655\" data-end=\"727\">\n<li data-start=\"655\" data-end=\"682\">\n<p data-start=\"657\" data-end=\"682\">F\u00f6rvaras p\u00e5 en sval och torr plats<\/p>\n<\/li>\n<li data-start=\"683\" data-end=\"727\">\n<p data-start=\"685\" data-end=\"727\">F\u00f6rpackningen f\u00f6rseglas efter \u00f6ppning f\u00f6r att s\u00e4kerst\u00e4lla kvaliteten<\/p>\n<\/li>\n<\/ul>\n<p data-start=\"729\" data-end=\"798\" data-is-last-node=\"\" data-is-only-node=\"\">Raha Araysi riven pistage fr\u00e5n Sanabel... en traditionell l\u00f6sning med modern smak och h\u00f6g kvalitet.<\/p>","protected":false},"excerpt":{"rendered":"<p>Njut av Araysi's lyxiga komfort blandat med rivna pistagen\u00f6tter. En rik blandning av smak och balans, som kombinerar den underbara mjukheten hos Raha med den unika smaken av pistagen\u00f6tter, vilket ger dig \u00f6gonblick av njutning f\u00f6r varje tugga.<\/p>","protected":false},"featured_media":51418,"template":"","meta":[],"product_brand":[],"product_cat":[347,299],"product_tag":[],"class_list":{"0":"post-51417","1":"product","2":"type-product","3":"status-publish","4":"has-post-thumbnail","6":"product_cat-347","7":"product_cat-299","9":"first","10":"outofstock","11":"taxable","12":"shipping-taxable","13":"purchasable","14":"product-type-simple"},"_links":{"self":[{"href":"https:\/\/senabel.com\/sv\/wp-json\/wp\/v2\/product\/51417","targetHints":{"allow":["GET"]}}],"collection":[{"href":"https:\/\/senabel.com\/sv\/wp-json\/wp\/v2\/product"}],"about":[{"href":"https:\/\/senabel.com\/sv\/wp-json\/wp\/v2\/types\/product"}],"version-history":[{"count":4,"href":"https:\/\/senabel.com\/sv\/wp-json\/wp\/v2\/product\/51417\/revisions"}],"predecessor-version":[{"id":53548,"href":"https:\/\/senabel.com\/sv\/wp-json\/wp\/v2\/product\/51417\/revisions\/53548"}],"wp:featuredmedia":[{"embeddable":true,"href":"https:\/\/senabel.com\/sv\/wp-json\/wp\/v2\/media\/51418"}],"wp:attachment":[{"href":"https:\/\/senabel.com\/sv\/wp-json\/wp\/v2\/media?parent=51417"}],"wp:term":[{"taxonomy":"product_brand","embeddable":true,"href":"https:\/\/senabel.com\/sv\/wp-json\/wp\/v2\/product_brand?post=51417"},{"taxonomy":"product_cat","embeddable":true,"href":"https:\/\/senabel.com\/sv\/wp-json\/wp\/v2\/product_cat?post=51417"},{"taxonomy":"product_tag","embeddable":true,"href":"https:\/\/senabel.com\/sv\/wp-json\/wp\/v2\/product_tag?post=51417"}],"curies":[{"name":"wp","href":"https:\/\/api.w.org\/{rel}","templated":true}]}}