{"id":51398,"date":"2025-05-24T07:41:47","date_gmt":"2025-05-24T07:41:47","guid":{"rendered":"https:\/\/senabel.com\/?post_type=product&#038;p=51398"},"modified":"2025-07-01T12:49:50","modified_gmt":"2025-07-01T12:49:50","slug":"qamar-al-din-nougat-med-pistagenotter","status":"publish","type":"product","link":"https:\/\/senabel.com\/sv\/product\/qamar-al-din-nougat-with-pistachios\/","title":{"rendered":"Noga Pistachio Qamar Al Din - 500g"},"content":{"rendered":"<p data-start=\"187\" data-end=\"449\">Om du \u00e4r ute efter en autentisk orientalisk smak med en lyxig twist \u00e4r Noga Pistachio Qamar Din det perfekta valet f\u00f6r dig. En delikat kombination av s\u00f6tman hos naturligt smaksatt Kamar Din och konsistensen hos mjuk halva fylld med lyxiga pistagen\u00f6tter. Varje bit \u00e4r individuellt f\u00f6rpackad f\u00f6r att s\u00e4kerst\u00e4lla f\u00e4rskhet och enkel servering.<\/p>\n<p data-start=\"451\" data-end=\"469\"><strong data-start=\"451\" data-end=\"469\">Produktens egenskaper:<\/strong><\/p>\n<ul data-start=\"471\" data-end=\"659\">\n<li data-start=\"471\" data-end=\"551\">\n<p data-start=\"473\" data-end=\"551\">L\u00e4ckra skivor av vit nougat fyllda med pistagen\u00f6tter, omgivna av ett lager av naturligt hembr\u00e4nt<\/p>\n<\/li>\n<li data-start=\"552\" data-end=\"607\">\n<p data-start=\"554\" data-end=\"607\">En balanserad smak som kombinerar mild syra med m\u00e5ttlig s\u00f6tma<\/p>\n<\/li>\n<li data-start=\"608\" data-end=\"659\">\n<p data-start=\"610\" data-end=\"659\">Individualiserade f\u00f6rpackningar bevarar f\u00e4rskheten och g\u00f6r det enkelt att servera<\/p>\n<\/li>\n<\/ul>\n<p data-start=\"661\" data-end=\"679\"><strong data-start=\"661\" data-end=\"679\">Produktinformation:<\/strong><\/p>\n<ul data-start=\"681\" data-end=\"788\">\n<li data-start=\"681\" data-end=\"705\">\n<p data-start=\"683\" data-end=\"705\">Nettovikt: 500g<\/p>\n<\/li>\n<li>Antal bitar: Cirka 20-25 stycken per kilo<\/li>\n<\/ul>\n<p data-start=\"790\" data-end=\"810\"><strong data-start=\"790\" data-end=\"810\">F\u00f6rvaringsanvisningar:<\/strong><\/p>\n<ul data-start=\"812\" data-end=\"892\">\n<li data-start=\"812\" data-end=\"867\">\n<p data-start=\"814\" data-end=\"867\">F\u00f6rvaras svalt, torrt och skyddat fr\u00e5n direkt solljus<\/p>\n<\/li>\n<li data-start=\"868\" data-end=\"892\">\n<p data-start=\"870\" data-end=\"892\">St\u00e4nger t\u00e4tt efter \u00f6ppning<\/p>\n<\/li>\n<\/ul>\n<p data-start=\"894\" data-end=\"1008\" data-is-last-node=\"\" data-is-only-node=\"\">Sk\u00e4m bort dina g\u00e4ster eller dig sj\u00e4lv med denna lyxiga orientaliska dessert fr\u00e5n <strong data-start=\"944\" data-end=\"953\">Snapple<\/strong>D\u00e4r traditionell smak m\u00f6ter kvalitet i varje tugga.<\/p>","protected":false},"excerpt":{"rendered":"<p>Om du \u00e4r ute efter en autentisk orientalisk smak med en lyxig twist \u00e4r Noga Pistachio Qamar Din det perfekta valet f\u00f6r dig. En delikat kombination av s\u00f6tman hos naturligt smaksatt Kamar Din och konsistensen hos mjuk halva fylld med lyxiga pistagen\u00f6tter. Varje bit \u00e4r individuellt f\u00f6rpackad f\u00f6r att s\u00e4kerst\u00e4lla f\u00e4rskhet och enkel servering.<\/p>","protected":false},"featured_media":51400,"template":"","meta":[],"product_brand":[],"product_cat":[347,299],"product_tag":[],"class_list":{"0":"post-51398","1":"product","2":"type-product","3":"status-publish","4":"has-post-thumbnail","6":"product_cat-347","7":"product_cat-299","9":"first","10":"outofstock","11":"taxable","12":"shipping-taxable","13":"purchasable","14":"product-type-simple"},"_links":{"self":[{"href":"https:\/\/senabel.com\/sv\/wp-json\/wp\/v2\/product\/51398","targetHints":{"allow":["GET"]}}],"collection":[{"href":"https:\/\/senabel.com\/sv\/wp-json\/wp\/v2\/product"}],"about":[{"href":"https:\/\/senabel.com\/sv\/wp-json\/wp\/v2\/types\/product"}],"version-history":[{"count":2,"href":"https:\/\/senabel.com\/sv\/wp-json\/wp\/v2\/product\/51398\/revisions"}],"predecessor-version":[{"id":53379,"href":"https:\/\/senabel.com\/sv\/wp-json\/wp\/v2\/product\/51398\/revisions\/53379"}],"wp:featuredmedia":[{"embeddable":true,"href":"https:\/\/senabel.com\/sv\/wp-json\/wp\/v2\/media\/51400"}],"wp:attachment":[{"href":"https:\/\/senabel.com\/sv\/wp-json\/wp\/v2\/media?parent=51398"}],"wp:term":[{"taxonomy":"product_brand","embeddable":true,"href":"https:\/\/senabel.com\/sv\/wp-json\/wp\/v2\/product_brand?post=51398"},{"taxonomy":"product_cat","embeddable":true,"href":"https:\/\/senabel.com\/sv\/wp-json\/wp\/v2\/product_cat?post=51398"},{"taxonomy":"product_tag","embeddable":true,"href":"https:\/\/senabel.com\/sv\/wp-json\/wp\/v2\/product_tag?post=51398"}],"curies":[{"name":"wp","href":"https:\/\/api.w.org\/{rel}","templated":true}]}}