{"id":51361,"date":"2025-05-23T18:37:07","date_gmt":"2025-05-23T18:37:07","guid":{"rendered":"https:\/\/senabel.com\/?post_type=product&#038;p=51361"},"modified":"2025-09-17T14:56:39","modified_gmt":"2025-09-17T14:56:39","slug":"mandelkonfekt-med-kardemumma","status":"publish","type":"product","link":"https:\/\/senabel.com\/sv\/product\/almond-dragees-with-cardamom\/","title":{"rendered":"Kardemumma Mandel Drageeh - 500g"},"content":{"rendered":"<p data-start=\"119\" data-end=\"356\">Upplev en distinkt orientalisk smak som kombinerar den lyxiga smaken av kardemumma med den knapriga smaken av rostade mandlar. Sanabels Cardamom Almond Dragee \u00e4r en unik upplevelse som balanserar aromatiska kryddor och rika smaker, perfekt f\u00f6r autentisk arabisk g\u00e4stfrihet eller som ett sofistikerat mellanm\u00e5l.<\/p>\n<p data-start=\"358\" data-end=\"389\"><strong data-start=\"358\" data-end=\"389\">Egenskaper f\u00f6r Cardamom Almond Dragee:<\/strong><\/p>\n<ul data-start=\"391\" data-end=\"526\">\n<li data-start=\"391\" data-end=\"431\">\n<p data-start=\"393\" data-end=\"431\">Rostade mandlar \u00f6verdragna med en naturlig kardemummasmakande glasyr<\/p>\n<\/li>\n<li data-start=\"432\" data-end=\"471\">\n<p data-start=\"434\" data-end=\"471\">Rik smak inspirerad av orientaliska traditioner<\/p>\n<\/li>\n<li data-start=\"472\" data-end=\"526\">\n<p data-start=\"474\" data-end=\"526\">Perfekt att servera till arabiskt kaffe eller som ett vardagligt mellanm\u00e5l<\/p>\n<\/li>\n<\/ul>\n<p data-start=\"528\" data-end=\"546\"><strong data-start=\"528\" data-end=\"546\">Produktinformation:<\/strong><\/p>\n<ul data-start=\"548\" data-end=\"674\">\n<li data-start=\"548\" data-end=\"572\">\n<p data-start=\"550\" data-end=\"572\">Nettovikt: 500g<\/p>\n<\/li>\n<li>Antal bitar: Cirka 40 stycken per kilo<\/li>\n<li data-start=\"573\" data-end=\"674\">\n<p data-start=\"575\" data-end=\"674\">Ingredienser: Rostade mandlar, naturlig kardemummasmak, socker, st\u00e4rkelse, vegetabilisk olja, naturliga aromer, emulgeringsmedel av sojalecitin<\/p>\n<\/li>\n<\/ul>\n<p data-start=\"676\" data-end=\"696\"><strong data-start=\"676\" data-end=\"696\">F\u00f6rvaringsanvisningar:<\/strong><\/p>\n<ul data-start=\"698\" data-end=\"795\">\n<li data-start=\"698\" data-end=\"753\">\n<p data-start=\"700\" data-end=\"753\">F\u00f6rvaras svalt, torrt och skyddat fr\u00e5n direkt solljus<\/p>\n<\/li>\n<li data-start=\"754\" data-end=\"795\">\n<p data-start=\"756\" data-end=\"795\">F\u00f6rslut t\u00e4tt f\u00f6r att bevara krispighet och smak<\/p>\n<\/li>\n<\/ul>\n<p data-start=\"797\" data-end=\"914\" data-is-last-node=\"\" data-is-only-node=\"\">Njut av en stund av komfort med en orientalisk k\u00e4nsla med Sanabels Almond Cardamom Darajeh - en smak som f\u00e4ngslar sinnena och kompletterar g\u00e4stfrihet och speciella tider.<\/p>","protected":false},"excerpt":{"rendered":"<p>Upplev en distinkt orientalisk smak som kombinerar den lyxiga smaken av kardemumma med den knapriga smaken av rostade mandlar. Sanabels Cardamom Almond Dragee \u00e4r en unik upplevelse som balanserar aromatiska kryddor och rika smaker, perfekt f\u00f6r autentisk arabisk g\u00e4stfrihet eller som ett sofistikerat mellanm\u00e5l.<\/p>","protected":false},"featured_media":51362,"template":"","meta":[],"product_brand":[],"product_cat":[347,297],"product_tag":[],"class_list":{"0":"post-51361","1":"product","2":"type-product","3":"status-publish","4":"has-post-thumbnail","6":"product_cat-347","7":"product_cat-297","9":"first","10":"outofstock","11":"taxable","12":"shipping-taxable","13":"purchasable","14":"product-type-simple"},"_links":{"self":[{"href":"https:\/\/senabel.com\/sv\/wp-json\/wp\/v2\/product\/51361","targetHints":{"allow":["GET"]}}],"collection":[{"href":"https:\/\/senabel.com\/sv\/wp-json\/wp\/v2\/product"}],"about":[{"href":"https:\/\/senabel.com\/sv\/wp-json\/wp\/v2\/types\/product"}],"version-history":[{"count":3,"href":"https:\/\/senabel.com\/sv\/wp-json\/wp\/v2\/product\/51361\/revisions"}],"predecessor-version":[{"id":53329,"href":"https:\/\/senabel.com\/sv\/wp-json\/wp\/v2\/product\/51361\/revisions\/53329"}],"wp:featuredmedia":[{"embeddable":true,"href":"https:\/\/senabel.com\/sv\/wp-json\/wp\/v2\/media\/51362"}],"wp:attachment":[{"href":"https:\/\/senabel.com\/sv\/wp-json\/wp\/v2\/media?parent=51361"}],"wp:term":[{"taxonomy":"product_brand","embeddable":true,"href":"https:\/\/senabel.com\/sv\/wp-json\/wp\/v2\/product_brand?post=51361"},{"taxonomy":"product_cat","embeddable":true,"href":"https:\/\/senabel.com\/sv\/wp-json\/wp\/v2\/product_cat?post=51361"},{"taxonomy":"product_tag","embeddable":true,"href":"https:\/\/senabel.com\/sv\/wp-json\/wp\/v2\/product_tag?post=51361"}],"curies":[{"name":"wp","href":"https:\/\/api.w.org\/{rel}","templated":true}]}}