{"id":51342,"date":"2025-05-23T16:51:51","date_gmt":"2025-05-23T16:51:51","guid":{"rendered":"https:\/\/senabel.com\/?post_type=product&#038;p=51342"},"modified":"2025-07-02T10:26:37","modified_gmt":"2025-07-02T10:26:37","slug":"toffix-sura-karameller","status":"publish","type":"product","link":"https:\/\/senabel.com\/sv\/product\/toffix-sour-candies\/","title":{"rendered":"Tovex sura godis 800g"},"content":{"rendered":"<p data-start=\"106\" data-end=\"261\">Njut av uppfriskande fruktiga smaker som exploderar i munnen med varje tugga av Tovex Sour Candies. Den perfekta kombinationen av mjukhet och syrlighet g\u00f6r dem till det perfekta valet f\u00f6r dj\u00e4rva dessert\u00e4lskare.<\/p>\n<p data-start=\"263\" data-end=\"281\"><strong data-start=\"263\" data-end=\"281\">Produktens egenskaper:<\/strong><\/p>\n<ul data-start=\"282\" data-end=\"409\">\n<li data-start=\"282\" data-end=\"312\">\n<p data-start=\"284\" data-end=\"312\">Mjukt godis fyllt med syrliga smaker<\/p>\n<\/li>\n<li data-start=\"313\" data-end=\"359\">\n<p data-start=\"315\" data-end=\"359\">Individuellt f\u00f6rpackade f\u00f6r att bibeh\u00e5lla f\u00e4rskheten och underl\u00e4tta hanteringen<\/p>\n<\/li>\n<li data-start=\"360\" data-end=\"409\">\n<p data-start=\"362\" data-end=\"409\">Olika smaker: Jordgubbe, hallon, cola och citron<\/p>\n<\/li>\n<\/ul>\n<p data-start=\"411\" data-end=\"429\"><strong data-start=\"411\" data-end=\"429\">Produktinformation:<\/strong><\/p>\n<ul data-start=\"430\" data-end=\"540\">\n<li data-start=\"430\" data-end=\"455\">\n<p data-start=\"432\" data-end=\"455\">Varum\u00e4rke: Elvan<\/p>\n<\/li>\n<li data-start=\"456\" data-end=\"481\">\n<p data-start=\"458\" data-end=\"481\">Produktnamn: Toffix Sour<\/p>\n<\/li>\n<li data-start=\"482\" data-end=\"540\">\n<p data-start=\"484\" data-end=\"540\">Nettovikt: 800g<\/p>\n<\/li>\n<\/ul>\n<p data-start=\"645\" data-end=\"683\" data-is-last-node=\"\" data-is-only-node=\"\">Toffix Sour... en of\u00f6rgl\u00f6mlig smak i varje piller!<\/p>","protected":false},"excerpt":{"rendered":"<p>Njut av uppfriskande fruktiga smaker som exploderar i munnen med varje tugga av Tovex Sour Candies. Den perfekta kombinationen av mjukhet och syrlighet g\u00f6r dem till det perfekta valet f\u00f6r dj\u00e4rva dessert\u00e4lskare.<\/p>","protected":false},"featured_media":51343,"template":"","meta":[],"product_brand":[],"product_cat":[347,299,297],"product_tag":[],"class_list":{"0":"post-51342","1":"product","2":"type-product","3":"status-publish","4":"has-post-thumbnail","6":"product_cat-347","7":"product_cat-299","8":"product_cat-297","10":"first","11":"outofstock","12":"taxable","13":"shipping-taxable","14":"purchasable","15":"product-type-simple"},"_links":{"self":[{"href":"https:\/\/senabel.com\/sv\/wp-json\/wp\/v2\/product\/51342","targetHints":{"allow":["GET"]}}],"collection":[{"href":"https:\/\/senabel.com\/sv\/wp-json\/wp\/v2\/product"}],"about":[{"href":"https:\/\/senabel.com\/sv\/wp-json\/wp\/v2\/types\/product"}],"version-history":[{"count":1,"href":"https:\/\/senabel.com\/sv\/wp-json\/wp\/v2\/product\/51342\/revisions"}],"predecessor-version":[{"id":51344,"href":"https:\/\/senabel.com\/sv\/wp-json\/wp\/v2\/product\/51342\/revisions\/51344"}],"wp:featuredmedia":[{"embeddable":true,"href":"https:\/\/senabel.com\/sv\/wp-json\/wp\/v2\/media\/51343"}],"wp:attachment":[{"href":"https:\/\/senabel.com\/sv\/wp-json\/wp\/v2\/media?parent=51342"}],"wp:term":[{"taxonomy":"product_brand","embeddable":true,"href":"https:\/\/senabel.com\/sv\/wp-json\/wp\/v2\/product_brand?post=51342"},{"taxonomy":"product_cat","embeddable":true,"href":"https:\/\/senabel.com\/sv\/wp-json\/wp\/v2\/product_cat?post=51342"},{"taxonomy":"product_tag","embeddable":true,"href":"https:\/\/senabel.com\/sv\/wp-json\/wp\/v2\/product_tag?post=51342"}],"curies":[{"name":"wp","href":"https:\/\/api.w.org\/{rel}","templated":true}]}}