{"id":51332,"date":"2025-05-23T16:28:24","date_gmt":"2025-05-23T16:28:24","guid":{"rendered":"https:\/\/senabel.com\/?post_type=product&#038;p=51332"},"modified":"2026-03-31T11:54:11","modified_gmt":"2026-03-31T11:54:11","slug":"torabika-kramig-lattekaffe","status":"publish","type":"product","link":"https:\/\/senabel.com\/sv\/product\/torabika-creamy-latte-coffee\/","title":{"rendered":"Torabika Creamy Latte Coffee - 20 kuvert"},"content":{"rendered":"<p data-start=\"80\" data-end=\"240\">B\u00f6rja dagen med rika smaker och lena konsistenser med Torabika Creamy Latte. En unik upplevelse som kombinerar mj\u00f6lkens lenhet med kaffets lyxiga arom, en kombination som ger dig energi och uppfriskning fr\u00e5n f\u00f6rsta klunken.<\/p>\n<p data-start=\"242\" data-end=\"260\"><strong data-start=\"242\" data-end=\"260\">Produktens egenskaper:<\/strong><\/p>\n<ul data-start=\"261\" data-end=\"425\">\n<li data-start=\"261\" data-end=\"295\">\n<p data-start=\"263\" data-end=\"295\">Rik formula med en kr\u00e4mig lattesmak<\/p>\n<\/li>\n<li data-start=\"296\" data-end=\"334\">\n<p data-start=\"298\" data-end=\"334\">L\u00e4tt att f\u00f6rbereda - tills\u00e4tt bara varmt vatten<\/p>\n<\/li>\n<li data-start=\"335\" data-end=\"383\">\n<p data-start=\"337\" data-end=\"383\">20 individuella kuvert som passar f\u00f6r anv\u00e4ndning hemma eller p\u00e5 jobbet<\/p>\n<\/li>\n<li data-start=\"384\" data-end=\"425\">\n<p data-start=\"386\" data-end=\"425\">En len och kr\u00e4mig smak f\u00f6r latte\u00e4lskare<\/p>\n<\/li>\n<\/ul>\n<p data-start=\"427\" data-end=\"445\"><strong data-start=\"427\" data-end=\"445\">Produktinformation:<\/strong><\/p>\n<ul data-start=\"446\" data-end=\"527\">\n<li data-start=\"446\" data-end=\"472\">\n<p data-start=\"448\" data-end=\"472\">Antal kuvert: 20 kuvert x 30g<\/p>\n<\/li>\n<li data-start=\"473\" data-end=\"497\">\n<p data-start=\"475\" data-end=\"497\">Nettovikt: 600g<\/p>\n<\/li>\n<li data-start=\"498\" data-end=\"527\">\n<p data-start=\"500\" data-end=\"527\">Varum\u00e4rke: Tora Bika<\/p>\n<\/li>\n<\/ul>\n<p data-start=\"529\" data-end=\"609\"><strong data-start=\"529\" data-end=\"549\">Instruktioner f\u00f6r tillagning:<\/strong><br \/>\nT\u00f6m kuvertet i ett glas, tills\u00e4tt 150 ml varmt vatten, r\u00f6r om v\u00e4l och njut.<\/p>\n<p data-start=\"611\" data-end=\"699\" data-is-last-node=\"\" data-is-only-node=\"\">Njut av en rik, kr\u00e4mig kopp kaffe n\u00e4r och var du vill, med Torabika - d\u00e4r det goda hum\u00f6ret b\u00f6rjar.<\/p>","protected":false},"excerpt":{"rendered":"<p>B\u00f6rja dagen med rika smaker och lena konsistenser med Torabika Creamy Latte. En unik upplevelse som kombinerar mj\u00f6lkens lenhet med kaffets lyxiga arom, en kombination som ger dig energi och uppfriskning fr\u00e5n f\u00f6rsta klunken.<\/p>","protected":false},"featured_media":51333,"template":"","meta":[],"product_brand":[],"product_cat":[282,349],"product_tag":[],"class_list":{"0":"post-51332","1":"product","2":"type-product","3":"status-publish","4":"has-post-thumbnail","6":"product_cat-282","7":"product_cat-349","9":"first","10":"instock","11":"taxable","12":"shipping-taxable","13":"purchasable","14":"product-type-simple"},"_links":{"self":[{"href":"https:\/\/senabel.com\/sv\/wp-json\/wp\/v2\/product\/51332","targetHints":{"allow":["GET"]}}],"collection":[{"href":"https:\/\/senabel.com\/sv\/wp-json\/wp\/v2\/product"}],"about":[{"href":"https:\/\/senabel.com\/sv\/wp-json\/wp\/v2\/types\/product"}],"version-history":[{"count":1,"href":"https:\/\/senabel.com\/sv\/wp-json\/wp\/v2\/product\/51332\/revisions"}],"predecessor-version":[{"id":51334,"href":"https:\/\/senabel.com\/sv\/wp-json\/wp\/v2\/product\/51332\/revisions\/51334"}],"wp:featuredmedia":[{"embeddable":true,"href":"https:\/\/senabel.com\/sv\/wp-json\/wp\/v2\/media\/51333"}],"wp:attachment":[{"href":"https:\/\/senabel.com\/sv\/wp-json\/wp\/v2\/media?parent=51332"}],"wp:term":[{"taxonomy":"product_brand","embeddable":true,"href":"https:\/\/senabel.com\/sv\/wp-json\/wp\/v2\/product_brand?post=51332"},{"taxonomy":"product_cat","embeddable":true,"href":"https:\/\/senabel.com\/sv\/wp-json\/wp\/v2\/product_cat?post=51332"},{"taxonomy":"product_tag","embeddable":true,"href":"https:\/\/senabel.com\/sv\/wp-json\/wp\/v2\/product_tag?post=51332"}],"curies":[{"name":"wp","href":"https:\/\/api.w.org\/{rel}","templated":true}]}}