{"id":51324,"date":"2025-05-23T16:20:47","date_gmt":"2025-05-23T16:20:47","guid":{"rendered":"https:\/\/senabel.com\/?post_type=product&#038;p=51324"},"modified":"2025-08-17T14:09:00","modified_gmt":"2025-08-17T14:09:00","slug":"gusto-munkar-fyllda-och-tackta-med-choklad","status":"publish","type":"product","link":"https:\/\/senabel.com\/sv\/product\/gusto-donuts-filled-and-covered-with-chocolate\/","title":{"rendered":"Gusto fylld och choklad\u00f6verdragen munk 6 stycken"},"content":{"rendered":"<p data-start=\"94\" data-end=\"268\">Njut av rika chokladsmaker i varje tugga med Gustos munsbitar som f\u00e5r det att vattnas i munnen. L\u00e4ckert mjuka och sega, t\u00e4ckta av en lyxig chokladglasyr och fyllda med chokladfrosting f\u00f6r att tillfredsst\u00e4lla din s\u00f6tsug.<\/p>\n<p data-start=\"270\" data-end=\"288\"><strong data-start=\"270\" data-end=\"288\">Produktens egenskaper:<\/strong><\/p>\n<ul data-start=\"289\" data-end=\"452\">\n<li data-start=\"289\" data-end=\"323\">\n<p data-start=\"291\" data-end=\"323\">Fylld med en rik och naturlig chokladkr\u00e4m<\/p>\n<\/li>\n<li data-start=\"324\" data-end=\"362\">\n<p data-start=\"326\" data-end=\"362\">Toppad med en uts\u00f6kt m\u00f6rk chokladglasyr<\/p>\n<\/li>\n<li data-start=\"363\" data-end=\"398\">\n<p data-start=\"365\" data-end=\"398\">Mjuk och krispig med en smak f\u00f6r alla \u00e5ldrar<\/p>\n<\/li>\n<li data-start=\"399\" data-end=\"452\">\n<p data-start=\"401\" data-end=\"452\">5 + 1 gratis i f\u00f6rpackningen - merv\u00e4rde per f\u00f6rpackning<\/p>\n<\/li>\n<\/ul>\n<p data-start=\"454\" data-end=\"472\"><strong data-start=\"454\" data-end=\"472\">Produktinformation:<\/strong><\/p>\n<ul data-start=\"473\" data-end=\"589\">\n<li data-start=\"473\" data-end=\"505\">\n<p data-start=\"475\" data-end=\"505\">Kvantitet: 6 munkar (5 + 1 gratis)<\/p>\n<\/li>\n<li data-start=\"506\" data-end=\"538\">\n<p data-start=\"508\" data-end=\"538\">Varum\u00e4rke: Gusto - CICI<\/p>\n<\/li>\n<li data-start=\"539\" data-end=\"589\">\n<p data-start=\"541\" data-end=\"589\">Perfekt f\u00f6r skolan, kontoret eller som mellanm\u00e5l n\u00e4r som helst<\/p>\n<\/li>\n<\/ul>\n<p data-start=\"591\" data-end=\"675\"><strong data-start=\"591\" data-end=\"611\">F\u00f6rvaringsanvisningar:<\/strong><br \/>\nF\u00f6rvara p\u00e5 en sval, torr plats, skyddad fr\u00e5n v\u00e4rme och direkt solljus.<\/p>\n<p data-start=\"677\" data-end=\"753\" data-is-last-node=\"\" data-is-only-node=\"\">Unna dig en stund av krispig s\u00f6tma med Gusto Doughnuts - den oemotst\u00e5ndliga smaken!<\/p>","protected":false},"excerpt":{"rendered":"<p>Njut av rika chokladsmaker i varje tugga med Gustos munsbitar som f\u00e5r det att vattnas i munnen. L\u00e4ckert mjuka och sega, t\u00e4ckta av en lyxig chokladglasyr och fyllda med chokladfrosting f\u00f6r att tillfredsst\u00e4lla din s\u00f6tsug.<\/p>","protected":false},"featured_media":51325,"template":"","meta":[],"product_brand":[],"product_cat":[377],"product_tag":[],"class_list":{"0":"post-51324","1":"product","2":"type-product","3":"status-publish","4":"has-post-thumbnail","6":"product_cat-377","8":"first","9":"outofstock","10":"taxable","11":"shipping-taxable","12":"purchasable","13":"product-type-simple"},"_links":{"self":[{"href":"https:\/\/senabel.com\/sv\/wp-json\/wp\/v2\/product\/51324","targetHints":{"allow":["GET"]}}],"collection":[{"href":"https:\/\/senabel.com\/sv\/wp-json\/wp\/v2\/product"}],"about":[{"href":"https:\/\/senabel.com\/sv\/wp-json\/wp\/v2\/types\/product"}],"version-history":[{"count":1,"href":"https:\/\/senabel.com\/sv\/wp-json\/wp\/v2\/product\/51324\/revisions"}],"predecessor-version":[{"id":51326,"href":"https:\/\/senabel.com\/sv\/wp-json\/wp\/v2\/product\/51324\/revisions\/51326"}],"wp:featuredmedia":[{"embeddable":true,"href":"https:\/\/senabel.com\/sv\/wp-json\/wp\/v2\/media\/51325"}],"wp:attachment":[{"href":"https:\/\/senabel.com\/sv\/wp-json\/wp\/v2\/media?parent=51324"}],"wp:term":[{"taxonomy":"product_brand","embeddable":true,"href":"https:\/\/senabel.com\/sv\/wp-json\/wp\/v2\/product_brand?post=51324"},{"taxonomy":"product_cat","embeddable":true,"href":"https:\/\/senabel.com\/sv\/wp-json\/wp\/v2\/product_cat?post=51324"},{"taxonomy":"product_tag","embeddable":true,"href":"https:\/\/senabel.com\/sv\/wp-json\/wp\/v2\/product_tag?post=51324"}],"curies":[{"name":"wp","href":"https:\/\/api.w.org\/{rel}","templated":true}]}}