{"id":51248,"date":"2025-05-22T12:55:44","date_gmt":"2025-05-22T12:55:44","guid":{"rendered":"https:\/\/senabel.com\/?post_type=product&#038;p=51248"},"modified":"2026-03-23T15:10:13","modified_gmt":"2026-03-23T15:10:13","slug":"raa-cashewnotter-500-gram","status":"publish","type":"product","link":"https:\/\/senabel.com\/sv\/product\/raw-cashews-500-grams\/","title":{"rendered":"Cashewn\u00f6tter - 500 g"},"content":{"rendered":"<p data-start=\"70\" data-end=\"242\">100% naturliga r\u00e5a cashewn\u00f6tter, rika p\u00e5 n\u00e4ringsv\u00e4rde och med en uts\u00f6kt kr\u00e4mig smak. Perfekt f\u00f6r h\u00e4lsosamma mellanm\u00e5l eller f\u00f6r matlagning och dekorering av \u00f6sterl\u00e4ndska och v\u00e4sterl\u00e4ndska r\u00e4tter och desserter.<\/p>\n<p data-start=\"244\" data-end=\"262\"><strong data-start=\"244\" data-end=\"262\">Produktens egenskaper:<\/strong><\/p>\n<ul data-start=\"263\" data-end=\"460\">\n<li data-start=\"263\" data-end=\"291\">\n<p data-start=\"265\" data-end=\"291\">Orostade och osaltade r\u00e5a cashewn\u00f6tter<\/p>\n<\/li>\n<li data-start=\"292\" data-end=\"348\">\n<p data-start=\"294\" data-end=\"348\">En utm\u00e4rkt k\u00e4lla till v\u00e4xtbaserat protein, magnesium och h\u00e4lsosamma fetter<\/p>\n<\/li>\n<li data-start=\"349\" data-end=\"389\">\n<p data-start=\"351\" data-end=\"389\">H\u00e4rligt kr\u00e4mig smak och mjuk konsistens som sm\u00e4lter i munnen<\/p>\n<\/li>\n<li data-start=\"390\" data-end=\"460\">\n<p data-start=\"392\" data-end=\"460\">Perfekt som mellanm\u00e5l eller att l\u00e4gga till i desserter och vegetariska r\u00e4tter<\/p>\n<\/li>\n<\/ul>\n<p data-start=\"462\" data-end=\"480\"><strong data-start=\"462\" data-end=\"480\">Produktinformation:<\/strong><\/p>\n<ul data-start=\"481\" data-end=\"648\">\n<li data-start=\"481\" data-end=\"505\">\n<p data-start=\"483\" data-end=\"505\">Nettovikt: 500g<\/p>\n<\/li>\n<li data-start=\"558\" data-end=\"594\">\n<p data-start=\"560\" data-end=\"594\">Status: R\u00e5 - ingen rostning eller tillsatser<\/p>\n<\/li>\n<li data-start=\"595\" data-end=\"648\">\n<p data-start=\"597\" data-end=\"648\">F\u00f6rpackning: F\u00f6rslutet kuvert f\u00f6r att s\u00e4kerst\u00e4lla f\u00e4rskhet och bevara smaken<\/p>\n<\/li>\n<\/ul>\n<p data-start=\"650\" data-end=\"786\"><strong data-start=\"650\" data-end=\"670\">F\u00f6rvaringsanvisningar:<\/strong><br \/>\nF\u00f6rvara p\u00e5 en sval och torr plats, helst f\u00f6rseglad efter anv\u00e4ndning eller \u00f6verf\u00f6r till en luftt\u00e4t beh\u00e5llare f\u00f6r att bevara kvaliteten.<\/p>\n<p data-start=\"788\" data-end=\"862\" data-is-last-node=\"\" data-is-only-node=\"\">Sk\u00e4m bort dig sj\u00e4lv eller dina n\u00e4ra och k\u00e4ra med Snapple Natural Cashewn\u00f6tter - originalsmak och verklig nytta.<\/p>","protected":false},"excerpt":{"rendered":"<p>100% naturliga r\u00e5a cashewn\u00f6tter, rika p\u00e5 n\u00e4ringsv\u00e4rde och med en uts\u00f6kt kr\u00e4mig smak. Perfekt f\u00f6r h\u00e4lsosamma mellanm\u00e5l eller f\u00f6r matlagning och dekorering av \u00f6sterl\u00e4ndska och v\u00e4sterl\u00e4ndska r\u00e4tter och desserter.<\/p>","protected":false},"featured_media":51249,"template":"","meta":[],"product_brand":[],"product_cat":[423],"product_tag":[],"class_list":{"0":"post-51248","1":"product","2":"type-product","3":"status-publish","4":"has-post-thumbnail","6":"product_cat-423","8":"first","9":"instock","10":"featured","11":"taxable","12":"shipping-taxable","13":"purchasable","14":"product-type-simple"},"_links":{"self":[{"href":"https:\/\/senabel.com\/sv\/wp-json\/wp\/v2\/product\/51248","targetHints":{"allow":["GET"]}}],"collection":[{"href":"https:\/\/senabel.com\/sv\/wp-json\/wp\/v2\/product"}],"about":[{"href":"https:\/\/senabel.com\/sv\/wp-json\/wp\/v2\/types\/product"}],"version-history":[{"count":3,"href":"https:\/\/senabel.com\/sv\/wp-json\/wp\/v2\/product\/51248\/revisions"}],"predecessor-version":[{"id":51254,"href":"https:\/\/senabel.com\/sv\/wp-json\/wp\/v2\/product\/51248\/revisions\/51254"}],"wp:featuredmedia":[{"embeddable":true,"href":"https:\/\/senabel.com\/sv\/wp-json\/wp\/v2\/media\/51249"}],"wp:attachment":[{"href":"https:\/\/senabel.com\/sv\/wp-json\/wp\/v2\/media?parent=51248"}],"wp:term":[{"taxonomy":"product_brand","embeddable":true,"href":"https:\/\/senabel.com\/sv\/wp-json\/wp\/v2\/product_brand?post=51248"},{"taxonomy":"product_cat","embeddable":true,"href":"https:\/\/senabel.com\/sv\/wp-json\/wp\/v2\/product_cat?post=51248"},{"taxonomy":"product_tag","embeddable":true,"href":"https:\/\/senabel.com\/sv\/wp-json\/wp\/v2\/product_tag?post=51248"}],"curies":[{"name":"wp","href":"https:\/\/api.w.org\/{rel}","templated":true}]}}