{"id":51245,"date":"2025-05-22T12:55:57","date_gmt":"2025-05-22T12:55:57","guid":{"rendered":"https:\/\/senabel.com\/?post_type=product&#038;p=51245"},"modified":"2026-04-23T15:01:19","modified_gmt":"2026-04-23T15:01:19","slug":"raa-rivna-mandlar-500-gram","status":"publish","type":"product","link":"https:\/\/senabel.com\/sv\/product\/raw-grated-almonds-500-grams\/","title":{"rendered":"Riven mandel - 500 g"},"content":{"rendered":"<p data-start=\"73\" data-end=\"263\">F\u00e4rskriven mandel av h\u00f6g kvalitet som ger en sofistikerad touch och en uts\u00f6kt krispighet till desserter och bakverk fr\u00e5n \u00f6st och v\u00e4st. Perfekt f\u00f6r att dekorera baklava, maamoul, t\u00e5rtor eller f\u00f6r anv\u00e4ndning i en m\u00e4ngd olika hemrecept.<\/p>\n<p data-start=\"265\" data-end=\"283\"><strong data-start=\"265\" data-end=\"283\">Produktens egenskaper:<\/strong><\/p>\n<ul data-start=\"284\" data-end=\"489\">\n<li data-start=\"284\" data-end=\"331\">\n<p data-start=\"286\" data-end=\"331\">100% tunna, f\u00e4rska, skivade mandlar utan rostning eller saltning<\/p>\n<\/li>\n<li data-start=\"332\" data-end=\"389\">\n<p data-start=\"334\" data-end=\"389\">L\u00e4mplig f\u00f6r anv\u00e4ndning vid matlagning, garnering eller vanlig f\u00f6rt\u00e4ring<\/p>\n<\/li>\n<li data-start=\"390\" data-end=\"438\">\n<p data-start=\"392\" data-end=\"438\">Rik p\u00e5 proteiner, nyttiga fetter och vitaminer<\/p>\n<\/li>\n<li data-start=\"439\" data-end=\"489\">\n<p data-start=\"441\" data-end=\"489\">F\u00f6rb\u00e4ttrar smaken och ger r\u00e4tter och desserter ett attraktivt utseende<\/p>\n<\/li>\n<\/ul>\n<p data-start=\"491\" data-end=\"509\"><strong data-start=\"491\" data-end=\"509\">Produktinformation:<\/strong><\/p>\n<ul data-start=\"510\" data-end=\"685\">\n<li data-start=\"510\" data-end=\"534\">\n<p data-start=\"512\" data-end=\"534\">Nettovikt: 500g<\/p>\n<\/li>\n<li data-start=\"603\" data-end=\"637\">\n<p data-start=\"605\" data-end=\"637\">Status: R\u00e5 - orostad och osaltad<\/p>\n<\/li>\n<li data-start=\"638\" data-end=\"685\">\n<p data-start=\"640\" data-end=\"685\">F\u00f6rpackning: F\u00f6rseglat kuvert f\u00f6r att bevara f\u00e4rskhet och smak<\/p>\n<\/li>\n<\/ul>\n<p data-start=\"687\" data-end=\"800\"><strong data-start=\"687\" data-end=\"707\">F\u00f6rvaringsanvisningar:<\/strong><br \/>\nF\u00f6rvara p\u00e5 en sval, torr plats, skyddad fr\u00e5n fukt och v\u00e4rme, helst i en luftt\u00e4t beh\u00e5llare efter \u00f6ppnandet.<\/p>\n<p data-start=\"802\" data-end=\"892\" data-is-last-node=\"\" data-is-only-node=\"\">Ge dina recept en lyxig touch med r\u00e5a mandelskivor fr\u00e5n Snapple - den kvalitet som dina r\u00e4tter f\u00f6rtj\u00e4nar.<\/p>","protected":false},"excerpt":{"rendered":"<p>F\u00e4rskriven mandel av h\u00f6g kvalitet som ger en sofistikerad touch och en uts\u00f6kt krispighet till desserter och bakverk fr\u00e5n \u00f6st och v\u00e4st. Perfekt f\u00f6r att dekorera baklava, maamoul, t\u00e5rtor eller f\u00f6r anv\u00e4ndning i en m\u00e4ngd olika hemrecept.<\/p>","protected":false},"featured_media":51258,"template":"","meta":[],"product_brand":[],"product_cat":[423],"product_tag":[],"class_list":{"0":"post-51245","1":"product","2":"type-product","3":"status-publish","4":"has-post-thumbnail","6":"product_cat-423","8":"first","9":"instock","10":"taxable","11":"shipping-taxable","12":"purchasable","13":"product-type-simple"},"_links":{"self":[{"href":"https:\/\/senabel.com\/sv\/wp-json\/wp\/v2\/product\/51245","targetHints":{"allow":["GET"]}}],"collection":[{"href":"https:\/\/senabel.com\/sv\/wp-json\/wp\/v2\/product"}],"about":[{"href":"https:\/\/senabel.com\/sv\/wp-json\/wp\/v2\/types\/product"}],"version-history":[{"count":3,"href":"https:\/\/senabel.com\/sv\/wp-json\/wp\/v2\/product\/51245\/revisions"}],"predecessor-version":[{"id":63044,"href":"https:\/\/senabel.com\/sv\/wp-json\/wp\/v2\/product\/51245\/revisions\/63044"}],"wp:featuredmedia":[{"embeddable":true,"href":"https:\/\/senabel.com\/sv\/wp-json\/wp\/v2\/media\/51258"}],"wp:attachment":[{"href":"https:\/\/senabel.com\/sv\/wp-json\/wp\/v2\/media?parent=51245"}],"wp:term":[{"taxonomy":"product_brand","embeddable":true,"href":"https:\/\/senabel.com\/sv\/wp-json\/wp\/v2\/product_brand?post=51245"},{"taxonomy":"product_cat","embeddable":true,"href":"https:\/\/senabel.com\/sv\/wp-json\/wp\/v2\/product_cat?post=51245"},{"taxonomy":"product_tag","embeddable":true,"href":"https:\/\/senabel.com\/sv\/wp-json\/wp\/v2\/product_tag?post=51245"}],"curies":[{"name":"wp","href":"https:\/\/api.w.org\/{rel}","templated":true}]}}