{"id":51241,"date":"2025-05-22T12:56:08","date_gmt":"2025-05-22T12:56:08","guid":{"rendered":"https:\/\/senabel.com\/?post_type=product&#038;p=51241"},"modified":"2026-02-20T15:12:53","modified_gmt":"2026-02-20T15:12:53","slug":"raa-pistaschnotter-500-gram","status":"publish","type":"product","link":"https:\/\/senabel.com\/sv\/product\/raw-pistachios-500-grams\/","title":{"rendered":"Pistaschn\u00f6tter - 500 g"},"content":{"rendered":"<p data-start=\"70\" data-end=\"255\">Pistaschmandlar \u00e4r perfekta att anv\u00e4nda i orientaliska desserter som baklava och maamoul, i matlagning och garnering, och \u00e4ven som ett h\u00e4lsosamt, n\u00e4ringsrikt mellanm\u00e5l, och \u00e4r en utm\u00e4rkt helt naturlig pistaschmandel.<\/p>\n<p data-start=\"257\" data-end=\"275\"><strong data-start=\"257\" data-end=\"275\">Produktens egenskaper:<\/strong><\/p>\n<ul data-start=\"276\" data-end=\"448\">\n<li data-start=\"276\" data-end=\"321\">\n<p data-start=\"278\" data-end=\"321\">100% naturliga r\u00e5a pistaschn\u00f6tter, orostade och osaltade<\/p>\n<\/li>\n<li data-start=\"322\" data-end=\"348\">\n<p data-start=\"324\" data-end=\"348\">Noggrant utvalda hela k\u00e4rnor<\/p>\n<\/li>\n<li data-start=\"349\" data-end=\"395\">\n<p data-start=\"351\" data-end=\"395\">Rik p\u00e5 protein, nyttiga fetter och antioxidanter<\/p>\n<\/li>\n<li data-start=\"396\" data-end=\"448\">\n<p data-start=\"398\" data-end=\"448\">Perfekt f\u00f6r desserter, finare middagar eller enklare m\u00e5ltider<\/p>\n<\/li>\n<\/ul>\n<p data-start=\"450\" data-end=\"468\"><strong data-start=\"450\" data-end=\"468\">Produktinformation:<\/strong><\/p>\n<ul data-start=\"469\" data-end=\"622\">\n<li data-start=\"469\" data-end=\"493\">\n<p data-start=\"471\" data-end=\"493\">Nettovikt: 500g<\/p>\n<\/li>\n<li data-start=\"541\" data-end=\"575\">\n<p data-start=\"543\" data-end=\"575\">Status: R\u00e5 - orostad och osaltad<\/p>\n<\/li>\n<li data-start=\"576\" data-end=\"622\">\n<p data-start=\"578\" data-end=\"622\">F\u00f6rpackning: F\u00f6rslutet kuvert f\u00f6r att bevara smak och kvalitet<\/p>\n<\/li>\n<\/ul>\n<p data-start=\"624\" data-end=\"717\"><strong data-start=\"624\" data-end=\"644\">F\u00f6rvaringsanvisningar:<\/strong><br \/>\nF\u00f6rvara p\u00e5 en sval och torr plats, helst i en luftt\u00e4t beh\u00e5llare f\u00f6r att bevara f\u00e4rskheten.<\/p>\n<p data-start=\"719\" data-end=\"821\" data-is-last-node=\"\" data-is-only-node=\"\">Njut av den autentiska smaken av pistagen\u00f6tter med en naturlig och lyxig produkt fr\u00e5n Sanabel - ditt perfekta val f\u00f6r smak och n\u00e4ring.<\/p>","protected":false},"excerpt":{"rendered":"<p>Pistaschmandlar \u00e4r perfekta att anv\u00e4nda i orientaliska desserter som baklava och maamoul, i matlagning och garnering, och \u00e4ven som ett h\u00e4lsosamt, n\u00e4ringsrikt mellanm\u00e5l, och \u00e4r en utm\u00e4rkt helt naturlig pistaschmandel.<\/p>","protected":false},"featured_media":51242,"template":"","meta":[],"product_brand":[],"product_cat":[423],"product_tag":[],"class_list":{"0":"post-51241","1":"product","2":"type-product","3":"status-publish","4":"has-post-thumbnail","6":"product_cat-423","8":"first","9":"instock","10":"taxable","11":"shipping-taxable","12":"purchasable","13":"product-type-simple"},"_links":{"self":[{"href":"https:\/\/senabel.com\/sv\/wp-json\/wp\/v2\/product\/51241","targetHints":{"allow":["GET"]}}],"collection":[{"href":"https:\/\/senabel.com\/sv\/wp-json\/wp\/v2\/product"}],"about":[{"href":"https:\/\/senabel.com\/sv\/wp-json\/wp\/v2\/types\/product"}],"version-history":[{"count":3,"href":"https:\/\/senabel.com\/sv\/wp-json\/wp\/v2\/product\/51241\/revisions"}],"predecessor-version":[{"id":60566,"href":"https:\/\/senabel.com\/sv\/wp-json\/wp\/v2\/product\/51241\/revisions\/60566"}],"wp:featuredmedia":[{"embeddable":true,"href":"https:\/\/senabel.com\/sv\/wp-json\/wp\/v2\/media\/51242"}],"wp:attachment":[{"href":"https:\/\/senabel.com\/sv\/wp-json\/wp\/v2\/media?parent=51241"}],"wp:term":[{"taxonomy":"product_brand","embeddable":true,"href":"https:\/\/senabel.com\/sv\/wp-json\/wp\/v2\/product_brand?post=51241"},{"taxonomy":"product_cat","embeddable":true,"href":"https:\/\/senabel.com\/sv\/wp-json\/wp\/v2\/product_cat?post=51241"},{"taxonomy":"product_tag","embeddable":true,"href":"https:\/\/senabel.com\/sv\/wp-json\/wp\/v2\/product_tag?post=51241"}],"curies":[{"name":"wp","href":"https:\/\/api.w.org\/{rel}","templated":true}]}}