{"id":51238,"date":"2025-05-22T12:56:19","date_gmt":"2025-05-22T12:56:19","guid":{"rendered":"https:\/\/senabel.com\/?post_type=product&#038;p=51238"},"modified":"2026-04-15T11:25:01","modified_gmt":"2026-04-15T11:25:01","slug":"raa-mandlar-en-halv-bit-500-gram","status":"publish","type":"product","link":"https:\/\/senabel.com\/sv\/product\/raw-almonds-half-a-piece-500-grams\/","title":{"rendered":"Mandlar - 500 g"},"content":{"rendered":"<p data-start=\"72\" data-end=\"266\">Skalade och halverade naturmandlar, perfekta f\u00f6r desserter och bakverk eller som garnering f\u00f6r \u00f6sterl\u00e4ndska och v\u00e4sterl\u00e4ndska r\u00e4tter. De \u00e4r av h\u00f6g kvalitet och smakrika och \u00e4r ett h\u00e4lsosamt och n\u00e4ringsrikt val.<\/p>\n<p data-start=\"268\" data-end=\"286\"><strong data-start=\"268\" data-end=\"286\">Produktens egenskaper:<\/strong><\/p>\n<ul data-start=\"287\" data-end=\"461\">\n<li data-start=\"287\" data-end=\"312\">\n<p data-start=\"289\" data-end=\"312\">100% Naturliga mandlar orostade<\/p>\n<\/li>\n<li data-start=\"313\" data-end=\"369\">\n<p data-start=\"315\" data-end=\"369\">Skrubbad och halverad f\u00f6r att spara tid och underl\u00e4tta anv\u00e4ndningen<\/p>\n<\/li>\n<li data-start=\"370\" data-end=\"412\">\n<p data-start=\"372\" data-end=\"412\">Rik p\u00e5 protein, fibrer och nyttiga fetter<\/p>\n<\/li>\n<li data-start=\"413\" data-end=\"461\">\n<p data-start=\"415\" data-end=\"461\">Perfekt f\u00f6r desserter, bakverk eller som ett n\u00e4ringsrikt mellanm\u00e5l<\/p>\n<\/li>\n<\/ul>\n<p data-start=\"463\" data-end=\"481\"><strong data-start=\"463\" data-end=\"481\">Produktinformation:<\/strong><\/p>\n<ul data-start=\"482\" data-end=\"614\">\n<li data-start=\"482\" data-end=\"506\">\n<p data-start=\"484\" data-end=\"506\">Nettovikt: 500g<\/p>\n<\/li>\n<li data-start=\"507\" data-end=\"523\">\n<p data-start=\"509\" data-end=\"523\">Formen: Halv piller<\/p>\n<\/li>\n<li data-start=\"524\" data-end=\"558\">\n<p data-start=\"526\" data-end=\"558\">Status: R\u00e5 - orostad och osaltad<\/p>\n<\/li>\n<li data-start=\"559\" data-end=\"614\">\n<p data-start=\"561\" data-end=\"614\">F\u00f6rpackning: Hermetiskt tillsluten f\u00f6r att s\u00e4kerst\u00e4lla att smak och f\u00e4rskhet bevaras<\/p>\n<\/li>\n<\/ul>\n<p data-start=\"616\" data-end=\"722\"><strong data-start=\"616\" data-end=\"636\">F\u00f6rvaringsanvisningar:<\/strong><br \/>\nF\u00f6rvara p\u00e5 en sval och torr plats, helst inom 6 m\u00e5nader fr\u00e5n f\u00f6rpackningsdatum.<\/p>\n<p data-start=\"724\" data-end=\"807\" data-is-last-node=\"\" data-is-only-node=\"\">L\u00e4gg till en lyxig touch p\u00e5 ditt bord med naturliga halvk\u00e4rniga mandlar fr\u00e5n Sanabel - kvaliteten som passar din smak.<\/p>","protected":false},"excerpt":{"rendered":"<p>Skalade och halverade naturmandlar, perfekta f\u00f6r desserter och bakverk eller som garnering f\u00f6r \u00f6sterl\u00e4ndska och v\u00e4sterl\u00e4ndska r\u00e4tter. De \u00e4r av h\u00f6g kvalitet och smakrika och \u00e4r ett h\u00e4lsosamt och n\u00e4ringsrikt val.<\/p>","protected":false},"featured_media":51239,"template":"","meta":[],"product_brand":[],"product_cat":[423],"product_tag":[],"class_list":{"0":"post-51238","1":"product","2":"type-product","3":"status-publish","4":"has-post-thumbnail","6":"product_cat-423","8":"first","9":"instock","10":"featured","11":"taxable","12":"shipping-taxable","13":"purchasable","14":"product-type-simple"},"_links":{"self":[{"href":"https:\/\/senabel.com\/sv\/wp-json\/wp\/v2\/product\/51238","targetHints":{"allow":["GET"]}}],"collection":[{"href":"https:\/\/senabel.com\/sv\/wp-json\/wp\/v2\/product"}],"about":[{"href":"https:\/\/senabel.com\/sv\/wp-json\/wp\/v2\/types\/product"}],"version-history":[{"count":1,"href":"https:\/\/senabel.com\/sv\/wp-json\/wp\/v2\/product\/51238\/revisions"}],"predecessor-version":[{"id":51240,"href":"https:\/\/senabel.com\/sv\/wp-json\/wp\/v2\/product\/51238\/revisions\/51240"}],"wp:featuredmedia":[{"embeddable":true,"href":"https:\/\/senabel.com\/sv\/wp-json\/wp\/v2\/media\/51239"}],"wp:attachment":[{"href":"https:\/\/senabel.com\/sv\/wp-json\/wp\/v2\/media?parent=51238"}],"wp:term":[{"taxonomy":"product_brand","embeddable":true,"href":"https:\/\/senabel.com\/sv\/wp-json\/wp\/v2\/product_brand?post=51238"},{"taxonomy":"product_cat","embeddable":true,"href":"https:\/\/senabel.com\/sv\/wp-json\/wp\/v2\/product_cat?post=51238"},{"taxonomy":"product_tag","embeddable":true,"href":"https:\/\/senabel.com\/sv\/wp-json\/wp\/v2\/product_tag?post=51238"}],"curies":[{"name":"wp","href":"https:\/\/api.w.org\/{rel}","templated":true}]}}