{"id":51229,"date":"2025-05-22T13:12:14","date_gmt":"2025-05-22T13:12:14","guid":{"rendered":"https:\/\/senabel.com\/?post_type=product&#038;p=51229"},"modified":"2026-03-04T22:40:17","modified_gmt":"2026-03-04T22:40:17","slug":"koppar-kaffekanna","status":"publish","type":"product","link":"https:\/\/senabel.com\/sv\/product\/copper-coffee-pot\/","title":{"rendered":"Kaffekanna i koppar - 3 storlekar"},"content":{"rendered":"<p data-start=\"41\" data-end=\"90\"><strong data-start=\"41\" data-end=\"90\">Kaffekanna i koppar - 3 storlekar (liten, medium och stor)<\/strong><\/p>\n<p data-start=\"92\" data-end=\"263\">Bryggning av \u00e4kta orientaliskt kaffe b\u00f6rjar med en traditionell kopparkanna, handgjord f\u00f6r att kombinera h\u00f6g kvalitet med ett traditionellt utseende. Den har optimal v\u00e4rmef\u00f6rdelning f\u00f6r att s\u00e4kerst\u00e4lla en rik och balanserad smak.<\/p>\n<p data-start=\"265\" data-end=\"283\"><strong data-start=\"265\" data-end=\"283\">Produktens egenskaper:<\/strong><\/p>\n<ul data-start=\"284\" data-end=\"459\">\n<li data-start=\"284\" data-end=\"334\">\n<p data-start=\"286\" data-end=\"334\">Tillverkad av handhamrad m\u00e4ssing f\u00f6r ett elegant och autentiskt utseende<\/p>\n<\/li>\n<li data-start=\"335\" data-end=\"382\">\n<p data-start=\"337\" data-end=\"382\">Kokningss\u00e4ker innerbel\u00e4ggning f\u00f6rhindrar reaktion med kaffe<\/p>\n<\/li>\n<li data-start=\"383\" data-end=\"417\">\n<p data-start=\"385\" data-end=\"417\">Tr\u00e4handtag f\u00f6r ett bekv\u00e4mt och s\u00e4kert grepp<\/p>\n<\/li>\n<li data-start=\"418\" data-end=\"459\">\n<p data-start=\"420\" data-end=\"459\">L\u00e4mplig f\u00f6r anv\u00e4ndning p\u00e5 gas eller sand<\/p>\n<\/li>\n<\/ul>\n<p data-start=\"461\" data-end=\"479\"><strong data-start=\"461\" data-end=\"479\">Produktinformation:<\/strong><\/p>\n<ul data-start=\"480\" data-end=\"665\">\n<li data-start=\"480\" data-end=\"514\">\n<p data-start=\"482\" data-end=\"514\">Antal delar: 3 (liten, medelstor och stor)<\/p>\n<\/li>\n<li data-start=\"515\" data-end=\"547\">\n<p data-start=\"517\" data-end=\"547\">Material: Naturlig m\u00e4ssing + tr\u00e4handtag<\/p>\n<\/li>\n<li data-start=\"548\" data-end=\"608\">\n<p data-start=\"550\" data-end=\"608\">Formen: Klassisk bred botten, smal pip f\u00f6r att f\u00f6rb\u00e4ttra kaffeskummet<\/p>\n<\/li>\n<li data-start=\"609\" data-end=\"665\">\n<p data-start=\"611\" data-end=\"665\">L\u00e4tt att reng\u00f6ra (handreng\u00f6ring \u00e4r att f\u00f6redra f\u00f6r att bevara glansen)<\/p>\n<\/li>\n<\/ul>\n<p data-start=\"667\" data-end=\"770\" data-is-last-node=\"\" data-is-only-node=\"\">V\u00e4lj Copper Dallah f\u00f6r att brygga ditt kaffe med en lyxig orientalisk stil och o\u00f6vertr\u00e4ffad smak. Perfekt f\u00f6r \u00e4lskare av autentiskt arabiskt kaffe.<\/p>","protected":false},"excerpt":{"rendered":"<p>Bryggning av \u00e4kta orientaliskt kaffe b\u00f6rjar med en traditionell kopparkanna, handgjord f\u00f6r att kombinera h\u00f6g kvalitet med ett traditionellt utseende. Den har optimal v\u00e4rmef\u00f6rdelning f\u00f6r att s\u00e4kerst\u00e4lla en rik och balanserad smak.<\/p>","protected":false},"featured_media":51230,"template":"","meta":[],"product_brand":[],"product_cat":[347,326,282,382],"product_tag":[],"class_list":{"0":"post-51229","1":"product","2":"type-product","3":"status-publish","4":"has-post-thumbnail","6":"product_cat-347","7":"product_cat-326","8":"product_cat-282","9":"product_cat-382","11":"first","12":"outofstock","13":"taxable","14":"shipping-taxable","15":"product-type-variable"},"_links":{"self":[{"href":"https:\/\/senabel.com\/sv\/wp-json\/wp\/v2\/product\/51229","targetHints":{"allow":["GET"]}}],"collection":[{"href":"https:\/\/senabel.com\/sv\/wp-json\/wp\/v2\/product"}],"about":[{"href":"https:\/\/senabel.com\/sv\/wp-json\/wp\/v2\/types\/product"}],"version-history":[{"count":2,"href":"https:\/\/senabel.com\/sv\/wp-json\/wp\/v2\/product\/51229\/revisions"}],"predecessor-version":[{"id":56761,"href":"https:\/\/senabel.com\/sv\/wp-json\/wp\/v2\/product\/51229\/revisions\/56761"}],"wp:featuredmedia":[{"embeddable":true,"href":"https:\/\/senabel.com\/sv\/wp-json\/wp\/v2\/media\/51230"}],"wp:attachment":[{"href":"https:\/\/senabel.com\/sv\/wp-json\/wp\/v2\/media?parent=51229"}],"wp:term":[{"taxonomy":"product_brand","embeddable":true,"href":"https:\/\/senabel.com\/sv\/wp-json\/wp\/v2\/product_brand?post=51229"},{"taxonomy":"product_cat","embeddable":true,"href":"https:\/\/senabel.com\/sv\/wp-json\/wp\/v2\/product_cat?post=51229"},{"taxonomy":"product_tag","embeddable":true,"href":"https:\/\/senabel.com\/sv\/wp-json\/wp\/v2\/product_tag?post=51229"}],"curies":[{"name":"wp","href":"https:\/\/api.w.org\/{rel}","templated":true}]}}