{"id":51223,"date":"2025-05-22T13:14:38","date_gmt":"2025-05-22T13:14:38","guid":{"rendered":"https:\/\/senabel.com\/?post_type=product&#038;p=51223"},"modified":"2026-03-11T08:33:30","modified_gmt":"2026-03-11T08:33:30","slug":"kaffekanna-i-rostfritt-stal","status":"publish","type":"product","link":"https:\/\/senabel.com\/sv\/product\/stainless-steel-coffee-pot\/","title":{"rendered":"Kaffekanna i rostfritt st\u00e5l - 3 storlekar"},"content":{"rendered":"<p data-start=\"48\" data-end=\"107\"><strong data-start=\"48\" data-end=\"107\">Kaffekanna i rostfritt st\u00e5l - 3 storlekar (liten, medelstor och stor)<\/strong><\/p>\n<p data-start=\"109\" data-end=\"278\">F\u00f6rbered ditt dagliga kaffe enkelt med denna h\u00f6gkvalitativa kaffekanna i rostfritt st\u00e5l. Praktisk och robust design med ett ergonomiskt, v\u00e4rmeisolerat handtag ger dig b\u00e4ttre kontroll under anv\u00e4ndning.<\/p>\n<p data-start=\"280\" data-end=\"298\"><strong data-start=\"280\" data-end=\"298\">Produktens egenskaper:<\/strong><\/p>\n<ul data-start=\"299\" data-end=\"488\">\n<li data-start=\"299\" data-end=\"346\">\n<p data-start=\"301\" data-end=\"346\">Tillverkad av rostfritt st\u00e5l med l\u00e5ng livsl\u00e4ngd<\/p>\n<\/li>\n<li data-start=\"347\" data-end=\"400\">\n<p data-start=\"349\" data-end=\"400\">Ergonomiskt handtag i v\u00e4rmet\u00e5lig plast f\u00f6r enkel transport och h\u00e4llning<\/p>\n<\/li>\n<li data-start=\"401\" data-end=\"443\">\n<p data-start=\"403\" data-end=\"443\">Enkel och funktionell design med sido\u00f6ppning f\u00f6r ren h\u00e4llning<\/p>\n<\/li>\n<li data-start=\"444\" data-end=\"488\">\n<p data-start=\"446\" data-end=\"488\">L\u00e4mplig f\u00f6r kaffebryggning med gas eller el<\/p>\n<\/li>\n<\/ul>\n<p data-start=\"490\" data-end=\"508\"><strong data-start=\"490\" data-end=\"508\">Produktinformation:<\/strong><\/p>\n<ul data-start=\"509\" data-end=\"636\">\n<li data-start=\"509\" data-end=\"543\">\n<p data-start=\"511\" data-end=\"543\">Antal delar: 3 (liten, medelstor och stor)<\/p>\n<\/li>\n<li data-start=\"544\" data-end=\"565\">\n<p data-start=\"546\" data-end=\"565\">Material: Rostfritt st\u00e5l Rostfritt st\u00e5l<\/p>\n<\/li>\n<li data-start=\"594\" data-end=\"636\">\n<p data-start=\"596\" data-end=\"636\">L\u00e4tt att reng\u00f6ra och t\u00e5l maskindisk<\/p>\n<\/li>\n<\/ul>\n<p data-start=\"638\" data-end=\"740\" data-is-last-node=\"\" data-is-only-node=\"\">V\u00e4lj den h\u00e4r praktiska kaffekanna f\u00f6r snabb och enkel kaffebryggning, perfekt f\u00f6r vardagsbruk hemma eller p\u00e5 kontoret.<\/p>","protected":false},"excerpt":{"rendered":"<p>F\u00f6rbered ditt dagliga kaffe enkelt med denna h\u00f6gkvalitativa kaffekanna i rostfritt st\u00e5l. Praktisk och robust design med ett ergonomiskt, v\u00e4rmeisolerat handtag ger dig b\u00e4ttre kontroll under anv\u00e4ndning.<\/p>","protected":false},"featured_media":51227,"template":"","meta":[],"product_brand":[],"product_cat":[347,326,282,382],"product_tag":[],"class_list":{"0":"post-51223","1":"product","2":"type-product","3":"status-publish","4":"has-post-thumbnail","6":"product_cat-347","7":"product_cat-326","8":"product_cat-282","9":"product_cat-382","11":"first","12":"instock","13":"taxable","14":"shipping-taxable","15":"purchasable","16":"product-type-variable"},"_links":{"self":[{"href":"https:\/\/senabel.com\/sv\/wp-json\/wp\/v2\/product\/51223","targetHints":{"allow":["GET"]}}],"collection":[{"href":"https:\/\/senabel.com\/sv\/wp-json\/wp\/v2\/product"}],"about":[{"href":"https:\/\/senabel.com\/sv\/wp-json\/wp\/v2\/types\/product"}],"version-history":[{"count":1,"href":"https:\/\/senabel.com\/sv\/wp-json\/wp\/v2\/product\/51223\/revisions"}],"predecessor-version":[{"id":51228,"href":"https:\/\/senabel.com\/sv\/wp-json\/wp\/v2\/product\/51223\/revisions\/51228"}],"wp:featuredmedia":[{"embeddable":true,"href":"https:\/\/senabel.com\/sv\/wp-json\/wp\/v2\/media\/51227"}],"wp:attachment":[{"href":"https:\/\/senabel.com\/sv\/wp-json\/wp\/v2\/media?parent=51223"}],"wp:term":[{"taxonomy":"product_brand","embeddable":true,"href":"https:\/\/senabel.com\/sv\/wp-json\/wp\/v2\/product_brand?post=51223"},{"taxonomy":"product_cat","embeddable":true,"href":"https:\/\/senabel.com\/sv\/wp-json\/wp\/v2\/product_cat?post=51223"},{"taxonomy":"product_tag","embeddable":true,"href":"https:\/\/senabel.com\/sv\/wp-json\/wp\/v2\/product_tag?post=51223"}],"curies":[{"name":"wp","href":"https:\/\/api.w.org\/{rel}","templated":true}]}}