{"id":51219,"date":"2025-05-22T13:16:23","date_gmt":"2025-05-22T13:16:23","guid":{"rendered":"https:\/\/senabel.com\/?post_type=product&#038;p=51219"},"modified":"2025-07-18T09:42:12","modified_gmt":"2025-07-18T09:42:12","slug":"set-med-kaffekoppar","status":"publish","type":"product","link":"https:\/\/senabel.com\/sv\/product\/coffee-cup-set\/","title":{"rendered":"Set med kaffekoppar i vitt och guld 6 koppar"},"content":{"rendered":"<p data-start=\"48\" data-end=\"99\"><strong data-start=\"48\" data-end=\"99\">Kaffekoppset i vitt och guld - 6 koppar med 6 fat<\/strong><\/p>\n<p data-start=\"101\" data-end=\"276\">L\u00e4gg till en touch av klassisk elegans till ditt g\u00e4stbord med detta kaffekoppset i vitt och guld. En lyxig design med ett attraktivt guldm\u00f6nster som \u00e5terspeglar god smak och ger en touch av glamour till varje tillf\u00e4lle.<\/p>\n<p data-start=\"278\" data-end=\"296\"><strong data-start=\"278\" data-end=\"296\">Produktens egenskaper:<\/strong><\/p>\n<ul data-start=\"297\" data-end=\"514\">\n<li data-start=\"297\" data-end=\"362\">\n<p data-start=\"299\" data-end=\"362\">Elegant design som kombinerar ren vit f\u00e4rg med lyxiga guldutsmyckningar<\/p>\n<\/li>\n<li data-start=\"414\" data-end=\"472\">\n<p data-start=\"416\" data-end=\"472\">Muggar med ergonomiska handtag f\u00f6r vardagsbruk eller speciella tillf\u00e4llen<\/p>\n<\/li>\n<li data-start=\"473\" data-end=\"514\">\n<p data-start=\"475\" data-end=\"514\">Komplett set med tillh\u00f6rande tallrikar<\/p>\n<\/li>\n<\/ul>\n<p data-start=\"516\" data-end=\"534\"><strong data-start=\"516\" data-end=\"534\">Produktinformation:<\/strong><\/p>\n<ul data-start=\"535\" data-end=\"671\">\n<li data-start=\"535\" data-end=\"565\">\n<p data-start=\"537\" data-end=\"565\">Antal delar: 6 koppar + 6 tallrikar<\/p>\n<\/li>\n<li data-start=\"566\" data-end=\"594\">\n<p data-start=\"568\" data-end=\"594\">F\u00e4rg: Vit med guldf\u00e4rgad dekor<\/p>\n<\/li>\n<li data-start=\"619\" data-end=\"671\">\n<p data-start=\"621\" data-end=\"671\">L\u00e4mplig f\u00f6r servering av arabiskt, turkiskt eller espressokaffe<\/p>\n<\/li>\n<\/ul>\n<p data-start=\"673\" data-end=\"745\" data-is-last-node=\"\" data-is-only-node=\"\">G\u00f6r dina kaffestunder mer lyxiga med denna klassiska upps\u00e4ttning fantastiska muggar.<\/p>","protected":false},"excerpt":{"rendered":"<p>L\u00e4gg till en touch av klassisk elegans till ditt g\u00e4stbord med detta kaffekoppset i vitt och guld. En lyxig design med ett attraktivt guldm\u00f6nster som \u00e5terspeglar god smak och ger en touch av glamour till varje tillf\u00e4lle.<\/p>","protected":false},"featured_media":51221,"template":"","meta":[],"product_brand":[],"product_cat":[347,326,282,382],"product_tag":[],"class_list":{"0":"post-51219","1":"product","2":"type-product","3":"status-publish","4":"has-post-thumbnail","6":"product_cat-347","7":"product_cat-326","8":"product_cat-282","9":"product_cat-382","11":"first","12":"outofstock","13":"taxable","14":"shipping-taxable","15":"purchasable","16":"product-type-simple"},"_links":{"self":[{"href":"https:\/\/senabel.com\/sv\/wp-json\/wp\/v2\/product\/51219","targetHints":{"allow":["GET"]}}],"collection":[{"href":"https:\/\/senabel.com\/sv\/wp-json\/wp\/v2\/product"}],"about":[{"href":"https:\/\/senabel.com\/sv\/wp-json\/wp\/v2\/types\/product"}],"version-history":[{"count":1,"href":"https:\/\/senabel.com\/sv\/wp-json\/wp\/v2\/product\/51219\/revisions"}],"predecessor-version":[{"id":51222,"href":"https:\/\/senabel.com\/sv\/wp-json\/wp\/v2\/product\/51219\/revisions\/51222"}],"wp:featuredmedia":[{"embeddable":true,"href":"https:\/\/senabel.com\/sv\/wp-json\/wp\/v2\/media\/51221"}],"wp:attachment":[{"href":"https:\/\/senabel.com\/sv\/wp-json\/wp\/v2\/media?parent=51219"}],"wp:term":[{"taxonomy":"product_brand","embeddable":true,"href":"https:\/\/senabel.com\/sv\/wp-json\/wp\/v2\/product_brand?post=51219"},{"taxonomy":"product_cat","embeddable":true,"href":"https:\/\/senabel.com\/sv\/wp-json\/wp\/v2\/product_cat?post=51219"},{"taxonomy":"product_tag","embeddable":true,"href":"https:\/\/senabel.com\/sv\/wp-json\/wp\/v2\/product_tag?post=51219"}],"curies":[{"name":"wp","href":"https:\/\/api.w.org\/{rel}","templated":true}]}}