{"id":51209,"date":"2025-05-22T13:59:45","date_gmt":"2025-05-22T13:59:45","guid":{"rendered":"https:\/\/senabel.com\/?post_type=product&#038;p=51209"},"modified":"2026-04-20T17:55:48","modified_gmt":"2026-04-20T17:55:48","slug":"set-med-tva-likadana-klubbor","status":"publish","type":"product","link":"https:\/\/senabel.com\/sv\/product\/set-of-two-mate-lollipops\/","title":{"rendered":"Mata Lollipop Set"},"content":{"rendered":"<p data-start=\"48\" data-end=\"98\"><strong data-start=\"48\" data-end=\"98\">Metta Lollipop Set - lyxig orientalisk tv\u00e5delad design<\/strong><\/p>\n<p data-start=\"100\" data-end=\"273\">Njut av din mate med stil med en upps\u00e4ttning av tv\u00e5 klubbor tillverkade av h\u00e5llbar metall med tv\u00e5 distinkta guldf\u00e4rgade accenter. En lyxig orientalisk design och ett utsmyckat handtag ger sk\u00f6nhet till din dagliga ritual f\u00f6r att dricka mate.<\/p>\n<p data-start=\"275\" data-end=\"293\"><strong data-start=\"275\" data-end=\"293\">Produktens egenskaper:<\/strong><\/p>\n<ul data-start=\"294\" data-end=\"485\">\n<li data-start=\"294\" data-end=\"343\">\n<p data-start=\"296\" data-end=\"343\">Tv\u00e5 olikf\u00e4rgade klubbor (guld och koppar) f\u00f6r en unik look<\/p>\n<\/li>\n<li data-start=\"344\" data-end=\"394\">\n<p data-start=\"346\" data-end=\"394\">Perforerat huvud utformat f\u00f6r perfekt filtrering och j\u00e4mnt fl\u00f6de utan f\u00f6roreningar<\/p>\n<\/li>\n<li data-start=\"395\" data-end=\"443\">\n<p data-start=\"397\" data-end=\"443\">Ergonomiskt handtag med eleganta orientaliska motiv<\/p>\n<\/li>\n<li data-start=\"444\" data-end=\"485\">\n<p data-start=\"446\" data-end=\"485\">L\u00e4tt att reng\u00f6ra och \u00e5teranv\u00e4ndbar f\u00f6r flera anv\u00e4ndningsomr\u00e5den<\/p>\n<\/li>\n<\/ul>\n<p data-start=\"487\" data-end=\"505\"><strong data-start=\"487\" data-end=\"505\">Produktinformation:<\/strong><\/p>\n<ul data-start=\"506\" data-end=\"652\">\n<li data-start=\"506\" data-end=\"530\">\n<p data-start=\"508\" data-end=\"530\">Antal bitar: 2 mata klubbor<\/p>\n<\/li>\n<li data-start=\"531\" data-end=\"557\">\n<p data-start=\"533\" data-end=\"557\">Artikel: Rostfritt st\u00e5l<\/p>\n<\/li>\n<li data-start=\"558\" data-end=\"615\">\n<p data-start=\"560\" data-end=\"615\">Anv\u00e4ndning: F\u00f6r mate och andra liknande drycker<\/p>\n<\/li>\n<li data-start=\"616\" data-end=\"652\">\n<p data-start=\"618\" data-end=\"652\">F\u00f6rpackning: Premiumbox l\u00e4mplig f\u00f6r g\u00e5vor<\/p>\n<\/li>\n<\/ul>\n<p data-start=\"654\" data-end=\"733\" data-is-last-node=\"\" data-is-only-node=\"\">En touch av stil och funktionalitet i varje klunk - l\u00e4gg nu till den bland dina dagliga dryckestillbeh\u00f6r.<\/p>","protected":false},"excerpt":{"rendered":"<p>Njut av din mate med stil med en upps\u00e4ttning av tv\u00e5 klubbor tillverkade av h\u00e5llbar metall med tv\u00e5 distinkta guldf\u00e4rgade accenter. En lyxig orientalisk design och ett utsmyckat handtag ger sk\u00f6nhet till din dagliga ritual f\u00f6r att dricka mate.<\/p>","protected":false},"featured_media":51210,"template":"","meta":[],"product_brand":[],"product_cat":[376,326,347,382],"product_tag":[],"class_list":{"0":"post-51209","1":"product","2":"type-product","3":"status-publish","4":"has-post-thumbnail","6":"product_cat-376","7":"product_cat-326","8":"product_cat-347","9":"product_cat-382","11":"first","12":"instock","13":"taxable","14":"shipping-taxable","15":"purchasable","16":"product-type-simple"},"_links":{"self":[{"href":"https:\/\/senabel.com\/sv\/wp-json\/wp\/v2\/product\/51209","targetHints":{"allow":["GET"]}}],"collection":[{"href":"https:\/\/senabel.com\/sv\/wp-json\/wp\/v2\/product"}],"about":[{"href":"https:\/\/senabel.com\/sv\/wp-json\/wp\/v2\/types\/product"}],"version-history":[{"count":1,"href":"https:\/\/senabel.com\/sv\/wp-json\/wp\/v2\/product\/51209\/revisions"}],"predecessor-version":[{"id":51213,"href":"https:\/\/senabel.com\/sv\/wp-json\/wp\/v2\/product\/51209\/revisions\/51213"}],"wp:featuredmedia":[{"embeddable":true,"href":"https:\/\/senabel.com\/sv\/wp-json\/wp\/v2\/media\/51210"}],"wp:attachment":[{"href":"https:\/\/senabel.com\/sv\/wp-json\/wp\/v2\/media?parent=51209"}],"wp:term":[{"taxonomy":"product_brand","embeddable":true,"href":"https:\/\/senabel.com\/sv\/wp-json\/wp\/v2\/product_brand?post=51209"},{"taxonomy":"product_cat","embeddable":true,"href":"https:\/\/senabel.com\/sv\/wp-json\/wp\/v2\/product_cat?post=51209"},{"taxonomy":"product_tag","embeddable":true,"href":"https:\/\/senabel.com\/sv\/wp-json\/wp\/v2\/product_tag?post=51209"}],"curies":[{"name":"wp","href":"https:\/\/api.w.org\/{rel}","templated":true}]}}