{"id":51189,"date":"2025-06-14T09:36:33","date_gmt":"2025-06-14T09:36:33","guid":{"rendered":"https:\/\/senabel.com\/?post_type=product&#038;p=51189"},"modified":"2025-10-02T19:28:45","modified_gmt":"2025-10-02T19:28:45","slug":"mjolkig-kaffekoppset-6-koppar-med-elegant-serveringsfat","status":"publish","type":"product","link":"https:\/\/senabel.com\/sv\/product\/milky-coffee-cup-set-6-cups-with-elegant-serving-saucer\/","title":{"rendered":"Milky Coffee Cup Set - 6 koppar med elegant serveringstallrik"},"content":{"rendered":"<p data-start=\"143\" data-end=\"356\">L\u00e4gg till en touch av stillsam elegans till dina kaffestunder med detta lyxiga kaffekoppsset i en lugnande mj\u00f6lkaktig f\u00e4rg och en klassisk design med guldkant. Setet levereras med en elegant serveringstallrik, vilket g\u00f6r det till ett perfekt val f\u00f6r sofistikerad g\u00e4stfrihet.<\/p>\n<p data-start=\"358\" data-end=\"376\"><strong data-start=\"358\" data-end=\"376\">Produktens egenskaper:<\/strong><\/p>\n<ul data-start=\"377\" data-end=\"585\">\n<li data-start=\"377\" data-end=\"433\">\n<p data-start=\"379\" data-end=\"433\">Lyxig, mj\u00f6lkf\u00e4rgad design med guldaccenter f\u00f6r en lyxig och elegant look<\/p>\n<\/li>\n<li data-start=\"434\" data-end=\"472\">\n<p data-start=\"436\" data-end=\"472\">Muggar med ergonomiska handtag och omsorgsfullt dekorerade<\/p>\n<\/li>\n<li data-start=\"473\" data-end=\"512\">\n<p data-start=\"475\" data-end=\"512\">Serveringstallrik i modern design f\u00f6r att komplettera setets sk\u00f6nhet<\/p>\n<\/li>\n<li data-start=\"513\" data-end=\"585\">\n<p data-start=\"515\" data-end=\"585\">Perfekt f\u00f6r servering av arabiskt eller turkiskt kaffe vid evenemang eller vardagliga sammankomster<\/p>\n<\/li>\n<\/ul>\n<p data-start=\"587\" data-end=\"605\"><strong data-start=\"587\" data-end=\"605\">Produktinformation:<\/strong><\/p>\n<ul data-start=\"606\" data-end=\"742\">\n<li data-start=\"606\" data-end=\"641\">\n<p data-start=\"608\" data-end=\"641\">Antal delar: 6 koppar + 6 serveringstallrikar<\/p>\n<\/li>\n<li data-start=\"642\" data-end=\"670\">\n<p data-start=\"644\" data-end=\"670\">F\u00e4rg: Mj\u00f6lkaktig med guldf\u00e4rgad kant<\/p>\n<\/li>\n<li data-start=\"671\" data-end=\"712\">\n<p data-start=\"673\" data-end=\"712\">F\u00f6rpackning: Lyxig vadderad l\u00e5da f\u00f6r att skydda kopparna<\/p>\n<\/li>\n<\/ul>\n<p data-start=\"744\" data-end=\"764\"><strong data-start=\"744\" data-end=\"764\">Sk\u00f6tselr\u00e5d:<\/strong><\/p>\n<ul data-start=\"765\" data-end=\"839\">\n<li data-start=\"765\" data-end=\"806\">\n<p data-start=\"767\" data-end=\"806\">Handtv\u00e4tt f\u00f6r att bevara guldf\u00e4rgen<\/p>\n<\/li>\n<li data-start=\"807\" data-end=\"839\">\n<p data-start=\"809\" data-end=\"839\">F\u00f6rvara p\u00e5 en s\u00e4ker plats f\u00f6r att f\u00f6rhindra att den g\u00e5r s\u00f6nder<\/p>\n<\/li>\n<\/ul>\n<p data-start=\"841\" data-end=\"918\" data-is-last-node=\"\" data-is-only-node=\"\">V\u00e4lj Sanabel Milky Coffee Cup Set f\u00f6r en g\u00e4stfrihetsupplevelse som kombinerar enkelhet och sofistikering.<\/p>","protected":false},"excerpt":{"rendered":"<p>L\u00e4gg till en touch av stillsam elegans till dina kaffestunder med detta lyxiga kaffekoppsset i en lugnande mj\u00f6lkaktig f\u00e4rg och en klassisk design med guldkant. Setet levereras med en elegant serveringstallrik, vilket g\u00f6r det till ett perfekt val f\u00f6r sofistikerad g\u00e4stfrihet.<\/p>","protected":false},"featured_media":51191,"template":"","meta":[],"product_brand":[],"product_cat":[282,326,227,347,382],"product_tag":[],"class_list":{"0":"post-51189","1":"product","2":"type-product","3":"status-publish","4":"has-post-thumbnail","6":"product_cat-282","7":"product_cat-326","8":"product_cat-227","9":"product_cat-347","10":"product_cat-382","12":"first","13":"outofstock","14":"sale","15":"taxable","16":"shipping-taxable","17":"purchasable","18":"product-type-simple"},"_links":{"self":[{"href":"https:\/\/senabel.com\/sv\/wp-json\/wp\/v2\/product\/51189","targetHints":{"allow":["GET"]}}],"collection":[{"href":"https:\/\/senabel.com\/sv\/wp-json\/wp\/v2\/product"}],"about":[{"href":"https:\/\/senabel.com\/sv\/wp-json\/wp\/v2\/types\/product"}],"version-history":[{"count":1,"href":"https:\/\/senabel.com\/sv\/wp-json\/wp\/v2\/product\/51189\/revisions"}],"predecessor-version":[{"id":51193,"href":"https:\/\/senabel.com\/sv\/wp-json\/wp\/v2\/product\/51189\/revisions\/51193"}],"wp:featuredmedia":[{"embeddable":true,"href":"https:\/\/senabel.com\/sv\/wp-json\/wp\/v2\/media\/51191"}],"wp:attachment":[{"href":"https:\/\/senabel.com\/sv\/wp-json\/wp\/v2\/media?parent=51189"}],"wp:term":[{"taxonomy":"product_brand","embeddable":true,"href":"https:\/\/senabel.com\/sv\/wp-json\/wp\/v2\/product_brand?post=51189"},{"taxonomy":"product_cat","embeddable":true,"href":"https:\/\/senabel.com\/sv\/wp-json\/wp\/v2\/product_cat?post=51189"},{"taxonomy":"product_tag","embeddable":true,"href":"https:\/\/senabel.com\/sv\/wp-json\/wp\/v2\/product_tag?post=51189"}],"curies":[{"name":"wp","href":"https:\/\/api.w.org\/{rel}","templated":true}]}}