{"id":51185,"date":"2025-05-22T14:05:38","date_gmt":"2025-05-22T14:05:38","guid":{"rendered":"https:\/\/senabel.com\/?post_type=product&#038;p=51185"},"modified":"2026-01-02T18:10:12","modified_gmt":"2026-01-02T18:10:12","slug":"glas-tekoppsset-6-delar","status":"publish","type":"product","link":"https:\/\/senabel.com\/sv\/product\/glass-tea-cup-set-6-pieces\/","title":{"rendered":"Set med tekoppar i glas - 6 delar"},"content":{"rendered":"<p data-start=\"117\" data-end=\"292\">Omfamna den autentiska orientaliska g\u00e4stfriheten med denna eleganta teservis i glas med 6 delar. Denna teservis har en klassisk, ergonomisk design med ett praktiskt handtag och erbjuder ett elegant och sofistikerat s\u00e4tt att servera te vid varje tillf\u00e4lle.<\/p>\n<p data-start=\"294\" data-end=\"312\"><strong data-start=\"294\" data-end=\"312\">Produktens egenskaper:<\/strong><\/p>\n<ul data-start=\"313\" data-end=\"480\">\n<li data-start=\"313\" data-end=\"368\">\n<p data-start=\"315\" data-end=\"368\">Elegant transparent design f\u00f6rh\u00f6jer utseendet p\u00e5 teet och ger en k\u00e4nsla av lyx<\/p>\n<\/li>\n<li data-start=\"369\" data-end=\"402\">\n<p data-start=\"371\" data-end=\"402\">Tillverkad av h\u00f6gkvalitativt och h\u00e5llbart glas<\/p>\n<\/li>\n<li data-start=\"403\" data-end=\"435\">\n<p data-start=\"405\" data-end=\"435\">Ergonomiskt handtag skyddar handen fr\u00e5n v\u00e4rme<\/p>\n<\/li>\n<li data-start=\"436\" data-end=\"480\">\n<p data-start=\"438\" data-end=\"480\">Idealisk f\u00f6r vardagsbruk eller representation<\/p>\n<\/li>\n<\/ul>\n<p data-start=\"482\" data-end=\"500\"><strong data-start=\"482\" data-end=\"500\">Produktinformation:<\/strong><\/p>\n<ul data-start=\"501\" data-end=\"639\">\n<li data-start=\"501\" data-end=\"521\">\n<p data-start=\"503\" data-end=\"521\">Antal delar: 6 glas\u00f6gon<\/p>\n<\/li>\n<li data-start=\"522\" data-end=\"550\">\n<p data-start=\"524\" data-end=\"550\">Artikel: V\u00e4rmebest\u00e4ndigt glas<\/p>\n<\/li>\n<li data-start=\"551\" data-end=\"587\">\n<p data-start=\"553\" data-end=\"587\">F\u00f6rpackning: Snygg kartong med illustrationer<\/p>\n<\/li>\n<li data-start=\"588\" data-end=\"639\">\n<p data-start=\"590\" data-end=\"639\">Kapaciteten f\u00f6r varje kopp: L\u00e4mplig f\u00f6r servering av arabiskt eller svart te<\/p>\n<\/li>\n<\/ul>\n<p data-start=\"641\" data-end=\"661\"><strong data-start=\"641\" data-end=\"661\">Sk\u00f6tselr\u00e5d:<\/strong><\/p>\n<ul data-start=\"662\" data-end=\"733\">\n<li data-start=\"662\" data-end=\"695\">\n<p data-start=\"664\" data-end=\"695\">Kan hanteras f\u00f6r hand och diskas i diskmaskin<\/p>\n<\/li>\n<li data-start=\"696\" data-end=\"733\">\n<p data-start=\"698\" data-end=\"733\">F\u00f6rvaras \u00e5tskilt fr\u00e5n st\u00f6tar f\u00f6r att undvika att den g\u00e5r s\u00f6nder<\/p>\n<\/li>\n<\/ul>\n<p data-start=\"735\" data-end=\"819\" data-is-last-node=\"\" data-is-only-node=\"\">V\u00e4lj detta set med tekoppar fr\u00e5n Sanabel f\u00f6r att servera ditt te p\u00e5 ett s\u00e4tt som \u00e4r b\u00e5de smakfullt och gener\u00f6st.<\/p>","protected":false},"excerpt":{"rendered":"<p>Omfamna den autentiska orientaliska g\u00e4stfriheten med denna eleganta teservis i glas med 6 delar. Denna teservis har en klassisk, ergonomisk design med ett praktiskt handtag och erbjuder ett elegant och sofistikerat s\u00e4tt att servera te vid varje tillf\u00e4lle.<\/p>","protected":false},"featured_media":51186,"template":"","meta":[],"product_brand":[],"product_cat":[373,326,347,382],"product_tag":[],"class_list":{"0":"post-51185","1":"product","2":"type-product","3":"status-publish","4":"has-post-thumbnail","6":"product_cat-373","7":"product_cat-326","8":"product_cat-347","9":"product_cat-382","11":"first","12":"outofstock","13":"taxable","14":"shipping-taxable","15":"purchasable","16":"product-type-simple"},"_links":{"self":[{"href":"https:\/\/senabel.com\/sv\/wp-json\/wp\/v2\/product\/51185","targetHints":{"allow":["GET"]}}],"collection":[{"href":"https:\/\/senabel.com\/sv\/wp-json\/wp\/v2\/product"}],"about":[{"href":"https:\/\/senabel.com\/sv\/wp-json\/wp\/v2\/types\/product"}],"version-history":[{"count":1,"href":"https:\/\/senabel.com\/sv\/wp-json\/wp\/v2\/product\/51185\/revisions"}],"predecessor-version":[{"id":51188,"href":"https:\/\/senabel.com\/sv\/wp-json\/wp\/v2\/product\/51185\/revisions\/51188"}],"wp:featuredmedia":[{"embeddable":true,"href":"https:\/\/senabel.com\/sv\/wp-json\/wp\/v2\/media\/51186"}],"wp:attachment":[{"href":"https:\/\/senabel.com\/sv\/wp-json\/wp\/v2\/media?parent=51185"}],"wp:term":[{"taxonomy":"product_brand","embeddable":true,"href":"https:\/\/senabel.com\/sv\/wp-json\/wp\/v2\/product_brand?post=51185"},{"taxonomy":"product_cat","embeddable":true,"href":"https:\/\/senabel.com\/sv\/wp-json\/wp\/v2\/product_cat?post=51185"},{"taxonomy":"product_tag","embeddable":true,"href":"https:\/\/senabel.com\/sv\/wp-json\/wp\/v2\/product_tag?post=51185"}],"curies":[{"name":"wp","href":"https:\/\/api.w.org\/{rel}","templated":true}]}}