{"id":51033,"date":"2025-05-17T12:40:34","date_gmt":"2025-05-17T12:40:34","guid":{"rendered":"https:\/\/senabel.com\/?post_type=product&#038;p=51033"},"modified":"2025-09-07T17:04:32","modified_gmt":"2025-09-07T17:04:32","slug":"kunafa-fyllning-for-dubai-choklad-150-g","status":"publish","type":"product","link":"https:\/\/senabel.com\/sv\/product\/kunafa-filling-for-dubai-chocolate-150g\/","title":{"rendered":"Kanafeh-fyllning med Nutella och pistagekr\u00e4m till Dubai Chocolate 150g"},"content":{"rendered":"<p class=\"\" data-start=\"128\" data-end=\"319\">Ta dina orientaliska desserter till en ny niv\u00e5 med Sweet Story's lyxiga Shukla Dubai Kunafa Filling. Ge dina recept en unik twist med denna Dubai-fyllning.<\/p>\n<p class=\"\" data-start=\"550\" data-end=\"568\"><strong data-start=\"550\" data-end=\"568\">Produktinformation:<\/strong><\/p>\n<ul data-start=\"569\" data-end=\"752\">\n<li class=\"\" data-start=\"569\" data-end=\"597\">\n<p class=\"\" data-start=\"571\" data-end=\"597\">\u00a0Typ: Dubai Choklad Kanafeh Fyllning<\/p>\n<\/li>\n<li class=\"\" data-start=\"639\" data-end=\"670\">\n<p class=\"\" data-start=\"641\" data-end=\"670\">Varum\u00e4rke: Sweet Story<\/p>\n<\/li>\n<li class=\"\" data-start=\"720\" data-end=\"752\">\n<p class=\"\" data-start=\"722\" data-end=\"752\">Nettovikt: 150g<\/p>\n<\/li>\n<\/ul>\n<p class=\"\" data-start=\"754\" data-end=\"824\"><strong data-start=\"754\" data-end=\"774\">F\u00f6rvaringsanvisningar:<\/strong><br \/>\nF\u00f6rvara p\u00e5 en sval och torr plats och st\u00e4ng ordentligt efter \u00f6ppnandet.<\/p>\n<p class=\"\" data-start=\"826\" data-end=\"908\">Ge dina desserter en lyxig touch med Dubai Chocolates Kanafeh-fyllning - nu tillg\u00e4nglig p\u00e5 Sanabel.<\/p>","protected":false},"excerpt":{"rendered":"<p>Ta dina orientaliska desserter till en ny niv\u00e5 med Sweet Story's lyxiga Shukla Dubai Kunafa Filling. Ge dina recept en unik twist med denna Dubai-fyllning.<\/p>","protected":false},"featured_media":51034,"template":"","meta":[],"product_brand":[],"product_cat":[349,304,347],"product_tag":[],"class_list":{"0":"post-51033","1":"product","2":"type-product","3":"status-publish","4":"has-post-thumbnail","6":"product_cat-349","7":"product_cat-304","8":"product_cat-347","10":"first","11":"outofstock","12":"taxable","13":"shipping-taxable","14":"purchasable","15":"product-type-simple"},"_links":{"self":[{"href":"https:\/\/senabel.com\/sv\/wp-json\/wp\/v2\/product\/51033","targetHints":{"allow":["GET"]}}],"collection":[{"href":"https:\/\/senabel.com\/sv\/wp-json\/wp\/v2\/product"}],"about":[{"href":"https:\/\/senabel.com\/sv\/wp-json\/wp\/v2\/types\/product"}],"version-history":[{"count":3,"href":"https:\/\/senabel.com\/sv\/wp-json\/wp\/v2\/product\/51033\/revisions"}],"predecessor-version":[{"id":51094,"href":"https:\/\/senabel.com\/sv\/wp-json\/wp\/v2\/product\/51033\/revisions\/51094"}],"wp:featuredmedia":[{"embeddable":true,"href":"https:\/\/senabel.com\/sv\/wp-json\/wp\/v2\/media\/51034"}],"wp:attachment":[{"href":"https:\/\/senabel.com\/sv\/wp-json\/wp\/v2\/media?parent=51033"}],"wp:term":[{"taxonomy":"product_brand","embeddable":true,"href":"https:\/\/senabel.com\/sv\/wp-json\/wp\/v2\/product_brand?post=51033"},{"taxonomy":"product_cat","embeddable":true,"href":"https:\/\/senabel.com\/sv\/wp-json\/wp\/v2\/product_cat?post=51033"},{"taxonomy":"product_tag","embeddable":true,"href":"https:\/\/senabel.com\/sv\/wp-json\/wp\/v2\/product_tag?post=51033"}],"curies":[{"name":"wp","href":"https:\/\/api.w.org\/{rel}","templated":true}]}}