{"id":50869,"date":"2025-05-08T14:33:00","date_gmt":"2025-05-08T14:33:00","guid":{"rendered":"https:\/\/senabel.com\/?post_type=product&#038;p=50869"},"modified":"2025-07-01T12:50:21","modified_gmt":"2025-07-01T12:50:21","slug":"mandelharissa-med-smak-av-vattenmelon-500g","status":"publish","type":"product","link":"https:\/\/senabel.com\/sv\/product\/watermelon-flavored-almond-harissa-500g\/","title":{"rendered":"Mandelharissa med smak av vattenmelon 500g"},"content":{"rendered":"<p class=\"\" data-start=\"97\" data-end=\"339\">Ge din g\u00e4stfrihet en touch av glamour med en lyxig mandelharissa i form av vackra vattenmelonskivor. Denna traditionella dessert har en rik och distinkt smak, gjord av en h\u00f6gkvalitativ blandning av naturliga mandlar och noggrant utvalda ingredienser, vilket ger den en mjuk konsistens och en of\u00f6rgl\u00f6mlig smak.<\/p>\n<p class=\"\" data-start=\"341\" data-end=\"359\"><strong data-start=\"341\" data-end=\"359\">Produktens egenskaper:<\/strong><\/p>\n<ul data-start=\"360\" data-end=\"522\">\n<li class=\"\" data-start=\"360\" data-end=\"393\">\n<p class=\"\" data-start=\"362\" data-end=\"393\">Tillverkad av malda naturliga mandlar<\/p>\n<\/li>\n<li class=\"\" data-start=\"394\" data-end=\"436\">\n<p class=\"\" data-start=\"396\" data-end=\"436\">Vattenmelonskivor Artisanal Collection<\/p>\n<\/li>\n<li class=\"\" data-start=\"437\" data-end=\"475\">\n<p class=\"\" data-start=\"439\" data-end=\"475\">L\u00e4mplig f\u00f6r servering vid evenemang och fester<\/p>\n<\/li>\n<li class=\"\" data-start=\"476\" data-end=\"522\">\n<p class=\"\" data-start=\"478\" data-end=\"522\">Individuellt f\u00f6rpackade f\u00f6r att s\u00e4kerst\u00e4lla hygien och enkel servering<\/p>\n<\/li>\n<\/ul>\n<p class=\"\" data-start=\"524\" data-end=\"542\"><strong data-start=\"524\" data-end=\"542\">Produktinformation:<\/strong><\/p>\n<ul data-start=\"543\" data-end=\"644\">\n<li class=\"\" data-start=\"543\" data-end=\"567\">\n<p class=\"\" data-start=\"545\" data-end=\"567\">Nettovikt: 500g<\/p>\n<\/li>\n<li>Antal bitar: Cirka 20-25 stycken per kilo<\/li>\n<li class=\"\" data-start=\"568\" data-end=\"602\">\n<p class=\"\" data-start=\"570\" data-end=\"602\">Formen: Vattenmelonformade mandelskivor<\/p>\n<\/li>\n<\/ul>\n<p class=\"\" data-start=\"646\" data-end=\"777\"><strong data-start=\"646\" data-end=\"666\">F\u00f6rvaringsanvisningar:<\/strong><br \/>\nF\u00f6rvara p\u00e5 en sval, torr plats, borta fr\u00e5n direkt solljus.<\/p>\n<p class=\"\" data-start=\"779\" data-end=\"877\">Njut av en unik upplevelse som kombinerar konstn\u00e4rskap och \u00e4kthet med vattenmelonsmakande mandelharissa fr\u00e5n Sanabel.<\/p>","protected":false},"excerpt":{"rendered":"<p>Ge din g\u00e4stfrihet en touch av glamour med en lyxig mandelharissa i form av vackra vattenmelonskivor. Denna traditionella dessert har en rik och distinkt smak, gjord av en h\u00f6gkvalitativ blandning av naturliga mandlar och noggrant utvalda ingredienser, vilket ger den en mjuk konsistens och en of\u00f6rgl\u00f6mlig smak.<\/p>","protected":false},"featured_media":50870,"template":"","meta":[],"product_brand":[],"product_cat":[347,299],"product_tag":[],"class_list":{"0":"post-50869","1":"product","2":"type-product","3":"status-publish","4":"has-post-thumbnail","6":"product_cat-347","7":"product_cat-299","9":"first","10":"outofstock","11":"featured","12":"taxable","13":"shipping-taxable","14":"purchasable","15":"product-type-simple"},"_links":{"self":[{"href":"https:\/\/senabel.com\/sv\/wp-json\/wp\/v2\/product\/50869","targetHints":{"allow":["GET"]}}],"collection":[{"href":"https:\/\/senabel.com\/sv\/wp-json\/wp\/v2\/product"}],"about":[{"href":"https:\/\/senabel.com\/sv\/wp-json\/wp\/v2\/types\/product"}],"version-history":[{"count":4,"href":"https:\/\/senabel.com\/sv\/wp-json\/wp\/v2\/product\/50869\/revisions"}],"predecessor-version":[{"id":53386,"href":"https:\/\/senabel.com\/sv\/wp-json\/wp\/v2\/product\/50869\/revisions\/53386"}],"wp:featuredmedia":[{"embeddable":true,"href":"https:\/\/senabel.com\/sv\/wp-json\/wp\/v2\/media\/50870"}],"wp:attachment":[{"href":"https:\/\/senabel.com\/sv\/wp-json\/wp\/v2\/media?parent=50869"}],"wp:term":[{"taxonomy":"product_brand","embeddable":true,"href":"https:\/\/senabel.com\/sv\/wp-json\/wp\/v2\/product_brand?post=50869"},{"taxonomy":"product_cat","embeddable":true,"href":"https:\/\/senabel.com\/sv\/wp-json\/wp\/v2\/product_cat?post=50869"},{"taxonomy":"product_tag","embeddable":true,"href":"https:\/\/senabel.com\/sv\/wp-json\/wp\/v2\/product_tag?post=50869"}],"curies":[{"name":"wp","href":"https:\/\/api.w.org\/{rel}","templated":true}]}}