{"id":50738,"date":"2025-04-29T16:02:56","date_gmt":"2025-04-29T16:02:56","guid":{"rendered":"https:\/\/senabel.com\/?post_type=product&#038;p=50738"},"modified":"2025-08-18T10:16:19","modified_gmt":"2025-08-18T10:16:19","slug":"god-al-sham-sesam-tahini","status":"publish","type":"product","link":"https:\/\/senabel.com\/sv\/product\/good-al-sham-sesame-tahini\/","title":{"rendered":"Good Cham Sesam Tahini 500g"},"content":{"rendered":"<p class=\"\" data-start=\"86\" data-end=\"120\"><strong data-start=\"86\" data-end=\"120\">Joud Al Sham Sesam Tahini - 500g<\/strong><\/p>\n<p class=\"\" data-start=\"122\" data-end=\"369\">Joud Al Sham Tahini har en autentisk och rik smak och \u00e4r tillverkad av 100% naturliga sesamfr\u00f6n som rostats och malts noggrant f\u00f6r att f\u00e5 en kr\u00e4mig konsistens och balanserad smak. Det \u00e4r en viktig ingrediens i det orientaliska k\u00f6ket och anv\u00e4nds i m\u00e5nga recept som hummus, marinader, s\u00e5ser eller som ett n\u00e4ringsrikt tillskott till frukosten.<\/p>\n<p class=\"\" data-start=\"371\" data-end=\"389\"><strong data-start=\"371\" data-end=\"389\">Produktens egenskaper:<\/strong><\/p>\n<ul data-start=\"390\" data-end=\"546\">\n<li class=\"\" data-start=\"390\" data-end=\"425\">\n<p class=\"\" data-start=\"392\" data-end=\"425\">Tillverkad med 100% ren sesam<\/p>\n<\/li>\n<li class=\"\" data-start=\"426\" data-end=\"459\">\n<p class=\"\" data-start=\"428\" data-end=\"459\">Inga tillsatser eller konserveringsmedel<\/p>\n<\/li>\n<li class=\"\" data-start=\"460\" data-end=\"486\">\n<p class=\"\" data-start=\"462\" data-end=\"486\">Mjuk konsistens och rik, distinkt smak<\/p>\n<\/li>\n<li class=\"\" data-start=\"487\" data-end=\"500\">\n<p class=\"\" data-start=\"489\" data-end=\"500\">Halal och certifierad<\/p>\n<\/li>\n<li class=\"\" data-start=\"501\" data-end=\"546\">\n<p class=\"\" data-start=\"503\" data-end=\"546\">L\u00e4mplig f\u00f6r b\u00e5de \u00f6stra och v\u00e4stra k\u00f6ket<\/p>\n<\/li>\n<\/ul>\n<p class=\"\" data-start=\"548\" data-end=\"566\"><strong data-start=\"548\" data-end=\"566\">Produktinformation:<\/strong><\/p>\n<ul data-start=\"567\" data-end=\"665\">\n<li class=\"\" data-start=\"567\" data-end=\"591\">\n<p class=\"\" data-start=\"569\" data-end=\"591\">Nettovikt: 500g<\/p>\n<\/li>\n<li class=\"\" data-start=\"592\" data-end=\"613\">\n<p class=\"\" data-start=\"594\" data-end=\"613\">Ingredienser: 100% Sesam<\/p>\n<\/li>\n<li class=\"\" data-start=\"614\" data-end=\"643\">\n<p class=\"\" data-start=\"616\" data-end=\"643\">Varum\u00e4rket: Good Cham<\/p>\n<\/li>\n<li class=\"\" data-start=\"644\" data-end=\"665\">\n<p class=\"\" data-start=\"646\" data-end=\"665\">Ursprungsland: Tyskland Tyskland<\/p>\n<\/li>\n<\/ul>\n<p class=\"\" data-start=\"667\" data-end=\"758\"><strong data-start=\"667\" data-end=\"685\">F\u00f6rvaringsmetoden:<\/strong> F\u00f6rvara p\u00e5 en sval, torr plats och r\u00f6r om v\u00e4l f\u00f6re anv\u00e4ndning f\u00f6r att s\u00e4kerst\u00e4lla en homogen konsistens.<\/p>\n<p class=\"\" data-start=\"760\" data-end=\"841\">L\u00e4gg till Joud Al Sham Tahini p\u00e5 ditt bord idag och njut av en autentisk orientalisk smak som \u00e4r full av f\u00f6rdelar och energi.<\/p>","protected":false},"excerpt":{"rendered":"<p>Joud Al Sham Tahini har en autentisk och rik smak och \u00e4r tillverkad av 100% naturliga sesamfr\u00f6n som rostats och malts noggrant f\u00f6r att f\u00e5 en kr\u00e4mig konsistens och balanserad smak. Det \u00e4r en viktig ingrediens i det orientaliska k\u00f6ket och anv\u00e4nds i m\u00e5nga recept som hummus, marinader, s\u00e5ser eller som ett n\u00e4ringsrikt tillskott till frukosten.<\/p>","protected":false},"featured_media":50739,"template":"","meta":[],"product_brand":[],"product_cat":[349,372,347],"product_tag":[],"class_list":{"0":"post-50738","1":"product","2":"type-product","3":"status-publish","4":"has-post-thumbnail","6":"product_cat-349","7":"product_cat-372","8":"product_cat-347","10":"first","11":"outofstock","12":"taxable","13":"shipping-taxable","14":"purchasable","15":"product-type-simple"},"_links":{"self":[{"href":"https:\/\/senabel.com\/sv\/wp-json\/wp\/v2\/product\/50738","targetHints":{"allow":["GET"]}}],"collection":[{"href":"https:\/\/senabel.com\/sv\/wp-json\/wp\/v2\/product"}],"about":[{"href":"https:\/\/senabel.com\/sv\/wp-json\/wp\/v2\/types\/product"}],"version-history":[{"count":1,"href":"https:\/\/senabel.com\/sv\/wp-json\/wp\/v2\/product\/50738\/revisions"}],"predecessor-version":[{"id":50740,"href":"https:\/\/senabel.com\/sv\/wp-json\/wp\/v2\/product\/50738\/revisions\/50740"}],"wp:featuredmedia":[{"embeddable":true,"href":"https:\/\/senabel.com\/sv\/wp-json\/wp\/v2\/media\/50739"}],"wp:attachment":[{"href":"https:\/\/senabel.com\/sv\/wp-json\/wp\/v2\/media?parent=50738"}],"wp:term":[{"taxonomy":"product_brand","embeddable":true,"href":"https:\/\/senabel.com\/sv\/wp-json\/wp\/v2\/product_brand?post=50738"},{"taxonomy":"product_cat","embeddable":true,"href":"https:\/\/senabel.com\/sv\/wp-json\/wp\/v2\/product_cat?post=50738"},{"taxonomy":"product_tag","embeddable":true,"href":"https:\/\/senabel.com\/sv\/wp-json\/wp\/v2\/product_tag?post=50738"}],"curies":[{"name":"wp","href":"https:\/\/api.w.org\/{rel}","templated":true}]}}