{"id":50642,"date":"2025-04-26T08:58:40","date_gmt":"2025-04-26T08:58:40","guid":{"rendered":"https:\/\/senabel.com\/?post_type=product&#038;p=50642"},"modified":"2025-08-22T23:39:57","modified_gmt":"2025-08-22T23:39:57","slug":"propolia-ekologiskt-terapeutiskt-schampo","status":"publish","type":"product","link":"https:\/\/senabel.com\/sv\/product\/propolia-organic-therapeutic-shampoo\/","title":{"rendered":"Propolia Naturligt Terapeutiskt Schampo"},"content":{"rendered":"<p class=\"\" data-start=\"42\" data-end=\"83\"><strong data-start=\"42\" data-end=\"83\">Propolia Naturligt terapeutiskt schampo - 200ml<\/strong><\/p>\n<p class=\"\" data-start=\"85\" data-end=\"281\">Naturlig renhet f\u00f6r ett friskt och balanserat h\u00e5r. Propolia Therapeutic Shampoo \u00e4r berikat med propolis, honung, lera och enb\u00e4rsolja och \u00e4r speciellt utformat f\u00f6r att rena h\u00e5rbotten och reglera talg, samtidigt som h\u00e5ret h\u00e5lls mjukt och bekv\u00e4mt.<\/p>\n<p class=\"\" data-start=\"283\" data-end=\"466\">En mild, naturlig formula som reng\u00f6r p\u00e5 djupet utan att torka ut, vilket g\u00f6r den idealisk f\u00f6r normalt till fett h\u00e5r. Tack vare de antiseptiska och naturligt antiseptiska egenskaperna hos ingredienserna lindrar den kl\u00e5da och reng\u00f6r h\u00e5rbotten.<\/p>\n<p class=\"\" data-start=\"468\" data-end=\"487\"><strong data-start=\"468\" data-end=\"487\">Schampoets egenskaper:<\/strong><\/p>\n<ul data-start=\"488\" data-end=\"708\">\n<li class=\"\" data-start=\"488\" data-end=\"544\">\n<p class=\"\" data-start=\"490\" data-end=\"544\">Inneh\u00e5ller propolis och honung f\u00f6r att rena h\u00e5rbotten och ge n\u00e4ring \u00e5t h\u00e5ret<\/p>\n<\/li>\n<li class=\"\" data-start=\"545\" data-end=\"594\">\n<p class=\"\" data-start=\"547\" data-end=\"594\">En naturlig lera som hj\u00e4lper till att absorbera olja och rena porer<\/p>\n<\/li>\n<li class=\"\" data-start=\"595\" data-end=\"634\">\n<p class=\"\" data-start=\"597\" data-end=\"634\">Lugnande enb\u00e4rsolja minskar irritation i h\u00e5rbotten<\/p>\n<\/li>\n<li class=\"\" data-start=\"635\" data-end=\"682\">\n<p class=\"\" data-start=\"637\" data-end=\"682\">Cosmebios BIO-certifierade naturliga formel<\/p>\n<\/li>\n<li class=\"\" data-start=\"683\" data-end=\"708\">\n<p class=\"\" data-start=\"685\" data-end=\"708\">L\u00e4mplig f\u00f6r frekvent anv\u00e4ndning<\/p>\n<\/li>\n<\/ul>\n<p class=\"\" data-start=\"710\" data-end=\"728\"><strong data-start=\"710\" data-end=\"728\">Produktinformation:<\/strong><\/p>\n<ul data-start=\"729\" data-end=\"823\">\n<li class=\"\" data-start=\"729\" data-end=\"744\">\n<p class=\"\" data-start=\"731\" data-end=\"744\">Storlek: 200ml<\/p>\n<\/li>\n<li class=\"\" data-start=\"745\" data-end=\"770\">\n<p class=\"\" data-start=\"747\" data-end=\"770\">Typ: Naturligt terapeutiskt schampo<\/p>\n<\/li>\n<li class=\"\" data-start=\"771\" data-end=\"803\">\n<p class=\"\" data-start=\"773\" data-end=\"803\">L\u00e4mplig f\u00f6r: F\u00f6r normalt till fett h\u00e5r<\/p>\n<\/li>\n<li class=\"\" data-start=\"804\" data-end=\"823\">\n<p class=\"\" data-start=\"806\" data-end=\"823\">Land av ursprung: Frankrike<\/p>\n<\/li>\n<\/ul>\n<p class=\"\" data-start=\"825\" data-end=\"937\"><strong data-start=\"825\" data-end=\"845\">Hur man anv\u00e4nder den:<\/strong> Applicera i fuktigt h\u00e5r, massera f\u00f6rsiktigt in i h\u00e5rbotten och sk\u00f6lj sedan noggrant. Upprepa vid behov.<\/p>","protected":false},"excerpt":{"rendered":"<p>Naturlig renhet f\u00f6r ett friskt och balanserat h\u00e5r. Propolia Therapeutic Shampoo \u00e4r berikat med propolis, honung, lera och enb\u00e4rsolja och \u00e4r speciellt utformat f\u00f6r att rena h\u00e5rbotten och reglera talg, samtidigt som h\u00e5ret h\u00e5lls mjukt och bekv\u00e4mt.<\/p>","protected":false},"featured_media":50643,"template":"","meta":[],"product_brand":[],"product_cat":[369,347],"product_tag":[],"class_list":{"0":"post-50642","1":"product","2":"type-product","3":"status-publish","4":"has-post-thumbnail","6":"product_cat-369","7":"product_cat-347","9":"first","10":"outofstock","11":"taxable","12":"shipping-taxable","13":"purchasable","14":"product-type-simple"},"_links":{"self":[{"href":"https:\/\/senabel.com\/sv\/wp-json\/wp\/v2\/product\/50642","targetHints":{"allow":["GET"]}}],"collection":[{"href":"https:\/\/senabel.com\/sv\/wp-json\/wp\/v2\/product"}],"about":[{"href":"https:\/\/senabel.com\/sv\/wp-json\/wp\/v2\/types\/product"}],"version-history":[{"count":1,"href":"https:\/\/senabel.com\/sv\/wp-json\/wp\/v2\/product\/50642\/revisions"}],"predecessor-version":[{"id":50644,"href":"https:\/\/senabel.com\/sv\/wp-json\/wp\/v2\/product\/50642\/revisions\/50644"}],"wp:featuredmedia":[{"embeddable":true,"href":"https:\/\/senabel.com\/sv\/wp-json\/wp\/v2\/media\/50643"}],"wp:attachment":[{"href":"https:\/\/senabel.com\/sv\/wp-json\/wp\/v2\/media?parent=50642"}],"wp:term":[{"taxonomy":"product_brand","embeddable":true,"href":"https:\/\/senabel.com\/sv\/wp-json\/wp\/v2\/product_brand?post=50642"},{"taxonomy":"product_cat","embeddable":true,"href":"https:\/\/senabel.com\/sv\/wp-json\/wp\/v2\/product_cat?post=50642"},{"taxonomy":"product_tag","embeddable":true,"href":"https:\/\/senabel.com\/sv\/wp-json\/wp\/v2\/product_tag?post=50642"}],"curies":[{"name":"wp","href":"https:\/\/api.w.org\/{rel}","templated":true}]}}