{"id":50596,"date":"2025-04-24T13:54:39","date_gmt":"2025-04-24T13:54:39","guid":{"rendered":"https:\/\/senabel.com\/?post_type=product&#038;p=50596"},"modified":"2025-07-07T10:19:22","modified_gmt":"2025-07-07T10:19:22","slug":"1000-g-malt-kaffe","status":"publish","type":"product","link":"https:\/\/senabel.com\/sv\/product\/1000g-ground-coffee\/","title":{"rendered":"Malt svart kaffe 1000g"},"content":{"rendered":"<p class=\"\" data-start=\"41\" data-end=\"78\"><strong data-start=\"41\" data-end=\"76\">Malt vanligt kaffe - 1000g<\/strong><\/p>\n<ul data-start=\"79\" data-end=\"319\">\n<li class=\"\" data-start=\"79\" data-end=\"138\">\n<p class=\"\" data-start=\"81\" data-end=\"138\">Rikt kaffe med djup smak och balanserad sammans\u00e4ttning f\u00f6r \u00e4lskare av starka smaker<\/p>\n<\/li>\n<li class=\"\" data-start=\"139\" data-end=\"192\">\n<p class=\"\" data-start=\"141\" data-end=\"192\">Noggrannt rostade f\u00f6r att s\u00e4kerst\u00e4lla den perfekta graden av doneness och m\u00f6rhet<\/p>\n<\/li>\n<li class=\"\" data-start=\"193\" data-end=\"257\">\n<p class=\"\" data-start=\"195\" data-end=\"257\">Finmalt f\u00f6r att bevara den ursprungliga smaken och aromen<\/p>\n<\/li>\n<li class=\"\" data-start=\"258\" data-end=\"319\">\n<p class=\"\" data-start=\"260\" data-end=\"319\">Perfekt f\u00f6r arabiskt, turkiskt eller svart kaffe<\/p>\n<\/li>\n<\/ul>\n<p class=\"\" data-start=\"321\" data-end=\"524\"><strong data-start=\"321\" data-end=\"339\">Produktinformation:<\/strong><br data-start=\"339\" data-end=\"342\" \/>Nettovikt: 1000 gram<br data-start=\"365\" data-end=\"368\" \/>Typ av kaffe Malt kaffe<br data-start=\"399\" data-end=\"402\" \/>Ingredienser: Malda rostade kaffeb\u00f6nor<\/p>\n<p class=\"\" data-start=\"526\" data-end=\"661\"><strong data-start=\"526\" data-end=\"546\">F\u00f6rvaringsanvisningar:<\/strong><br data-start=\"546\" data-end=\"549\" \/>F\u00f6rvaras svalt, torrt och skyddat fr\u00e5n fukt och solljus<br data-start=\"603\" data-end=\"606\" \/>F\u00f6rvara i en luftt\u00e4t beh\u00e5llare efter \u00f6ppnandet f\u00f6r att bevara kvaliteten<\/p>\n<p class=\"\" data-start=\"663\" data-end=\"742\">B\u00f6rja din morgon med en of\u00f6rgl\u00f6mlig smak med vanligt kaffe - expertens val f\u00f6r \u00e4kta kaffe\u00e4lskare.<\/p>","protected":false},"excerpt":{"rendered":"<p>Finmalt f\u00f6r att bevara den ursprungliga smaken och aromen<\/p>","protected":false},"featured_media":50590,"template":"","meta":[],"product_brand":[],"product_cat":[282,227],"product_tag":[],"class_list":{"0":"post-50596","1":"product","2":"type-product","3":"status-publish","4":"has-post-thumbnail","6":"product_cat-282","7":"product_cat-227","9":"first","10":"outofstock","11":"sale","12":"taxable","13":"shipping-taxable","14":"purchasable","15":"product-type-simple"},"_links":{"self":[{"href":"https:\/\/senabel.com\/sv\/wp-json\/wp\/v2\/product\/50596","targetHints":{"allow":["GET"]}}],"collection":[{"href":"https:\/\/senabel.com\/sv\/wp-json\/wp\/v2\/product"}],"about":[{"href":"https:\/\/senabel.com\/sv\/wp-json\/wp\/v2\/types\/product"}],"version-history":[{"count":1,"href":"https:\/\/senabel.com\/sv\/wp-json\/wp\/v2\/product\/50596\/revisions"}],"predecessor-version":[{"id":50597,"href":"https:\/\/senabel.com\/sv\/wp-json\/wp\/v2\/product\/50596\/revisions\/50597"}],"wp:featuredmedia":[{"embeddable":true,"href":"https:\/\/senabel.com\/sv\/wp-json\/wp\/v2\/media\/50590"}],"wp:attachment":[{"href":"https:\/\/senabel.com\/sv\/wp-json\/wp\/v2\/media?parent=50596"}],"wp:term":[{"taxonomy":"product_brand","embeddable":true,"href":"https:\/\/senabel.com\/sv\/wp-json\/wp\/v2\/product_brand?post=50596"},{"taxonomy":"product_cat","embeddable":true,"href":"https:\/\/senabel.com\/sv\/wp-json\/wp\/v2\/product_cat?post=50596"},{"taxonomy":"product_tag","embeddable":true,"href":"https:\/\/senabel.com\/sv\/wp-json\/wp\/v2\/product_tag?post=50596"}],"curies":[{"name":"wp","href":"https:\/\/api.w.org\/{rel}","templated":true}]}}