{"id":50387,"date":"2025-04-12T12:52:16","date_gmt":"2025-04-12T12:52:16","guid":{"rendered":"https:\/\/senabel.com\/?post_type=product&#038;p=50387"},"modified":"2025-11-12T19:49:44","modified_gmt":"2025-11-12T19:49:44","slug":"hogkvalitativt-kolbrannare","status":"publish","type":"product","link":"https:\/\/senabel.com\/sv\/product\/high-quality-charcoal-incense-burner\/","title":{"rendered":"Magnetisk f\u00f6r\u00e5ngare av h\u00f6g kvalitet"},"content":{"rendered":"<p class=\"\" data-start=\"93\" data-end=\"138\"><strong data-start=\"93\" data-end=\"136\">Kol- och r\u00f6kelsebr\u00e4nnare - Snygg design och h\u00f6g kvalitet<\/strong><\/p>\n<ul data-start=\"139\" data-end=\"388\">\n<li class=\"\" data-start=\"139\" data-end=\"191\">\n<p class=\"\" data-start=\"141\" data-end=\"191\">Praktisk och snygg design som passar alla typer av tr\u00e4kol och r\u00f6kelse<\/p>\n<\/li>\n<li class=\"\" data-start=\"192\" data-end=\"231\">\n<p class=\"\" data-start=\"194\" data-end=\"231\">Tillverkad av h\u00e5llbara, v\u00e4rmebest\u00e4ndiga material<\/p>\n<\/li>\n<li class=\"\" data-start=\"232\" data-end=\"288\">\n<p class=\"\" data-start=\"234\" data-end=\"288\">Ger balanserad luktf\u00f6rdelning och \u00e4r enkel att anv\u00e4nda<\/p>\n<\/li>\n<li class=\"\" data-start=\"289\" data-end=\"338\">\n<p class=\"\" data-start=\"291\" data-end=\"338\">Idealisk f\u00f6r anv\u00e4ndning i hemmet, p\u00e5 kontoret eller i majlis<\/p>\n<\/li>\n<li class=\"\" data-start=\"339\" data-end=\"388\">\n<p class=\"\" data-start=\"341\" data-end=\"388\">L\u00e4mplig storlek f\u00f6r anv\u00e4ndning i farten eller i vardagen<\/p>\n<\/li>\n<\/ul>\n<p class=\"\" data-start=\"390\" data-end=\"550\"><strong data-start=\"390\" data-end=\"408\">Produktinformation:<\/strong><br data-start=\"408\" data-end=\"411\" \/>Typ: Kol- och r\u00f6kelsebr\u00e4nnare<br data-start=\"437\" data-end=\"440\" \/>Materialet: V\u00e4rmebest\u00e4ndigt av h\u00f6g kvalitet<br data-start=\"473\" data-end=\"476\" \/>Anv\u00e4ndning: Idealisk f\u00f6r r\u00f6kelse, tr\u00e4kol och frankincense<br data-start=\"516\" data-end=\"519\" \/>skick: Ny och s\u00e4kert f\u00f6rpackad<\/p>\n<p class=\"\" data-start=\"552\" data-end=\"723\"><strong data-start=\"552\" data-end=\"574\">Instruktioner f\u00f6r anv\u00e4ndning:<\/strong><br data-start=\"574\" data-end=\"577\" \/>Placera f\u00f6r\u00e5ngaren p\u00e5 en s\u00e4ker, plan yta<br data-start=\"608\" data-end=\"611\" \/>T\u00e4nd grillkolen och placera den p\u00e5 avsedd plats i r\u00f6kelsebr\u00e4nnaren<br data-start=\"657\" data-end=\"660\" \/>L\u00e4gg till r\u00f6kelse eller frankincense efter att kolet har t\u00e4nts f\u00f6r b\u00e4sta arom<\/p>\n<p class=\"\" data-start=\"725\" data-end=\"808\">L\u00e4gg till en autentisk orientalisk touch till din atmosf\u00e4r med Sanabels r\u00f6kelsebr\u00e4nnare - elegans och arom i ett.<\/p>","protected":false},"excerpt":{"rendered":"<p>R\u00f6kelsebr\u00e4nnare f\u00f6r tr\u00e4kol Praktisk och snygg design som passar alla typer av tr\u00e4kol och r\u00f6kelse<\/p>","protected":false},"featured_media":50388,"template":"","meta":[],"product_brand":[],"product_cat":[347,382],"product_tag":[],"class_list":{"0":"post-50387","1":"product","2":"type-product","3":"status-publish","4":"has-post-thumbnail","6":"product_cat-347","7":"product_cat-382","9":"first","10":"outofstock","11":"sale","12":"taxable","13":"shipping-taxable","14":"purchasable","15":"product-type-simple"},"_links":{"self":[{"href":"https:\/\/senabel.com\/sv\/wp-json\/wp\/v2\/product\/50387","targetHints":{"allow":["GET"]}}],"collection":[{"href":"https:\/\/senabel.com\/sv\/wp-json\/wp\/v2\/product"}],"about":[{"href":"https:\/\/senabel.com\/sv\/wp-json\/wp\/v2\/types\/product"}],"version-history":[{"count":5,"href":"https:\/\/senabel.com\/sv\/wp-json\/wp\/v2\/product\/50387\/revisions"}],"predecessor-version":[{"id":50781,"href":"https:\/\/senabel.com\/sv\/wp-json\/wp\/v2\/product\/50387\/revisions\/50781"}],"wp:featuredmedia":[{"embeddable":true,"href":"https:\/\/senabel.com\/sv\/wp-json\/wp\/v2\/media\/50388"}],"wp:attachment":[{"href":"https:\/\/senabel.com\/sv\/wp-json\/wp\/v2\/media?parent=50387"}],"wp:term":[{"taxonomy":"product_brand","embeddable":true,"href":"https:\/\/senabel.com\/sv\/wp-json\/wp\/v2\/product_brand?post=50387"},{"taxonomy":"product_cat","embeddable":true,"href":"https:\/\/senabel.com\/sv\/wp-json\/wp\/v2\/product_cat?post=50387"},{"taxonomy":"product_tag","embeddable":true,"href":"https:\/\/senabel.com\/sv\/wp-json\/wp\/v2\/product_tag?post=50387"}],"curies":[{"name":"wp","href":"https:\/\/api.w.org\/{rel}","templated":true}]}}